{"id":12853,"date":"2014-10-01T16:38:40","date_gmt":"2014-10-01T15:38:40","guid":{"rendered":"http:\/\/www.vize.cz\/kontakty-2\/"},"modified":"2016-05-03T18:47:25","modified_gmt":"2016-05-03T17:47:25","slug":"contacts","status":"publish","type":"page","link":"https:\/\/www.vize.cz\/en\/contacts\/","title":{"rendered":"Contacts"},"content":{"rendered":"<p>Nadace Dagmar a V\u00e1clava Havlov\u00fdch VIZE 97<br \/>\nVor\u0161ilsk\u00e1 10, 110 00 Praha 1<br \/>\nCzech Republic<\/p>\n<p>Tel.: +420 234 097 811<br \/>\nFax: +420 234 097 812<\/p>\n<p>www: <a href=\"https:\/\/www.vize.cz\">www.vize.cz<\/a><br \/>\nwww: <a href=\"https:\/\/www.prazskakrizovatka.cz\">www.prazskakrizovatka.cz<\/a>, <a href=\"https:\/\/www.vaclavhavel.com\" target=\"_blank\">www.vaclavhavel.com<\/a><br \/>\nfacebook: <a href=\"https:\/\/www.facebook.com\/nadacevize97\">www.facebook.com\/nadacevize97<\/a><br \/>\ne-mail: <a href=\"mailto:nadace@vize.cz\">nadace@vize.cz<\/a><\/p>\n<p>Bankovn\u00ed spojen\u00ed<br \/>\nCZK 2102134586\/2700<br \/>\nEUR 2102134789\/2700 (IBAN: CZ82 2700 0000 0021 0213 4789)<br \/>\nUSD 2102134842\/2700 (IBAN: CZ09 2700 0000 0021 0213 4842)<br \/>\nSWIFT Code: BACXCZPP<\/p>\n<p>I\u010cO: 66002940<br \/>\nDI\u010c: CZ66002940<\/p>\n<p>Fotografick\u00e1 dekorace: \u00a9 2006 Rossano B. Maniscalchi<\/p>\n","protected":false},"excerpt":{"rendered":"<p>Nadace Dagmar a V\u00e1clava Havlov\u00fdch VIZE 97 Vor\u0161ilsk\u00e1 10, 110 00 Praha 1 Czech Republic Tel.: +420 234 097 811&#8230;<\/p>\n","protected":false},"author":25,"featured_media":0,"parent":0,"menu_order":0,"comment_status":"open","ping_status":"open","template":"","meta":{"_acf_changed":false,"footnotes":""},"class_list":["post-12853","page","type-page","status-publish","hentry"],"acf":[],"yoast_head":"<!-- This site is optimized with the Yoast SEO plugin v26.7 - https:\/\/yoast.com\/wordpress\/plugins\/seo\/ -->\n<title>Contacts - Vize 97<\/title>\n<meta name=\"robots\" content=\"index, follow, max-snippet:-1, max-image-preview:large, max-video-preview:-1\" \/>\n<link rel=\"canonical\" href=\"https:\/\/www.vize.cz\/en\/contacts\/\" \/>\n<meta property=\"og:locale\" content=\"en_US\" \/>\n<meta property=\"og:type\" content=\"article\" \/>\n<meta property=\"og:title\" content=\"Contacts - Vize 97\" \/>\n<meta property=\"og:description\" content=\"Nadace Dagmar a V\u00e1clava Havlov\u00fdch VIZE 97 Vor\u0161ilsk\u00e1 10, 110 00 Praha 1 Czech Republic Tel.: +420 234 097 811...\" \/>\n<meta property=\"og:url\" content=\"https:\/\/www.vize.cz\/en\/contacts\/\" \/>\n<meta property=\"og:site_name\" content=\"Vize 97\" \/>\n<meta property=\"article:modified_time\" content=\"2016-05-03T17:47:25+00:00\" \/>\n<script type=\"application\/ld+json\" class=\"yoast-schema-graph\">{\"@context\":\"https:\/\/schema.org\",\"@graph\":[{\"@type\":\"WebPage\",\"@id\":\"https:\/\/www.vize.cz\/en\/contacts\/\",\"url\":\"https:\/\/www.vize.cz\/en\/contacts\/\",\"name\":\"Contacts - Vize 97\",\"isPartOf\":{\"@id\":\"https:\/\/www.vize.cz\/#website\"},\"datePublished\":\"2014-10-01T15:38:40+00:00\",\"dateModified\":\"2016-05-03T17:47:25+00:00\",\"breadcrumb\":{\"@id\":\"https:\/\/www.vize.cz\/en\/contacts\/#breadcrumb\"},\"inLanguage\":\"en-US\",\"potentialAction\":[{\"@type\":\"ReadAction\",\"target\":[\"https:\/\/www.vize.cz\/en\/contacts\/\"]}]},{\"@type\":\"BreadcrumbList\",\"@id\":\"https:\/\/www.vize.cz\/en\/contacts\/#breadcrumb\",\"itemListElement\":[{\"@type\":\"ListItem\",\"position\":1,\"name\":\"\u00davod\",\"item\":\"https:\/\/www.vize.cz\/en\/\"},{\"@type\":\"ListItem\",\"position\":2,\"name\":\"Contacts\"}]},{\"@type\":\"WebSite\",\"@id\":\"https:\/\/www.vize.cz\/#website\",\"url\":\"https:\/\/www.vize.cz\/\",\"name\":\"Vize 97\",\"description\":\"\",\"potentialAction\":[{\"@type\":\"SearchAction\",\"target\":{\"@type\":\"EntryPoint\",\"urlTemplate\":\"https:\/\/www.vize.cz\/?s={search_term_string}\"},\"query-input\":{\"@type\":\"PropertyValueSpecification\",\"valueRequired\":true,\"valueName\":\"search_term_string\"}}],\"inLanguage\":\"en-US\"}]}<\/script>\n<!-- \/ Yoast SEO plugin. -->","yoast_head_json":{"title":"Contacts - Vize 97","robots":{"index":"index","follow":"follow","max-snippet":"max-snippet:-1","max-image-preview":"max-image-preview:large","max-video-preview":"max-video-preview:-1"},"canonical":"https:\/\/www.vize.cz\/en\/contacts\/","og_locale":"en_US","og_type":"article","og_title":"Contacts - Vize 97","og_description":"Nadace Dagmar a V\u00e1clava Havlov\u00fdch VIZE 97 Vor\u0161ilsk\u00e1 10, 110 00 Praha 1 Czech Republic Tel.: +420 234 097 811...","og_url":"https:\/\/www.vize.cz\/en\/contacts\/","og_site_name":"Vize 97","article_modified_time":"2016-05-03T17:47:25+00:00","schema":{"@context":"https:\/\/schema.org","@graph":[{"@type":"WebPage","@id":"https:\/\/www.vize.cz\/en\/contacts\/","url":"https:\/\/www.vize.cz\/en\/contacts\/","name":"Contacts - Vize 97","isPartOf":{"@id":"https:\/\/www.vize.cz\/#website"},"datePublished":"2014-10-01T15:38:40+00:00","dateModified":"2016-05-03T17:47:25+00:00","breadcrumb":{"@id":"https:\/\/www.vize.cz\/en\/contacts\/#breadcrumb"},"inLanguage":"en-US","potentialAction":[{"@type":"ReadAction","target":["https:\/\/www.vize.cz\/en\/contacts\/"]}]},{"@type":"BreadcrumbList","@id":"https:\/\/www.vize.cz\/en\/contacts\/#breadcrumb","itemListElement":[{"@type":"ListItem","position":1,"name":"\u00davod","item":"https:\/\/www.vize.cz\/en\/"},{"@type":"ListItem","position":2,"name":"Contacts"}]},{"@type":"WebSite","@id":"https:\/\/www.vize.cz\/#website","url":"https:\/\/www.vize.cz\/","name":"Vize 97","description":"","potentialAction":[{"@type":"SearchAction","target":{"@type":"EntryPoint","urlTemplate":"https:\/\/www.vize.cz\/?s={search_term_string}"},"query-input":{"@type":"PropertyValueSpecification","valueRequired":true,"valueName":"search_term_string"}}],"inLanguage":"en-US"}]}},"_links":{"self":[{"href":"https:\/\/www.vize.cz\/en\/wp-json\/wp\/v2\/pages\/12853","targetHints":{"allow":["GET"]}}],"collection":[{"href":"https:\/\/www.vize.cz\/en\/wp-json\/wp\/v2\/pages"}],"about":[{"href":"https:\/\/www.vize.cz\/en\/wp-json\/wp\/v2\/types\/page"}],"author":[{"embeddable":true,"href":"https:\/\/www.vize.cz\/en\/wp-json\/wp\/v2\/users\/25"}],"replies":[{"embeddable":true,"href":"https:\/\/www.vize.cz\/en\/wp-json\/wp\/v2\/comments?post=12853"}],"version-history":[{"count":4,"href":"https:\/\/www.vize.cz\/en\/wp-json\/wp\/v2\/pages\/12853\/revisions"}],"predecessor-version":[{"id":13139,"href":"https:\/\/www.vize.cz\/en\/wp-json\/wp\/v2\/pages\/12853\/revisions\/13139"}],"wp:attachment":[{"href":"https:\/\/www.vize.cz\/en\/wp-json\/wp\/v2\/media?parent=12853"}],"curies":[{"name":"wp","href":"https:\/\/api.w.org\/{rel}","templated":true}]}}