{"id":13163,"date":"2016-05-04T11:20:54","date_gmt":"2016-05-04T10:20:54","guid":{"rendered":"http:\/\/www.vize.cz\/en\/?page_id=13163"},"modified":"2025-08-11T12:12:36","modified_gmt":"2025-08-11T10:12:36","slug":"boards","status":"publish","type":"page","link":"https:\/\/www.vize.cz\/en\/us\/boards\/","title":{"rendered":"Boards"},"content":{"rendered":"<h3>Board of Trustees<\/h3>\n<ul>\n<li><strong>Mgr. Dagmar Havlov\u00e1, Chair of the Board of Trustees\u00a0<\/strong><\/li>\n<li>MUDr. Tom\u00e1\u0161 Bouzek<\/li>\n<li>Dr. Borek Severa<\/li>\n<li>PhDr. Helena Koenigsmarkov\u00e1<\/li>\n<li>MgA. Eli\u0161ka Kaplick\u00fd Fuchsov\u00e1<\/li>\n<li>Ing. Michaela Spirovov\u00e1<\/li>\n<li>Michaela Bastien<\/li>\n<li>Ing. Vladim\u00edr Olmr<\/li>\n<li>JUDr. Ond\u0159ej David<\/li>\n<\/ul>\n<h3>Supervisory Board<\/h3>\n<ul>\n<li>PhDr. Tom\u00e1\u0161 Sedl\u00e1\u010dek<\/li>\n<li>JUDr. Franti\u0161ek Vysko\u010dil<\/li>\n<li>Zden\u011bk L\u00e1\u017eek<\/li>\n<\/ul>\n","protected":false},"excerpt":{"rendered":"<p>Board of Trustees Mgr. Dagmar Havlov\u00e1, Chair of the Board of Trustees\u00a0 MUDr. Tom\u00e1\u0161 Bouzek Dr. Borek Severa PhDr. Helena&#8230;<\/p>\n","protected":false},"author":25,"featured_media":0,"parent":13159,"menu_order":0,"comment_status":"open","ping_status":"open","template":"","meta":{"_acf_changed":false,"footnotes":""},"class_list":["post-13163","page","type-page","status-publish","hentry"],"acf":[],"yoast_head":"<!-- This site is optimized with the Yoast SEO plugin v26.7 - https:\/\/yoast.com\/wordpress\/plugins\/seo\/ -->\n<title>Boards - Vize 97<\/title>\n<meta name=\"robots\" content=\"index, follow, max-snippet:-1, max-image-preview:large, max-video-preview:-1\" \/>\n<link rel=\"canonical\" href=\"https:\/\/www.vize.cz\/en\/us\/boards\/\" \/>\n<meta property=\"og:locale\" content=\"en_US\" \/>\n<meta property=\"og:type\" content=\"article\" \/>\n<meta property=\"og:title\" content=\"Boards - Vize 97\" \/>\n<meta property=\"og:description\" content=\"Board of Trustees Mgr. Dagmar Havlov\u00e1, Chair of the Board of Trustees\u00a0 MUDr. Tom\u00e1\u0161 Bouzek Dr. Borek Severa PhDr. Helena...\" \/>\n<meta property=\"og:url\" content=\"https:\/\/www.vize.cz\/en\/us\/boards\/\" \/>\n<meta property=\"og:site_name\" content=\"Vize 97\" \/>\n<meta property=\"article:modified_time\" content=\"2025-08-11T10:12:36+00:00\" \/>\n<meta name=\"twitter:label1\" content=\"Est. reading time\" \/>\n\t<meta name=\"twitter:data1\" content=\"1 minute\" \/>\n<script type=\"application\/ld+json\" class=\"yoast-schema-graph\">{\"@context\":\"https:\/\/schema.org\",\"@graph\":[{\"@type\":\"WebPage\",\"@id\":\"https:\/\/www.vize.cz\/en\/us\/boards\/\",\"url\":\"https:\/\/www.vize.cz\/en\/us\/boards\/\",\"name\":\"Boards - Vize 97\",\"isPartOf\":{\"@id\":\"https:\/\/www.vize.cz\/#website\"},\"datePublished\":\"2016-05-04T10:20:54+00:00\",\"dateModified\":\"2025-08-11T10:12:36+00:00\",\"breadcrumb\":{\"@id\":\"https:\/\/www.vize.cz\/en\/us\/boards\/#breadcrumb\"},\"inLanguage\":\"en-US\",\"potentialAction\":[{\"@type\":\"ReadAction\",\"target\":[\"https:\/\/www.vize.cz\/en\/us\/boards\/\"]}]},{\"@type\":\"BreadcrumbList\",\"@id\":\"https:\/\/www.vize.cz\/en\/us\/boards\/#breadcrumb\",\"itemListElement\":[{\"@type\":\"ListItem\",\"position\":1,\"name\":\"\u00davod\",\"item\":\"https:\/\/www.vize.cz\/en\/\"},{\"@type\":\"ListItem\",\"position\":2,\"name\":\"About us\",\"item\":\"https:\/\/www.vize.cz\/en\/us\/\"},{\"@type\":\"ListItem\",\"position\":3,\"name\":\"Boards\"}]},{\"@type\":\"WebSite\",\"@id\":\"https:\/\/www.vize.cz\/#website\",\"url\":\"https:\/\/www.vize.cz\/\",\"name\":\"Vize 97\",\"description\":\"\",\"potentialAction\":[{\"@type\":\"SearchAction\",\"target\":{\"@type\":\"EntryPoint\",\"urlTemplate\":\"https:\/\/www.vize.cz\/?s={search_term_string}\"},\"query-input\":{\"@type\":\"PropertyValueSpecification\",\"valueRequired\":true,\"valueName\":\"search_term_string\"}}],\"inLanguage\":\"en-US\"}]}<\/script>\n<!-- \/ Yoast SEO plugin. -->","yoast_head_json":{"title":"Boards - Vize 97","robots":{"index":"index","follow":"follow","max-snippet":"max-snippet:-1","max-image-preview":"max-image-preview:large","max-video-preview":"max-video-preview:-1"},"canonical":"https:\/\/www.vize.cz\/en\/us\/boards\/","og_locale":"en_US","og_type":"article","og_title":"Boards - Vize 97","og_description":"Board of Trustees Mgr. Dagmar Havlov\u00e1, Chair of the Board of Trustees\u00a0 MUDr. Tom\u00e1\u0161 Bouzek Dr. Borek Severa PhDr. Helena...","og_url":"https:\/\/www.vize.cz\/en\/us\/boards\/","og_site_name":"Vize 97","article_modified_time":"2025-08-11T10:12:36+00:00","twitter_misc":{"Est. reading time":"1 minute"},"schema":{"@context":"https:\/\/schema.org","@graph":[{"@type":"WebPage","@id":"https:\/\/www.vize.cz\/en\/us\/boards\/","url":"https:\/\/www.vize.cz\/en\/us\/boards\/","name":"Boards - Vize 97","isPartOf":{"@id":"https:\/\/www.vize.cz\/#website"},"datePublished":"2016-05-04T10:20:54+00:00","dateModified":"2025-08-11T10:12:36+00:00","breadcrumb":{"@id":"https:\/\/www.vize.cz\/en\/us\/boards\/#breadcrumb"},"inLanguage":"en-US","potentialAction":[{"@type":"ReadAction","target":["https:\/\/www.vize.cz\/en\/us\/boards\/"]}]},{"@type":"BreadcrumbList","@id":"https:\/\/www.vize.cz\/en\/us\/boards\/#breadcrumb","itemListElement":[{"@type":"ListItem","position":1,"name":"\u00davod","item":"https:\/\/www.vize.cz\/en\/"},{"@type":"ListItem","position":2,"name":"About us","item":"https:\/\/www.vize.cz\/en\/us\/"},{"@type":"ListItem","position":3,"name":"Boards"}]},{"@type":"WebSite","@id":"https:\/\/www.vize.cz\/#website","url":"https:\/\/www.vize.cz\/","name":"Vize 97","description":"","potentialAction":[{"@type":"SearchAction","target":{"@type":"EntryPoint","urlTemplate":"https:\/\/www.vize.cz\/?s={search_term_string}"},"query-input":{"@type":"PropertyValueSpecification","valueRequired":true,"valueName":"search_term_string"}}],"inLanguage":"en-US"}]}},"_links":{"self":[{"href":"https:\/\/www.vize.cz\/en\/wp-json\/wp\/v2\/pages\/13163","targetHints":{"allow":["GET"]}}],"collection":[{"href":"https:\/\/www.vize.cz\/en\/wp-json\/wp\/v2\/pages"}],"about":[{"href":"https:\/\/www.vize.cz\/en\/wp-json\/wp\/v2\/types\/page"}],"author":[{"embeddable":true,"href":"https:\/\/www.vize.cz\/en\/wp-json\/wp\/v2\/users\/25"}],"replies":[{"embeddable":true,"href":"https:\/\/www.vize.cz\/en\/wp-json\/wp\/v2\/comments?post=13163"}],"version-history":[{"count":9,"href":"https:\/\/www.vize.cz\/en\/wp-json\/wp\/v2\/pages\/13163\/revisions"}],"predecessor-version":[{"id":27491,"href":"https:\/\/www.vize.cz\/en\/wp-json\/wp\/v2\/pages\/13163\/revisions\/27491"}],"up":[{"embeddable":true,"href":"https:\/\/www.vize.cz\/en\/wp-json\/wp\/v2\/pages\/13159"}],"wp:attachment":[{"href":"https:\/\/www.vize.cz\/en\/wp-json\/wp\/v2\/media?parent=13163"}],"curies":[{"name":"wp","href":"https:\/\/api.w.org\/{rel}","templated":true}]}}