{"id":13172,"date":"2016-05-04T11:55:06","date_gmt":"2016-05-04T10:55:06","guid":{"rendered":"http:\/\/www.vize.cz\/en\/?page_id=13172"},"modified":"2016-05-27T10:34:30","modified_gmt":"2016-05-27T09:34:30","slug":"the-vize-97-prize","status":"publish","type":"page","link":"https:\/\/www.vize.cz\/en\/culture\/the-vize-97-prize\/","title":{"rendered":"The VIZE 97 Prize"},"content":{"rendered":"<h3>The Dagmar and V\u00e1clav Havel Foundation VIZE 97 Prize<\/h3>\n<p>Since 1999, The Dagmar and V\u00e1clav Havel Foundation VIZE 97 has awarded its international Prize to significant thinkers whose work exceeds the traditional framework of scientific knowledge, contributes to the understanding of science as an integral part of general culture and is concerned with unconventional ways of asking fundamental questions about cognition, being and human existence. By awarding its annual Prize, the Foundation enables the Czech public to meet the pioneers in interesting areas of contemporary scientific thought and to learn more about their work. The regular awarding of the Prize is therefore not limited to the actual ceremonial act of the presentation of the prize, but is also accompanied by other events, including informal meetings of students and professors during discussions with the laureate and invited guests. The Prize is awarded every year at a ceremony held on 5th October. The laureate receives a diploma and a commemorative artefact in the form of the crutch of Saint Vojt\u011bch rendered by the Czech artist Ji\u0159\u00ed Plie\u0161tik. Since 2004, the presentation ceremony for the VIZE 97 Prize has been held at the facilities of the Prague Crossroads.<\/p>\n<ul>\n<li><a title=\"Lauer\u00e1ti ceny VIZE 97\" href=\"https:\/\/www.vize.cz\/en\/culture\/the-vize-97-prize\/laureates\/\">Laureates<\/a><\/li>\n<li><a title=\"\u010clenov\u00e9 rady Ceny VIZE 97\" href=\"https:\/\/www.vize.cz\/en\/culture\/the-vize-97-prize\/members-of-the-vize-97-prize-board\/\">Members of the VIZE 97 Prize Board<\/a><\/li>\n<li><a href=\"https:\/\/www.vize.cz\/eshop\/\">E-shop<\/a><\/li>\n<\/ul>\n<p>&nbsp;<\/p>\n","protected":false},"excerpt":{"rendered":"<p>The Dagmar and V\u00e1clav Havel Foundation VIZE 97 Prize Since 1999, The Dagmar and V\u00e1clav Havel Foundation VIZE 97 has&#8230;<\/p>\n","protected":false},"author":25,"featured_media":0,"parent":13170,"menu_order":0,"comment_status":"open","ping_status":"open","template":"","meta":{"_acf_changed":false,"footnotes":""},"class_list":["post-13172","page","type-page","status-publish","hentry"],"acf":[],"yoast_head":"<!-- This site is optimized with the Yoast SEO plugin v26.7 - https:\/\/yoast.com\/wordpress\/plugins\/seo\/ -->\n<title>The VIZE 97 Prize - Vize 97<\/title>\n<meta name=\"robots\" content=\"index, follow, max-snippet:-1, max-image-preview:large, max-video-preview:-1\" \/>\n<link rel=\"canonical\" href=\"https:\/\/www.vize.cz\/en\/culture\/the-vize-97-prize\/\" \/>\n<meta property=\"og:locale\" content=\"en_US\" \/>\n<meta property=\"og:type\" content=\"article\" \/>\n<meta property=\"og:title\" content=\"The VIZE 97 Prize - Vize 97\" \/>\n<meta property=\"og:description\" content=\"The Dagmar and V\u00e1clav Havel Foundation VIZE 97 Prize Since 1999, The Dagmar and V\u00e1clav Havel Foundation VIZE 97 has...\" \/>\n<meta property=\"og:url\" content=\"https:\/\/www.vize.cz\/en\/culture\/the-vize-97-prize\/\" \/>\n<meta property=\"og:site_name\" content=\"Vize 97\" \/>\n<meta property=\"article:modified_time\" content=\"2016-05-27T09:34:30+00:00\" \/>\n<meta name=\"twitter:label1\" content=\"Est. reading time\" \/>\n\t<meta name=\"twitter:data1\" content=\"1 minute\" \/>\n<script type=\"application\/ld+json\" class=\"yoast-schema-graph\">{\"@context\":\"https:\/\/schema.org\",\"@graph\":[{\"@type\":\"WebPage\",\"@id\":\"https:\/\/www.vize.cz\/en\/culture\/the-vize-97-prize\/\",\"url\":\"https:\/\/www.vize.cz\/en\/culture\/the-vize-97-prize\/\",\"name\":\"The VIZE 97 Prize - Vize 97\",\"isPartOf\":{\"@id\":\"https:\/\/www.vize.cz\/#website\"},\"datePublished\":\"2016-05-04T10:55:06+00:00\",\"dateModified\":\"2016-05-27T09:34:30+00:00\",\"breadcrumb\":{\"@id\":\"https:\/\/www.vize.cz\/en\/culture\/the-vize-97-prize\/#breadcrumb\"},\"inLanguage\":\"en-US\",\"potentialAction\":[{\"@type\":\"ReadAction\",\"target\":[\"https:\/\/www.vize.cz\/en\/culture\/the-vize-97-prize\/\"]}]},{\"@type\":\"BreadcrumbList\",\"@id\":\"https:\/\/www.vize.cz\/en\/culture\/the-vize-97-prize\/#breadcrumb\",\"itemListElement\":[{\"@type\":\"ListItem\",\"position\":1,\"name\":\"\u00davod\",\"item\":\"https:\/\/www.vize.cz\/en\/\"},{\"@type\":\"ListItem\",\"position\":2,\"name\":\"Culture\",\"item\":\"https:\/\/www.vize.cz\/en\/culture\/\"},{\"@type\":\"ListItem\",\"position\":3,\"name\":\"The VIZE 97 Prize\"}]},{\"@type\":\"WebSite\",\"@id\":\"https:\/\/www.vize.cz\/#website\",\"url\":\"https:\/\/www.vize.cz\/\",\"name\":\"Vize 97\",\"description\":\"\",\"potentialAction\":[{\"@type\":\"SearchAction\",\"target\":{\"@type\":\"EntryPoint\",\"urlTemplate\":\"https:\/\/www.vize.cz\/?s={search_term_string}\"},\"query-input\":{\"@type\":\"PropertyValueSpecification\",\"valueRequired\":true,\"valueName\":\"search_term_string\"}}],\"inLanguage\":\"en-US\"}]}<\/script>\n<!-- \/ Yoast SEO plugin. -->","yoast_head_json":{"title":"The VIZE 97 Prize - Vize 97","robots":{"index":"index","follow":"follow","max-snippet":"max-snippet:-1","max-image-preview":"max-image-preview:large","max-video-preview":"max-video-preview:-1"},"canonical":"https:\/\/www.vize.cz\/en\/culture\/the-vize-97-prize\/","og_locale":"en_US","og_type":"article","og_title":"The VIZE 97 Prize - Vize 97","og_description":"The Dagmar and V\u00e1clav Havel Foundation VIZE 97 Prize Since 1999, The Dagmar and V\u00e1clav Havel Foundation VIZE 97 has...","og_url":"https:\/\/www.vize.cz\/en\/culture\/the-vize-97-prize\/","og_site_name":"Vize 97","article_modified_time":"2016-05-27T09:34:30+00:00","twitter_misc":{"Est. reading time":"1 minute"},"schema":{"@context":"https:\/\/schema.org","@graph":[{"@type":"WebPage","@id":"https:\/\/www.vize.cz\/en\/culture\/the-vize-97-prize\/","url":"https:\/\/www.vize.cz\/en\/culture\/the-vize-97-prize\/","name":"The VIZE 97 Prize - Vize 97","isPartOf":{"@id":"https:\/\/www.vize.cz\/#website"},"datePublished":"2016-05-04T10:55:06+00:00","dateModified":"2016-05-27T09:34:30+00:00","breadcrumb":{"@id":"https:\/\/www.vize.cz\/en\/culture\/the-vize-97-prize\/#breadcrumb"},"inLanguage":"en-US","potentialAction":[{"@type":"ReadAction","target":["https:\/\/www.vize.cz\/en\/culture\/the-vize-97-prize\/"]}]},{"@type":"BreadcrumbList","@id":"https:\/\/www.vize.cz\/en\/culture\/the-vize-97-prize\/#breadcrumb","itemListElement":[{"@type":"ListItem","position":1,"name":"\u00davod","item":"https:\/\/www.vize.cz\/en\/"},{"@type":"ListItem","position":2,"name":"Culture","item":"https:\/\/www.vize.cz\/en\/culture\/"},{"@type":"ListItem","position":3,"name":"The VIZE 97 Prize"}]},{"@type":"WebSite","@id":"https:\/\/www.vize.cz\/#website","url":"https:\/\/www.vize.cz\/","name":"Vize 97","description":"","potentialAction":[{"@type":"SearchAction","target":{"@type":"EntryPoint","urlTemplate":"https:\/\/www.vize.cz\/?s={search_term_string}"},"query-input":{"@type":"PropertyValueSpecification","valueRequired":true,"valueName":"search_term_string"}}],"inLanguage":"en-US"}]}},"_links":{"self":[{"href":"https:\/\/www.vize.cz\/en\/wp-json\/wp\/v2\/pages\/13172","targetHints":{"allow":["GET"]}}],"collection":[{"href":"https:\/\/www.vize.cz\/en\/wp-json\/wp\/v2\/pages"}],"about":[{"href":"https:\/\/www.vize.cz\/en\/wp-json\/wp\/v2\/types\/page"}],"author":[{"embeddable":true,"href":"https:\/\/www.vize.cz\/en\/wp-json\/wp\/v2\/users\/25"}],"replies":[{"embeddable":true,"href":"https:\/\/www.vize.cz\/en\/wp-json\/wp\/v2\/comments?post=13172"}],"version-history":[{"count":6,"href":"https:\/\/www.vize.cz\/en\/wp-json\/wp\/v2\/pages\/13172\/revisions"}],"predecessor-version":[{"id":13817,"href":"https:\/\/www.vize.cz\/en\/wp-json\/wp\/v2\/pages\/13172\/revisions\/13817"}],"up":[{"embeddable":true,"href":"https:\/\/www.vize.cz\/en\/wp-json\/wp\/v2\/pages\/13170"}],"wp:attachment":[{"href":"https:\/\/www.vize.cz\/en\/wp-json\/wp\/v2\/media?parent=13172"}],"curies":[{"name":"wp","href":"https:\/\/api.w.org\/{rel}","templated":true}]}}