{"id":13200,"date":"2016-05-05T09:08:05","date_gmt":"2016-05-05T08:08:05","guid":{"rendered":"http:\/\/www.vize.cz\/en\/?page_id=13200"},"modified":"2016-05-05T09:08:05","modified_gmt":"2016-05-05T08:08:05","slug":"its-here-at-last","status":"publish","type":"page","link":"https:\/\/www.vize.cz\/en\/us\/what-was-achieved-in-the-past\/its-here-at-last\/","title":{"rendered":"It\u2019s Here at Last"},"content":{"rendered":"<p>2009 was marked by the 20th anniversary of the political changes in Czechoslovakia. Dagmar Havlov\u00e1 and President V\u00e1clav Havel decided to hold a special event chiefly intended to recall and evoke the spirit and ethos of the non-violent November rising against the totalitarian regime in Czechoslovakia and present it in the context of the similar changes throughout the Eastern Bloc, which soon led to the fall of the Iron Curtain and the ending of the bi-polar division of the world.<\/p>\n<p>Mr and Mrs Havel also invited other like-minded not-for-profit organisations to help them implement the project, in addition to the Vize 97, namely the FORUM 2000 Foundation and the V\u00e1clav Havel Library. The concert was organised by the ABOUT Production s.r.o. The demanding joint work of preparation went on throughout the year and culminated on 14th November. when a debate took place in the morning in the Aula of the Arts Faculty of Charles University entitled \u201cFreedom and its Opponents\u201d. It was broadcast live by Czech Television\u2019s news channel \u010cT 24. The main participants in the two discussion panels were Madeleine Albright, Jacques Rupnik, Adam Michnik, Tom Stoppard, Andr\u00e9 Glucksmann, Jan Sokol, Petr Pithart, Jan Urban and Martin B\u00fatora.<\/p>\n<p>The programme of the event then shifted to the Prague Crossroads, where a gala concert commenced at 8pm entitled \u201cIt\u2019s Here at Last\u201d after one of the slogans of the Velvet Revolution. The concert was broadcast live on Channel 1 of Czech TV and Czech Radio\u2019s Radio\u017eurn\u00e1l. President V\u00e1clav Havel, the current President V\u00e1clav Klaus, the French philosopher Andr\u00e9 Glucksmann, the Polish historian and journalist Adam Michnik, one of the student leaders of the Velvet Revolution, \u0160imon P\u00e1nek and a representative of today\u2019s students from the \u201cTaking Stock of Democracy\u201d campaign, took the floor in the beautifully-decorated Prague Crossroads to share their personal memories, insights and ideas. The concert opened with a short improvisation by the jazzman, flautist and composer Ji\u0159\u00ed Stiv\u00edn. The concert was a succession of performances by foreign artistes and musicians who had travelled here at the invitation of President V\u00e1clav Havel and appeared for no fee. And so the audience at the Prague Crossroads, along with Czech Television viewers and Czech Radio listeners, had a unique opportunity to hear the rock legend Lou Reed, the famed singer songwriters Suzanne Vega and Joan Baez, and the world renowned opera singer Ren\u00e9e Fleming. Video messages from the former President of the USSR, Mikhail Gorbachov, the Tibetan spiritual leader, His Holiness the Dalai Lama, the US President Barack Obama and the German Chancellor Angela Merkel were projected. There were also recorded greetings from the musicians Peter Gabriel, Mick Jagger, Bob Geldof and Bono Vox of the band U2. The entire evening\u2019s programme was accompanied by the Prague Chamber Philharmonia conducted by Ji\u0159\u00ed B\u011blohl\u00e1vek and screenings of scenes from November 1989. The concert\u2019s culmination was when all the performers (and a large part of the audience) joined together to sing the spiritual \u201cOh Freedom\u201d, which President Havel dedicated to citizens of all countries where people are still oppressed.<\/p>\n<p>The packed Prague Crossroads witnessed a truly unique evening which also enjoyed great success with the TV viewers. Apart from the performers and guests already mentioned we would also like to thank all partners of the event whose logos are to be found on p. 63. This year the VIZE 97 Foundation and Czech Television are planning to jointly issue a DVD combining a recording of the concert with a film by Petr Jan\u010d\u00e1rek documenting the preparations. We will also try to distribute the \u201cIt\u2019s Here at Last\u201d concert among foreign TV stations, particularly of those countries where freedom is still not something to be taken for granted.<\/p>\n","protected":false},"excerpt":{"rendered":"<p>2009 was marked by the 20th anniversary of the political changes in Czechoslovakia. Dagmar Havlov\u00e1 and President V\u00e1clav Havel decided&#8230;<\/p>\n","protected":false},"author":25,"featured_media":0,"parent":13167,"menu_order":0,"comment_status":"closed","ping_status":"closed","template":"","meta":{"_acf_changed":false,"footnotes":""},"class_list":["post-13200","page","type-page","status-publish","hentry"],"acf":[],"yoast_head":"<!-- This site is optimized with the Yoast SEO plugin v26.7 - https:\/\/yoast.com\/wordpress\/plugins\/seo\/ -->\n<title>It\u2019s Here at Last - Vize 97<\/title>\n<meta name=\"robots\" content=\"index, follow, max-snippet:-1, max-image-preview:large, max-video-preview:-1\" \/>\n<link rel=\"canonical\" href=\"https:\/\/www.vize.cz\/en\/us\/what-was-achieved-in-the-past\/its-here-at-last\/\" \/>\n<meta property=\"og:locale\" content=\"en_US\" \/>\n<meta property=\"og:type\" content=\"article\" \/>\n<meta property=\"og:title\" content=\"It\u2019s Here at Last - Vize 97\" \/>\n<meta property=\"og:description\" content=\"2009 was marked by the 20th anniversary of the political changes in Czechoslovakia. Dagmar Havlov\u00e1 and President V\u00e1clav Havel decided...\" \/>\n<meta property=\"og:url\" content=\"https:\/\/www.vize.cz\/en\/us\/what-was-achieved-in-the-past\/its-here-at-last\/\" \/>\n<meta property=\"og:site_name\" content=\"Vize 97\" \/>\n<meta name=\"twitter:label1\" content=\"Est. reading time\" \/>\n\t<meta name=\"twitter:data1\" content=\"3 minutes\" \/>\n<script type=\"application\/ld+json\" class=\"yoast-schema-graph\">{\"@context\":\"https:\/\/schema.org\",\"@graph\":[{\"@type\":\"WebPage\",\"@id\":\"https:\/\/www.vize.cz\/en\/us\/what-was-achieved-in-the-past\/its-here-at-last\/\",\"url\":\"https:\/\/www.vize.cz\/en\/us\/what-was-achieved-in-the-past\/its-here-at-last\/\",\"name\":\"It\u2019s Here at Last - Vize 97\",\"isPartOf\":{\"@id\":\"https:\/\/www.vize.cz\/#website\"},\"datePublished\":\"2016-05-05T08:08:05+00:00\",\"breadcrumb\":{\"@id\":\"https:\/\/www.vize.cz\/en\/us\/what-was-achieved-in-the-past\/its-here-at-last\/#breadcrumb\"},\"inLanguage\":\"en-US\",\"potentialAction\":[{\"@type\":\"ReadAction\",\"target\":[\"https:\/\/www.vize.cz\/en\/us\/what-was-achieved-in-the-past\/its-here-at-last\/\"]}]},{\"@type\":\"BreadcrumbList\",\"@id\":\"https:\/\/www.vize.cz\/en\/us\/what-was-achieved-in-the-past\/its-here-at-last\/#breadcrumb\",\"itemListElement\":[{\"@type\":\"ListItem\",\"position\":1,\"name\":\"\u00davod\",\"item\":\"https:\/\/www.vize.cz\/en\/\"},{\"@type\":\"ListItem\",\"position\":2,\"name\":\"About us\",\"item\":\"https:\/\/www.vize.cz\/en\/us\/\"},{\"@type\":\"ListItem\",\"position\":3,\"name\":\"What was achieved in the past\",\"item\":\"https:\/\/www.vize.cz\/en\/us\/what-was-achieved-in-the-past\/\"},{\"@type\":\"ListItem\",\"position\":4,\"name\":\"It\u2019s Here at Last\"}]},{\"@type\":\"WebSite\",\"@id\":\"https:\/\/www.vize.cz\/#website\",\"url\":\"https:\/\/www.vize.cz\/\",\"name\":\"Vize 97\",\"description\":\"\",\"potentialAction\":[{\"@type\":\"SearchAction\",\"target\":{\"@type\":\"EntryPoint\",\"urlTemplate\":\"https:\/\/www.vize.cz\/?s={search_term_string}\"},\"query-input\":{\"@type\":\"PropertyValueSpecification\",\"valueRequired\":true,\"valueName\":\"search_term_string\"}}],\"inLanguage\":\"en-US\"}]}<\/script>\n<!-- \/ Yoast SEO plugin. -->","yoast_head_json":{"title":"It\u2019s Here at Last - Vize 97","robots":{"index":"index","follow":"follow","max-snippet":"max-snippet:-1","max-image-preview":"max-image-preview:large","max-video-preview":"max-video-preview:-1"},"canonical":"https:\/\/www.vize.cz\/en\/us\/what-was-achieved-in-the-past\/its-here-at-last\/","og_locale":"en_US","og_type":"article","og_title":"It\u2019s Here at Last - Vize 97","og_description":"2009 was marked by the 20th anniversary of the political changes in Czechoslovakia. Dagmar Havlov\u00e1 and President V\u00e1clav Havel decided...","og_url":"https:\/\/www.vize.cz\/en\/us\/what-was-achieved-in-the-past\/its-here-at-last\/","og_site_name":"Vize 97","twitter_misc":{"Est. reading time":"3 minutes"},"schema":{"@context":"https:\/\/schema.org","@graph":[{"@type":"WebPage","@id":"https:\/\/www.vize.cz\/en\/us\/what-was-achieved-in-the-past\/its-here-at-last\/","url":"https:\/\/www.vize.cz\/en\/us\/what-was-achieved-in-the-past\/its-here-at-last\/","name":"It\u2019s Here at Last - Vize 97","isPartOf":{"@id":"https:\/\/www.vize.cz\/#website"},"datePublished":"2016-05-05T08:08:05+00:00","breadcrumb":{"@id":"https:\/\/www.vize.cz\/en\/us\/what-was-achieved-in-the-past\/its-here-at-last\/#breadcrumb"},"inLanguage":"en-US","potentialAction":[{"@type":"ReadAction","target":["https:\/\/www.vize.cz\/en\/us\/what-was-achieved-in-the-past\/its-here-at-last\/"]}]},{"@type":"BreadcrumbList","@id":"https:\/\/www.vize.cz\/en\/us\/what-was-achieved-in-the-past\/its-here-at-last\/#breadcrumb","itemListElement":[{"@type":"ListItem","position":1,"name":"\u00davod","item":"https:\/\/www.vize.cz\/en\/"},{"@type":"ListItem","position":2,"name":"About us","item":"https:\/\/www.vize.cz\/en\/us\/"},{"@type":"ListItem","position":3,"name":"What was achieved in the past","item":"https:\/\/www.vize.cz\/en\/us\/what-was-achieved-in-the-past\/"},{"@type":"ListItem","position":4,"name":"It\u2019s Here at Last"}]},{"@type":"WebSite","@id":"https:\/\/www.vize.cz\/#website","url":"https:\/\/www.vize.cz\/","name":"Vize 97","description":"","potentialAction":[{"@type":"SearchAction","target":{"@type":"EntryPoint","urlTemplate":"https:\/\/www.vize.cz\/?s={search_term_string}"},"query-input":{"@type":"PropertyValueSpecification","valueRequired":true,"valueName":"search_term_string"}}],"inLanguage":"en-US"}]}},"_links":{"self":[{"href":"https:\/\/www.vize.cz\/en\/wp-json\/wp\/v2\/pages\/13200","targetHints":{"allow":["GET"]}}],"collection":[{"href":"https:\/\/www.vize.cz\/en\/wp-json\/wp\/v2\/pages"}],"about":[{"href":"https:\/\/www.vize.cz\/en\/wp-json\/wp\/v2\/types\/page"}],"author":[{"embeddable":true,"href":"https:\/\/www.vize.cz\/en\/wp-json\/wp\/v2\/users\/25"}],"replies":[{"embeddable":true,"href":"https:\/\/www.vize.cz\/en\/wp-json\/wp\/v2\/comments?post=13200"}],"version-history":[{"count":1,"href":"https:\/\/www.vize.cz\/en\/wp-json\/wp\/v2\/pages\/13200\/revisions"}],"predecessor-version":[{"id":13201,"href":"https:\/\/www.vize.cz\/en\/wp-json\/wp\/v2\/pages\/13200\/revisions\/13201"}],"up":[{"embeddable":true,"href":"https:\/\/www.vize.cz\/en\/wp-json\/wp\/v2\/pages\/13167"}],"wp:attachment":[{"href":"https:\/\/www.vize.cz\/en\/wp-json\/wp\/v2\/media?parent=13200"}],"curies":[{"name":"wp","href":"https:\/\/api.w.org\/{rel}","templated":true}]}}