{"id":13204,"date":"2016-05-05T09:11:28","date_gmt":"2016-05-05T08:11:28","guid":{"rendered":"http:\/\/www.vize.cz\/en\/?page_id=13204"},"modified":"2016-05-05T09:11:28","modified_gmt":"2016-05-05T08:11:28","slug":"the-floods","status":"publish","type":"page","link":"https:\/\/www.vize.cz\/en\/us\/what-was-achieved-in-the-past\/the-floods\/","title":{"rendered":"The floods"},"content":{"rendered":"<p>Since its foundation the VIZE 97 Foundation has helped people and organisations affected by two successive waves of floods.<\/p>\n<p>In 1997, the main focus of the Foundation\u2019s activity was assistance during the floods that affected Moravia, Silesia and Eastern Bohemia. In co-operation with the Vinohrady Theatre, the Foundation organised seven benefit performances of August Strindberg\u2019s play &#8220;Queen Christina&#8221; with Dagmar Havlov\u00e1 in the main role. Dagmar Havlov\u00e1 made a personal visit to the flooded areas. After those visits and subsequent consultations, the Foundation decided to devote the proceeds from the performances to building a home for citizens who, for financial reasons or reasons of age, were unable to renovate their flooddamaged homes. The home was formally opened in the village of Mikulovice u Jesen\u00edku on 8 October. 1998. Another project was &#8220;Concert Parties on the Water&#8221; organised to express solidarity and support to the people in the flooded areas. Fiftyfour Czech actors and entertainers took part in eighteen concert parties organised in the worst afflicted regions.<\/p>\n<p>Since 2002, when the Czech Republic was affected by the second major flood disaster, the VIZE 97 Foundation assisted the flood victims up to 2005. It was thus one of the last organisations not to forget the horror and destructive power of the water which laid waste a large part of Bohemia and took the homes of hundreds of families in 2002. More than 11 million crowns were raised during the course of the public collection designed to assist the people affected by the floods. Donations were made, for instance, to the town of Bavorov for the reconstruction of a primary school, to the &#8220;Poliklinika Denisovo n\u00e1b\u0159e\u017e\u00ed&#8221; hospital in Plze\u0148 for the replacement of equipment destroyed in the floods, to the &#8220;Ly\u010dkovo n\u00e1m\u011bst\u00ed&#8221; primary school in Prague for its renovation, to the Roman Catholic parish in Kralupy nad Vltavou to build a training centre, to the Catholic Girls\u2019 School for equipping a gymnasium, to the &#8220;Divadlo pod Palmovkou&#8221; theatre in Prague, the Health Institute in \u00dast\u00ed nad Labem, and to many other institutions and organisations.<\/p>\n<p>In 2004 the Foundation broadened its flood collection to give aid to areas affected by the tsunami disaster in South-East Asia. Via the organisation Hand for Help it sent 200 000 Czech crowns to support a Czech medical mission operating in Sri Lanka, which helped treat the wounded shortly after the disaster.<\/p>\n","protected":false},"excerpt":{"rendered":"<p>Since its foundation the VIZE 97 Foundation has helped people and organisations affected by two successive waves of floods. In&#8230;<\/p>\n","protected":false},"author":25,"featured_media":0,"parent":13167,"menu_order":0,"comment_status":"closed","ping_status":"closed","template":"","meta":{"_acf_changed":false,"footnotes":""},"class_list":["post-13204","page","type-page","status-publish","hentry"],"acf":[],"yoast_head":"<!-- This site is optimized with the Yoast SEO plugin v26.7 - https:\/\/yoast.com\/wordpress\/plugins\/seo\/ -->\n<title>The floods - Vize 97<\/title>\n<meta name=\"robots\" content=\"index, follow, max-snippet:-1, max-image-preview:large, max-video-preview:-1\" \/>\n<link rel=\"canonical\" href=\"https:\/\/www.vize.cz\/en\/us\/what-was-achieved-in-the-past\/the-floods\/\" \/>\n<meta property=\"og:locale\" content=\"en_US\" \/>\n<meta property=\"og:type\" content=\"article\" \/>\n<meta property=\"og:title\" content=\"The floods - Vize 97\" \/>\n<meta property=\"og:description\" content=\"Since its foundation the VIZE 97 Foundation has helped people and organisations affected by two successive waves of floods. In...\" \/>\n<meta property=\"og:url\" content=\"https:\/\/www.vize.cz\/en\/us\/what-was-achieved-in-the-past\/the-floods\/\" \/>\n<meta property=\"og:site_name\" content=\"Vize 97\" \/>\n<meta name=\"twitter:label1\" content=\"Est. reading time\" \/>\n\t<meta name=\"twitter:data1\" content=\"2 minutes\" \/>\n<script type=\"application\/ld+json\" class=\"yoast-schema-graph\">{\"@context\":\"https:\/\/schema.org\",\"@graph\":[{\"@type\":\"WebPage\",\"@id\":\"https:\/\/www.vize.cz\/en\/us\/what-was-achieved-in-the-past\/the-floods\/\",\"url\":\"https:\/\/www.vize.cz\/en\/us\/what-was-achieved-in-the-past\/the-floods\/\",\"name\":\"The floods - Vize 97\",\"isPartOf\":{\"@id\":\"https:\/\/www.vize.cz\/#website\"},\"datePublished\":\"2016-05-05T08:11:28+00:00\",\"breadcrumb\":{\"@id\":\"https:\/\/www.vize.cz\/en\/us\/what-was-achieved-in-the-past\/the-floods\/#breadcrumb\"},\"inLanguage\":\"en-US\",\"potentialAction\":[{\"@type\":\"ReadAction\",\"target\":[\"https:\/\/www.vize.cz\/en\/us\/what-was-achieved-in-the-past\/the-floods\/\"]}]},{\"@type\":\"BreadcrumbList\",\"@id\":\"https:\/\/www.vize.cz\/en\/us\/what-was-achieved-in-the-past\/the-floods\/#breadcrumb\",\"itemListElement\":[{\"@type\":\"ListItem\",\"position\":1,\"name\":\"\u00davod\",\"item\":\"https:\/\/www.vize.cz\/en\/\"},{\"@type\":\"ListItem\",\"position\":2,\"name\":\"About us\",\"item\":\"https:\/\/www.vize.cz\/en\/us\/\"},{\"@type\":\"ListItem\",\"position\":3,\"name\":\"What was achieved in the past\",\"item\":\"https:\/\/www.vize.cz\/en\/us\/what-was-achieved-in-the-past\/\"},{\"@type\":\"ListItem\",\"position\":4,\"name\":\"The floods\"}]},{\"@type\":\"WebSite\",\"@id\":\"https:\/\/www.vize.cz\/#website\",\"url\":\"https:\/\/www.vize.cz\/\",\"name\":\"Vize 97\",\"description\":\"\",\"potentialAction\":[{\"@type\":\"SearchAction\",\"target\":{\"@type\":\"EntryPoint\",\"urlTemplate\":\"https:\/\/www.vize.cz\/?s={search_term_string}\"},\"query-input\":{\"@type\":\"PropertyValueSpecification\",\"valueRequired\":true,\"valueName\":\"search_term_string\"}}],\"inLanguage\":\"en-US\"}]}<\/script>\n<!-- \/ Yoast SEO plugin. -->","yoast_head_json":{"title":"The floods - Vize 97","robots":{"index":"index","follow":"follow","max-snippet":"max-snippet:-1","max-image-preview":"max-image-preview:large","max-video-preview":"max-video-preview:-1"},"canonical":"https:\/\/www.vize.cz\/en\/us\/what-was-achieved-in-the-past\/the-floods\/","og_locale":"en_US","og_type":"article","og_title":"The floods - Vize 97","og_description":"Since its foundation the VIZE 97 Foundation has helped people and organisations affected by two successive waves of floods. In...","og_url":"https:\/\/www.vize.cz\/en\/us\/what-was-achieved-in-the-past\/the-floods\/","og_site_name":"Vize 97","twitter_misc":{"Est. reading time":"2 minutes"},"schema":{"@context":"https:\/\/schema.org","@graph":[{"@type":"WebPage","@id":"https:\/\/www.vize.cz\/en\/us\/what-was-achieved-in-the-past\/the-floods\/","url":"https:\/\/www.vize.cz\/en\/us\/what-was-achieved-in-the-past\/the-floods\/","name":"The floods - Vize 97","isPartOf":{"@id":"https:\/\/www.vize.cz\/#website"},"datePublished":"2016-05-05T08:11:28+00:00","breadcrumb":{"@id":"https:\/\/www.vize.cz\/en\/us\/what-was-achieved-in-the-past\/the-floods\/#breadcrumb"},"inLanguage":"en-US","potentialAction":[{"@type":"ReadAction","target":["https:\/\/www.vize.cz\/en\/us\/what-was-achieved-in-the-past\/the-floods\/"]}]},{"@type":"BreadcrumbList","@id":"https:\/\/www.vize.cz\/en\/us\/what-was-achieved-in-the-past\/the-floods\/#breadcrumb","itemListElement":[{"@type":"ListItem","position":1,"name":"\u00davod","item":"https:\/\/www.vize.cz\/en\/"},{"@type":"ListItem","position":2,"name":"About us","item":"https:\/\/www.vize.cz\/en\/us\/"},{"@type":"ListItem","position":3,"name":"What was achieved in the past","item":"https:\/\/www.vize.cz\/en\/us\/what-was-achieved-in-the-past\/"},{"@type":"ListItem","position":4,"name":"The floods"}]},{"@type":"WebSite","@id":"https:\/\/www.vize.cz\/#website","url":"https:\/\/www.vize.cz\/","name":"Vize 97","description":"","potentialAction":[{"@type":"SearchAction","target":{"@type":"EntryPoint","urlTemplate":"https:\/\/www.vize.cz\/?s={search_term_string}"},"query-input":{"@type":"PropertyValueSpecification","valueRequired":true,"valueName":"search_term_string"}}],"inLanguage":"en-US"}]}},"_links":{"self":[{"href":"https:\/\/www.vize.cz\/en\/wp-json\/wp\/v2\/pages\/13204","targetHints":{"allow":["GET"]}}],"collection":[{"href":"https:\/\/www.vize.cz\/en\/wp-json\/wp\/v2\/pages"}],"about":[{"href":"https:\/\/www.vize.cz\/en\/wp-json\/wp\/v2\/types\/page"}],"author":[{"embeddable":true,"href":"https:\/\/www.vize.cz\/en\/wp-json\/wp\/v2\/users\/25"}],"replies":[{"embeddable":true,"href":"https:\/\/www.vize.cz\/en\/wp-json\/wp\/v2\/comments?post=13204"}],"version-history":[{"count":1,"href":"https:\/\/www.vize.cz\/en\/wp-json\/wp\/v2\/pages\/13204\/revisions"}],"predecessor-version":[{"id":13206,"href":"https:\/\/www.vize.cz\/en\/wp-json\/wp\/v2\/pages\/13204\/revisions\/13206"}],"up":[{"embeddable":true,"href":"https:\/\/www.vize.cz\/en\/wp-json\/wp\/v2\/pages\/13167"}],"wp:attachment":[{"href":"https:\/\/www.vize.cz\/en\/wp-json\/wp\/v2\/media?parent=13204"}],"curies":[{"name":"wp","href":"https:\/\/api.w.org\/{rel}","templated":true}]}}