{"id":13219,"date":"2016-05-05T09:44:15","date_gmt":"2016-05-05T08:44:15","guid":{"rendered":"http:\/\/www.vize.cz\/en\/?page_id=13219"},"modified":"2023-07-13T10:16:19","modified_gmt":"2023-07-13T08:16:19","slug":"members-of-the-vize-97-prize-board","status":"publish","type":"page","link":"https:\/\/www.vize.cz\/en\/culture\/the-vize-97-prize\/members-of-the-vize-97-prize-board\/","title":{"rendered":"Members of the VIZE 97 Prize Board"},"content":{"rendered":"<h3>The Board of the Dagmar and V\u00e1clav Havel Foundation VIZE 97 Prize<\/h3>\n<ul>\n<li><strong>Mgr. Dagmar Havlov\u00e1<\/strong><\/li>\n<li>RNDr. V\u00e1clva C\u00edlek, CSc.<\/li>\n<li>RNDr. Michal Chytil, Ph.D.<\/li>\n<li>prof. RNDr. Petr K\u016frka, CSc.<\/li>\n<li>doc. Ing. arch. Monika Mit\u00e1\u0161ov\u00e1, Ph.D.<\/li>\n<li>Mgr. Cyril \u0158\u00edha, Ph.D.<\/li>\n<li>PhDr. Tom\u00e1\u0161 Sedl\u00e1\u010dek, Ph.D.<\/li>\n<li>prof. RNDr. Bed\u0159ich Velick\u00fd, DrSc.<\/li>\n<\/ul>\n","protected":false},"excerpt":{"rendered":"<p>The Board of the Dagmar and V\u00e1clav Havel Foundation VIZE 97 Prize Mgr. Dagmar Havlov\u00e1 RNDr. V\u00e1clva C\u00edlek, CSc. RNDr&#8230;.<\/p>\n","protected":false},"author":25,"featured_media":0,"parent":13172,"menu_order":0,"comment_status":"open","ping_status":"open","template":"","meta":{"_acf_changed":false,"footnotes":""},"class_list":["post-13219","page","type-page","status-publish","hentry"],"acf":[],"yoast_head":"<!-- This site is optimized with the Yoast SEO plugin v26.7 - https:\/\/yoast.com\/wordpress\/plugins\/seo\/ -->\n<title>Members of the VIZE 97 Prize Board - Vize 97<\/title>\n<meta name=\"robots\" content=\"index, follow, max-snippet:-1, max-image-preview:large, max-video-preview:-1\" \/>\n<link rel=\"canonical\" href=\"https:\/\/www.vize.cz\/en\/culture\/the-vize-97-prize\/members-of-the-vize-97-prize-board\/\" \/>\n<meta property=\"og:locale\" content=\"en_US\" \/>\n<meta property=\"og:type\" content=\"article\" \/>\n<meta property=\"og:title\" content=\"Members of the VIZE 97 Prize Board - Vize 97\" \/>\n<meta property=\"og:description\" content=\"The Board of the Dagmar and V\u00e1clav Havel Foundation VIZE 97 Prize Mgr. Dagmar Havlov\u00e1 RNDr. V\u00e1clva C\u00edlek, CSc. RNDr....\" \/>\n<meta property=\"og:url\" content=\"https:\/\/www.vize.cz\/en\/culture\/the-vize-97-prize\/members-of-the-vize-97-prize-board\/\" \/>\n<meta property=\"og:site_name\" content=\"Vize 97\" \/>\n<meta property=\"article:modified_time\" content=\"2023-07-13T08:16:19+00:00\" \/>\n<meta name=\"twitter:label1\" content=\"Est. reading time\" \/>\n\t<meta name=\"twitter:data1\" content=\"1 minute\" \/>\n<script type=\"application\/ld+json\" class=\"yoast-schema-graph\">{\"@context\":\"https:\/\/schema.org\",\"@graph\":[{\"@type\":\"WebPage\",\"@id\":\"https:\/\/www.vize.cz\/en\/culture\/the-vize-97-prize\/members-of-the-vize-97-prize-board\/\",\"url\":\"https:\/\/www.vize.cz\/en\/culture\/the-vize-97-prize\/members-of-the-vize-97-prize-board\/\",\"name\":\"Members of the VIZE 97 Prize Board - Vize 97\",\"isPartOf\":{\"@id\":\"https:\/\/www.vize.cz\/#website\"},\"datePublished\":\"2016-05-05T08:44:15+00:00\",\"dateModified\":\"2023-07-13T08:16:19+00:00\",\"breadcrumb\":{\"@id\":\"https:\/\/www.vize.cz\/en\/culture\/the-vize-97-prize\/members-of-the-vize-97-prize-board\/#breadcrumb\"},\"inLanguage\":\"en-US\",\"potentialAction\":[{\"@type\":\"ReadAction\",\"target\":[\"https:\/\/www.vize.cz\/en\/culture\/the-vize-97-prize\/members-of-the-vize-97-prize-board\/\"]}]},{\"@type\":\"BreadcrumbList\",\"@id\":\"https:\/\/www.vize.cz\/en\/culture\/the-vize-97-prize\/members-of-the-vize-97-prize-board\/#breadcrumb\",\"itemListElement\":[{\"@type\":\"ListItem\",\"position\":1,\"name\":\"\u00davod\",\"item\":\"https:\/\/www.vize.cz\/en\/\"},{\"@type\":\"ListItem\",\"position\":2,\"name\":\"Culture\",\"item\":\"https:\/\/www.vize.cz\/en\/culture\/\"},{\"@type\":\"ListItem\",\"position\":3,\"name\":\"The VIZE 97 Prize\",\"item\":\"https:\/\/www.vize.cz\/en\/culture\/the-vize-97-prize\/\"},{\"@type\":\"ListItem\",\"position\":4,\"name\":\"Members of the VIZE 97 Prize Board\"}]},{\"@type\":\"WebSite\",\"@id\":\"https:\/\/www.vize.cz\/#website\",\"url\":\"https:\/\/www.vize.cz\/\",\"name\":\"Vize 97\",\"description\":\"\",\"potentialAction\":[{\"@type\":\"SearchAction\",\"target\":{\"@type\":\"EntryPoint\",\"urlTemplate\":\"https:\/\/www.vize.cz\/?s={search_term_string}\"},\"query-input\":{\"@type\":\"PropertyValueSpecification\",\"valueRequired\":true,\"valueName\":\"search_term_string\"}}],\"inLanguage\":\"en-US\"}]}<\/script>\n<!-- \/ Yoast SEO plugin. -->","yoast_head_json":{"title":"Members of the VIZE 97 Prize Board - Vize 97","robots":{"index":"index","follow":"follow","max-snippet":"max-snippet:-1","max-image-preview":"max-image-preview:large","max-video-preview":"max-video-preview:-1"},"canonical":"https:\/\/www.vize.cz\/en\/culture\/the-vize-97-prize\/members-of-the-vize-97-prize-board\/","og_locale":"en_US","og_type":"article","og_title":"Members of the VIZE 97 Prize Board - Vize 97","og_description":"The Board of the Dagmar and V\u00e1clav Havel Foundation VIZE 97 Prize Mgr. Dagmar Havlov\u00e1 RNDr. V\u00e1clva C\u00edlek, CSc. RNDr....","og_url":"https:\/\/www.vize.cz\/en\/culture\/the-vize-97-prize\/members-of-the-vize-97-prize-board\/","og_site_name":"Vize 97","article_modified_time":"2023-07-13T08:16:19+00:00","twitter_misc":{"Est. reading time":"1 minute"},"schema":{"@context":"https:\/\/schema.org","@graph":[{"@type":"WebPage","@id":"https:\/\/www.vize.cz\/en\/culture\/the-vize-97-prize\/members-of-the-vize-97-prize-board\/","url":"https:\/\/www.vize.cz\/en\/culture\/the-vize-97-prize\/members-of-the-vize-97-prize-board\/","name":"Members of the VIZE 97 Prize Board - Vize 97","isPartOf":{"@id":"https:\/\/www.vize.cz\/#website"},"datePublished":"2016-05-05T08:44:15+00:00","dateModified":"2023-07-13T08:16:19+00:00","breadcrumb":{"@id":"https:\/\/www.vize.cz\/en\/culture\/the-vize-97-prize\/members-of-the-vize-97-prize-board\/#breadcrumb"},"inLanguage":"en-US","potentialAction":[{"@type":"ReadAction","target":["https:\/\/www.vize.cz\/en\/culture\/the-vize-97-prize\/members-of-the-vize-97-prize-board\/"]}]},{"@type":"BreadcrumbList","@id":"https:\/\/www.vize.cz\/en\/culture\/the-vize-97-prize\/members-of-the-vize-97-prize-board\/#breadcrumb","itemListElement":[{"@type":"ListItem","position":1,"name":"\u00davod","item":"https:\/\/www.vize.cz\/en\/"},{"@type":"ListItem","position":2,"name":"Culture","item":"https:\/\/www.vize.cz\/en\/culture\/"},{"@type":"ListItem","position":3,"name":"The VIZE 97 Prize","item":"https:\/\/www.vize.cz\/en\/culture\/the-vize-97-prize\/"},{"@type":"ListItem","position":4,"name":"Members of the VIZE 97 Prize Board"}]},{"@type":"WebSite","@id":"https:\/\/www.vize.cz\/#website","url":"https:\/\/www.vize.cz\/","name":"Vize 97","description":"","potentialAction":[{"@type":"SearchAction","target":{"@type":"EntryPoint","urlTemplate":"https:\/\/www.vize.cz\/?s={search_term_string}"},"query-input":{"@type":"PropertyValueSpecification","valueRequired":true,"valueName":"search_term_string"}}],"inLanguage":"en-US"}]}},"_links":{"self":[{"href":"https:\/\/www.vize.cz\/en\/wp-json\/wp\/v2\/pages\/13219","targetHints":{"allow":["GET"]}}],"collection":[{"href":"https:\/\/www.vize.cz\/en\/wp-json\/wp\/v2\/pages"}],"about":[{"href":"https:\/\/www.vize.cz\/en\/wp-json\/wp\/v2\/types\/page"}],"author":[{"embeddable":true,"href":"https:\/\/www.vize.cz\/en\/wp-json\/wp\/v2\/users\/25"}],"replies":[{"embeddable":true,"href":"https:\/\/www.vize.cz\/en\/wp-json\/wp\/v2\/comments?post=13219"}],"version-history":[{"count":6,"href":"https:\/\/www.vize.cz\/en\/wp-json\/wp\/v2\/pages\/13219\/revisions"}],"predecessor-version":[{"id":25437,"href":"https:\/\/www.vize.cz\/en\/wp-json\/wp\/v2\/pages\/13219\/revisions\/25437"}],"up":[{"embeddable":true,"href":"https:\/\/www.vize.cz\/en\/wp-json\/wp\/v2\/pages\/13172"}],"wp:attachment":[{"href":"https:\/\/www.vize.cz\/en\/wp-json\/wp\/v2\/media?parent=13219"}],"curies":[{"name":"wp","href":"https:\/\/api.w.org\/{rel}","templated":true}]}}