{"id":13236,"date":"2016-05-05T10:18:55","date_gmt":"2016-05-05T09:18:55","guid":{"rendered":"http:\/\/www.vize.cz\/en\/?page_id=13236"},"modified":"2021-02-05T11:18:50","modified_gmt":"2021-02-05T10:18:50","slug":"vaclav-havels-legacy","status":"publish","type":"page","link":"https:\/\/www.vize.cz\/en\/vaclav-havel\/vaclav-havels-legacy\/","title":{"rendered":"V\u00e1clav Havel&#8217;s Legacy"},"content":{"rendered":"<p><a href=\"https:\/\/www.vize.cz\/wp-content\/uploads\/2016\/02\/vaclav-havel-portrait.jpg\" class=\"thickbox\" data-rel=\"thickbox\"><img loading=\"lazy\" decoding=\"async\" class=\"alignnone wp-image-12699 size-full\" src=\"https:\/\/www.vize.cz\/wp-content\/uploads\/2016\/02\/vaclav-havel-portrait.jpg\" alt=\"vaclav-havel-portrait\" width=\"710\" height=\"535\" srcset=\"https:\/\/www.vize.cz\/wp-content\/uploads\/2016\/02\/vaclav-havel-portrait.jpg 710w, https:\/\/www.vize.cz\/wp-content\/uploads\/2016\/02\/vaclav-havel-portrait-600x452.jpg 600w, https:\/\/www.vize.cz\/wp-content\/uploads\/2016\/02\/vaclav-havel-portrait-300x226.jpg 300w\" sizes=\"auto, (max-width: 710px) 100vw, 710px\" \/><\/a><\/p>\n<p>President V\u00e1clav Havel\u2019s death in December 2011 had a profound effect on all of us and was a cause of great sadness. Since then, Mrs Dagmar Havlov\u00e1 and the Dagmar and V\u00e1clav Havel Foundation VIZE 97 have received dozens of requests for permission to pay tribute to President Havel\u2019s personality and legacy. It was clear from the reactions from all round the world and from the expressions of condolence of our own citizens, that V\u00e1clav Havel\u2019s ideas, personal commitment and political foresight will continue to be values fimly rooted in recent Czech history. The public at home and abroad have felt the need to keep V\u00e1clav Havel\u2019s name alive. On the very day of the final farewell to V\u00e1clav Havel, the city of Gdansk named a new avenue in the city after the late President. V\u00e1clav Havel was well-loved in Poland and each of his visits was a major event for the Polish people. There was also a swift reaction from the spa town of Pod\u011bbrady, where V\u00e1clav Havel studied as a young man and of which he was an honorary citizen. A primary school there was named after him a month after his death.<\/p>\n<p>Shortly after V\u00e1clav Havel\u2019s death, a campaign was launched by the film director Fero Feni\u010d to rename Prague\u2019s Ruzyn\u011b Airport in honour of the late President. The campaign was supported by a large part of Czech society, and the then Minister of Transport, Pavel Dobe\u0161, successfully promoted the idea within the Czech government. The renaming ceremony on 5 October 2012, the 76th anniversary of V\u00e1clav Havel\u2019s birth, was a major event. It was attended by leading representatives of Czech political, social, commercial and cultural life, as well as of foreign embassies in the Czech Republic. In conjunction with the event, an exhibition of photographs from the archives of the Czech Press Agency was opened, documenting V\u00e1clav Havel\u2019s life and work, and an art work by the architect Bo\u0159ek \u0160\u00edpek, which will be a permanent reminder at the airport of the work of the Czechs\u2019 first President after the fall of the Communist regime. Also linked with the V\u00e1clav Havel Airport is an enormous tapestry by the artist Petr S\u00eds, woven to his graphic design by the French master weavers Daniel Bayle and Ren\u00e9 Duch\u00e9. The graphic, \u201cThe Final Audience\u201d was painted by Petr S\u00eds for a special edition of the Hospod\u00e1\u0159sk\u00e9 noviny newspaper in December 2011, after V\u00e1clav Havel\u2019s death. The tapestry is the brainchild of Bill Shipsey, the founder of Art for Amnesty International, and contributions towards the cost of its creation were made by Bono Vox, The Edge, Peter Gabriel, Sting and Yoko Ono, who regarded their involvement in the project as a tribute to V\u00e1clav Havel. The tapestry was officially unveiled at V\u00e1clav Havel Airport on 9 December 2012 on the eve of Human Rights Day and dedicated to the Dagmar and V\u00e1clav Havel Foundation VIZE 97. In her speech, Dagmar Havlov\u00e1 recalled that it was V\u00e1clav Havel who had played a major role in enabling the Czech people to travel freely once more and therefore the installation of a tapestry depicting a man flying over Prague was very symbolic. She expressed satisfaction that travellers would be reminded of V\u00e1clav Havel\u2019s legacy and his lifelong fight for freedom not only when they landed at an airport named after the late President, but also when they viewed the tapestry.<\/p>\n<h4 id=\"tw-target-text\" class=\"tw-data-text tw-text-large XcVN5d tw-ta\" dir=\"ltr\" data-placeholder=\"P\u0159eklad\"><span lang=\"en\">The legacy of President V\u00e1clav Havel &#8211; use of the name <\/span><\/h4>\n<p class=\"tw-data-text tw-text-large XcVN5d tw-ta\" dir=\"ltr\" data-placeholder=\"P\u0159eklad\"><span lang=\"en\">It has become an integral part of the Foundation&#8217;s work to return the benefit of the name of the president of the entire society. <\/span><\/p>\n<p class=\"tw-data-text tw-text-large XcVN5d tw-ta\" dir=\"ltr\" data-placeholder=\"P\u0159eklad\"><span lang=\"en\">Dagmar and V\u00e1clav Havel Foundation<\/span>VIZE 97 is the owner of the word and figurative trademark \u201cV\u00e1clav Havel\u201d and as the administrator of the legacy of President V\u00e1clav Havel, it has not only a moral but also a factual right to grant consent to their use.<\/p>\n<p class=\"tw-data-text tw-text-large XcVN5d tw-ta\" dir=\"ltr\" data-placeholder=\"P\u0159eklad\">The process for legally using the name V\u00e1clav Havel is very easy. Foundation\u00a0VIZE 97 is very supportive of projects that want to use the name not for commercial purposes, but to revive public memory and show respect to the President.<\/p>\n<p class=\"tw-data-text tw-text-large XcVN5d tw-ta\" dir=\"ltr\" data-placeholder=\"P\u0159eklad\">All you have to do is submit an official application, containing all possible information about the initiative and the use of the name, to the dagmar and V\u00e1clav Havel Foundation VIZE 97.<\/p>\n<p class=\"tw-data-text tw-text-large XcVN5d tw-ta\" dir=\"ltr\" data-placeholder=\"P\u0159eklad\"><strong> For more information, please contact: nadace@vize.cz<\/strong><\/p>\n<p>&nbsp;<\/p>\n<p><a href=\"https:\/\/www.vize.cz\/en\/vaclav-havel\/vaclav-havels-legacy\/buildings-streets-public-places\/\">Buildings, streets, public places<\/a><\/p>\n<p><a href=\"https:\/\/www.vize.cz\/en\/vaclav-havel\/vaclav-havels-legacy\/14146-2\/\">Busts, paintings, art<\/a><\/p>\n<p><a href=\"https:\/\/www.vize.cz\/en\/vaclav-havel\/vaclav-havels-legacy\/culture-and-art\/\">Culture and art<\/a><\/p>\n<p><a href=\"https:\/\/www.vize.cz\/en\/vaclav-havel\/havels-places\/\">Havel&#8217;s Places<\/a><\/p>\n<p><a href=\"https:\/\/www.vize.cz\/en\/vaclav-havel\/vaclav-havels-legacy\/awards-named-vaclav-havel\/\">Awards named after V\u00e1clav Havel<\/a><\/p>\n<p><a href=\"https:\/\/www.vize.cz\/en\/vaclav-havel\/vaclav-havels-legacy\/other\/\">Other<\/a><\/p>\n<p>&nbsp;<\/p>\n","protected":false},"excerpt":{"rendered":"<p>President V\u00e1clav Havel\u2019s death in December 2011 had a profound effect on all of us and was a cause of&#8230;<\/p>\n","protected":false},"author":25,"featured_media":0,"parent":13234,"menu_order":0,"comment_status":"open","ping_status":"open","template":"","meta":{"_acf_changed":false,"footnotes":""},"class_list":["post-13236","page","type-page","status-publish","hentry"],"acf":[],"yoast_head":"<!-- This site is optimized with the Yoast SEO plugin v26.7 - https:\/\/yoast.com\/wordpress\/plugins\/seo\/ -->\n<title>V\u00e1clav Havel&#039;s Legacy - Vize 97<\/title>\n<meta name=\"robots\" content=\"index, follow, max-snippet:-1, max-image-preview:large, max-video-preview:-1\" \/>\n<link rel=\"canonical\" href=\"https:\/\/www.vize.cz\/en\/vaclav-havel\/vaclav-havels-legacy\/\" \/>\n<meta property=\"og:locale\" content=\"en_US\" \/>\n<meta property=\"og:type\" content=\"article\" \/>\n<meta property=\"og:title\" content=\"V\u00e1clav Havel&#039;s Legacy - Vize 97\" \/>\n<meta property=\"og:description\" content=\"President V\u00e1clav Havel\u2019s death in December 2011 had a profound effect on all of us and was a cause of...\" \/>\n<meta property=\"og:url\" content=\"https:\/\/www.vize.cz\/en\/vaclav-havel\/vaclav-havels-legacy\/\" \/>\n<meta property=\"og:site_name\" content=\"Vize 97\" \/>\n<meta property=\"article:modified_time\" content=\"2021-02-05T10:18:50+00:00\" \/>\n<meta property=\"og:image\" content=\"https:\/\/www.vize.cz\/wp-content\/uploads\/2016\/02\/vaclav-havel-portrait.jpg\" \/>\n<meta name=\"twitter:label1\" content=\"Est. reading time\" \/>\n\t<meta name=\"twitter:data1\" content=\"4 minutes\" \/>\n<script type=\"application\/ld+json\" class=\"yoast-schema-graph\">{\"@context\":\"https:\/\/schema.org\",\"@graph\":[{\"@type\":\"WebPage\",\"@id\":\"https:\/\/www.vize.cz\/en\/vaclav-havel\/vaclav-havels-legacy\/\",\"url\":\"https:\/\/www.vize.cz\/en\/vaclav-havel\/vaclav-havels-legacy\/\",\"name\":\"V\u00e1clav Havel's Legacy - Vize 97\",\"isPartOf\":{\"@id\":\"https:\/\/www.vize.cz\/#website\"},\"primaryImageOfPage\":{\"@id\":\"https:\/\/www.vize.cz\/en\/vaclav-havel\/vaclav-havels-legacy\/#primaryimage\"},\"image\":{\"@id\":\"https:\/\/www.vize.cz\/en\/vaclav-havel\/vaclav-havels-legacy\/#primaryimage\"},\"thumbnailUrl\":\"https:\/\/www.vize.cz\/wp-content\/uploads\/2016\/02\/vaclav-havel-portrait.jpg\",\"datePublished\":\"2016-05-05T09:18:55+00:00\",\"dateModified\":\"2021-02-05T10:18:50+00:00\",\"breadcrumb\":{\"@id\":\"https:\/\/www.vize.cz\/en\/vaclav-havel\/vaclav-havels-legacy\/#breadcrumb\"},\"inLanguage\":\"en-US\",\"potentialAction\":[{\"@type\":\"ReadAction\",\"target\":[\"https:\/\/www.vize.cz\/en\/vaclav-havel\/vaclav-havels-legacy\/\"]}]},{\"@type\":\"ImageObject\",\"inLanguage\":\"en-US\",\"@id\":\"https:\/\/www.vize.cz\/en\/vaclav-havel\/vaclav-havels-legacy\/#primaryimage\",\"url\":\"https:\/\/www.vize.cz\/wp-content\/uploads\/2016\/02\/vaclav-havel-portrait.jpg\",\"contentUrl\":\"https:\/\/www.vize.cz\/wp-content\/uploads\/2016\/02\/vaclav-havel-portrait.jpg\"},{\"@type\":\"BreadcrumbList\",\"@id\":\"https:\/\/www.vize.cz\/en\/vaclav-havel\/vaclav-havels-legacy\/#breadcrumb\",\"itemListElement\":[{\"@type\":\"ListItem\",\"position\":1,\"name\":\"\u00davod\",\"item\":\"https:\/\/www.vize.cz\/en\/\"},{\"@type\":\"ListItem\",\"position\":2,\"name\":\"V\u00e1clav Havel\",\"item\":\"https:\/\/www.vize.cz\/en\/vaclav-havel\/\"},{\"@type\":\"ListItem\",\"position\":3,\"name\":\"V\u00e1clav Havel&#8217;s Legacy\"}]},{\"@type\":\"WebSite\",\"@id\":\"https:\/\/www.vize.cz\/#website\",\"url\":\"https:\/\/www.vize.cz\/\",\"name\":\"Vize 97\",\"description\":\"\",\"potentialAction\":[{\"@type\":\"SearchAction\",\"target\":{\"@type\":\"EntryPoint\",\"urlTemplate\":\"https:\/\/www.vize.cz\/?s={search_term_string}\"},\"query-input\":{\"@type\":\"PropertyValueSpecification\",\"valueRequired\":true,\"valueName\":\"search_term_string\"}}],\"inLanguage\":\"en-US\"}]}<\/script>\n<!-- \/ Yoast SEO plugin. -->","yoast_head_json":{"title":"V\u00e1clav Havel's Legacy - Vize 97","robots":{"index":"index","follow":"follow","max-snippet":"max-snippet:-1","max-image-preview":"max-image-preview:large","max-video-preview":"max-video-preview:-1"},"canonical":"https:\/\/www.vize.cz\/en\/vaclav-havel\/vaclav-havels-legacy\/","og_locale":"en_US","og_type":"article","og_title":"V\u00e1clav Havel's Legacy - Vize 97","og_description":"President V\u00e1clav Havel\u2019s death in December 2011 had a profound effect on all of us and was a cause of...","og_url":"https:\/\/www.vize.cz\/en\/vaclav-havel\/vaclav-havels-legacy\/","og_site_name":"Vize 97","article_modified_time":"2021-02-05T10:18:50+00:00","og_image":[{"url":"https:\/\/www.vize.cz\/wp-content\/uploads\/2016\/02\/vaclav-havel-portrait.jpg","type":"","width":"","height":""}],"twitter_misc":{"Est. reading time":"4 minutes"},"schema":{"@context":"https:\/\/schema.org","@graph":[{"@type":"WebPage","@id":"https:\/\/www.vize.cz\/en\/vaclav-havel\/vaclav-havels-legacy\/","url":"https:\/\/www.vize.cz\/en\/vaclav-havel\/vaclav-havels-legacy\/","name":"V\u00e1clav Havel's Legacy - Vize 97","isPartOf":{"@id":"https:\/\/www.vize.cz\/#website"},"primaryImageOfPage":{"@id":"https:\/\/www.vize.cz\/en\/vaclav-havel\/vaclav-havels-legacy\/#primaryimage"},"image":{"@id":"https:\/\/www.vize.cz\/en\/vaclav-havel\/vaclav-havels-legacy\/#primaryimage"},"thumbnailUrl":"https:\/\/www.vize.cz\/wp-content\/uploads\/2016\/02\/vaclav-havel-portrait.jpg","datePublished":"2016-05-05T09:18:55+00:00","dateModified":"2021-02-05T10:18:50+00:00","breadcrumb":{"@id":"https:\/\/www.vize.cz\/en\/vaclav-havel\/vaclav-havels-legacy\/#breadcrumb"},"inLanguage":"en-US","potentialAction":[{"@type":"ReadAction","target":["https:\/\/www.vize.cz\/en\/vaclav-havel\/vaclav-havels-legacy\/"]}]},{"@type":"ImageObject","inLanguage":"en-US","@id":"https:\/\/www.vize.cz\/en\/vaclav-havel\/vaclav-havels-legacy\/#primaryimage","url":"https:\/\/www.vize.cz\/wp-content\/uploads\/2016\/02\/vaclav-havel-portrait.jpg","contentUrl":"https:\/\/www.vize.cz\/wp-content\/uploads\/2016\/02\/vaclav-havel-portrait.jpg"},{"@type":"BreadcrumbList","@id":"https:\/\/www.vize.cz\/en\/vaclav-havel\/vaclav-havels-legacy\/#breadcrumb","itemListElement":[{"@type":"ListItem","position":1,"name":"\u00davod","item":"https:\/\/www.vize.cz\/en\/"},{"@type":"ListItem","position":2,"name":"V\u00e1clav Havel","item":"https:\/\/www.vize.cz\/en\/vaclav-havel\/"},{"@type":"ListItem","position":3,"name":"V\u00e1clav Havel&#8217;s Legacy"}]},{"@type":"WebSite","@id":"https:\/\/www.vize.cz\/#website","url":"https:\/\/www.vize.cz\/","name":"Vize 97","description":"","potentialAction":[{"@type":"SearchAction","target":{"@type":"EntryPoint","urlTemplate":"https:\/\/www.vize.cz\/?s={search_term_string}"},"query-input":{"@type":"PropertyValueSpecification","valueRequired":true,"valueName":"search_term_string"}}],"inLanguage":"en-US"}]}},"_links":{"self":[{"href":"https:\/\/www.vize.cz\/en\/wp-json\/wp\/v2\/pages\/13236","targetHints":{"allow":["GET"]}}],"collection":[{"href":"https:\/\/www.vize.cz\/en\/wp-json\/wp\/v2\/pages"}],"about":[{"href":"https:\/\/www.vize.cz\/en\/wp-json\/wp\/v2\/types\/page"}],"author":[{"embeddable":true,"href":"https:\/\/www.vize.cz\/en\/wp-json\/wp\/v2\/users\/25"}],"replies":[{"embeddable":true,"href":"https:\/\/www.vize.cz\/en\/wp-json\/wp\/v2\/comments?post=13236"}],"version-history":[{"count":11,"href":"https:\/\/www.vize.cz\/en\/wp-json\/wp\/v2\/pages\/13236\/revisions"}],"predecessor-version":[{"id":21041,"href":"https:\/\/www.vize.cz\/en\/wp-json\/wp\/v2\/pages\/13236\/revisions\/21041"}],"up":[{"embeddable":true,"href":"https:\/\/www.vize.cz\/en\/wp-json\/wp\/v2\/pages\/13234"}],"wp:attachment":[{"href":"https:\/\/www.vize.cz\/en\/wp-json\/wp\/v2\/media?parent=13236"}],"curies":[{"name":"wp","href":"https:\/\/api.w.org\/{rel}","templated":true}]}}