{"id":13239,"date":"2016-05-05T10:28:59","date_gmt":"2016-05-05T09:28:59","guid":{"rendered":"http:\/\/www.vize.cz\/en\/?page_id=13239"},"modified":"2016-05-25T12:40:07","modified_gmt":"2016-05-25T11:40:07","slug":"the-office-of-vaclav-havel","status":"publish","type":"page","link":"https:\/\/www.vize.cz\/en\/vaclav-havel\/the-office-of-vaclav-havel\/","title":{"rendered":"The Office of V\u00e1clav Havel"},"content":{"rendered":"<p><a href=\"https:\/\/www.vaclavhavel.com\"><img loading=\"lazy\" decoding=\"async\" class=\"alignnone size-medium wp-image-13720\" src=\"https:\/\/www.vize.cz\/wp-content\/uploads\/2016\/02\/Virtu\u00e1ln\u00ed-prohl\u00eddka-Kancel\u00e1\u0159e-V\u00e1clava-Havla-300x175.jpg\" alt=\"Virtu\u00e1ln\u00ed prohl\u00eddka Kancel\u00e1\u0159e V\u00e1clava Havla\" width=\"300\" height=\"175\" srcset=\"https:\/\/www.vize.cz\/wp-content\/uploads\/2016\/02\/Virtu\u00e1ln\u00ed-prohl\u00eddka-Kancel\u00e1\u0159e-V\u00e1clava-Havla-300x175.jpg 300w, https:\/\/www.vize.cz\/wp-content\/uploads\/2016\/02\/Virtu\u00e1ln\u00ed-prohl\u00eddka-Kancel\u00e1\u0159e-V\u00e1clava-Havla-600x350.jpg 600w, https:\/\/www.vize.cz\/wp-content\/uploads\/2016\/02\/Virtu\u00e1ln\u00ed-prohl\u00eddka-Kancel\u00e1\u0159e-V\u00e1clava-Havla-768x448.jpg 768w, https:\/\/www.vize.cz\/wp-content\/uploads\/2016\/02\/Virtu\u00e1ln\u00ed-prohl\u00eddka-Kancel\u00e1\u0159e-V\u00e1clava-Havla-1024x597.jpg 1024w, https:\/\/www.vize.cz\/wp-content\/uploads\/2016\/02\/Virtu\u00e1ln\u00ed-prohl\u00eddka-Kancel\u00e1\u0159e-V\u00e1clava-Havla-810x472.jpg 810w, https:\/\/www.vize.cz\/wp-content\/uploads\/2016\/02\/Virtu\u00e1ln\u00ed-prohl\u00eddka-Kancel\u00e1\u0159e-V\u00e1clava-Havla.jpg 1436w\" sizes=\"auto, (max-width: 300px) 100vw, 300px\" \/><\/a><\/p>\n<p>The Dagmar and V\u00e1clav Havel Foundation has prepared a new cultural project of an international dimension called the Office of V\u00e1clav Havel (OVH), which makes it possible for people around the world to view the OVH in 3D. The OVH virtual tour project is very educational and its objective is to show V\u00e1clav Havel\u2019s personality and to convey his ideas and visionary view of the world. After three years of hard work, we were able to digitalize and open the Office of V\u00e1clav Havel located at the same address as The Foundation VIZE 97, i.e. in the Schwarzenberg Palace at Vor\u0161ilsk\u00e1 Street 10, Prague 1. These unique premises became V\u00e1clav Havel\u2019s office in 2003. V\u00e1clav Havel, who was famous for his deep-seated sense of art and aesthetics, created the interior of his office himself in collaboration with architect Bo\u0159ek \u0160\u00edpek, thus leaving his own imprint. The rooms on the ground floor with a vaulted ceiling sensitively combine old and modern art and house original glass bookcases as well as modern furniture. Ceiling paintings and many valuable gifts that V\u00e1clav Havel received co-create the unique atmosphere of these premises.<\/p>\n<div class=\"nodeBox \">Virtual tour\u00a0&#8211; <a href=\"https:\/\/www.vaclavhavel.com\">www.vaclavhavel.com<\/a><\/div>\n<div class=\"nodeBox \">\n<ul>\n<li><em>enjoy a virtual tour of the interior created by V\u00e1clav Havel in collaboration with Bo\u0159ek \u0160\u00edpek <\/em><\/li>\n<li><em>walk through all five office rooms <\/em><\/li>\n<li><em>touch more than 70 items described in detail <\/em><\/li>\n<li><em>listen to the music of Varhan Orchestorovi\u010d Bauer <\/em><\/li>\n<li><em>watch regular recordings of debates with interesting guests <\/em><\/li>\n<li><em>you can watch all this on your computer, tablet or mobile phone\u00a0<\/em><\/li>\n<\/ul>\n<p><a href=\"https:\/\/www.vize.cz\/en\/discussions-in-the-office-of-vaclav-havel\/\">Discussions in the Office of V\u00e1clav Havel<\/a><\/p>\n<p><a href=\"https:\/\/www.vize.cz\/en\/vaclav-havel\/the-office-of-vaclav-havel\/photogallery\/\">Photogallery<\/a><\/p>\n<\/div>\n<div class=\"nodeBox \"><\/div>\n","protected":false},"excerpt":{"rendered":"<p>The Dagmar and V\u00e1clav Havel Foundation has prepared a new cultural project of an international dimension called the Office of&#8230;<\/p>\n","protected":false},"author":25,"featured_media":0,"parent":13234,"menu_order":0,"comment_status":"open","ping_status":"open","template":"","meta":{"_acf_changed":false,"footnotes":""},"class_list":["post-13239","page","type-page","status-publish","hentry"],"acf":[],"yoast_head":"<!-- This site is optimized with the Yoast SEO plugin v26.7 - https:\/\/yoast.com\/wordpress\/plugins\/seo\/ -->\n<title>The Office of V\u00e1clav Havel - Vize 97<\/title>\n<meta name=\"robots\" content=\"index, follow, max-snippet:-1, max-image-preview:large, max-video-preview:-1\" \/>\n<link rel=\"canonical\" href=\"https:\/\/www.vize.cz\/en\/vaclav-havel\/the-office-of-vaclav-havel\/\" \/>\n<meta property=\"og:locale\" content=\"en_US\" \/>\n<meta property=\"og:type\" content=\"article\" \/>\n<meta property=\"og:title\" content=\"The Office of V\u00e1clav Havel - Vize 97\" \/>\n<meta property=\"og:description\" content=\"The Dagmar and V\u00e1clav Havel Foundation has prepared a new cultural project of an international dimension called the Office of...\" \/>\n<meta property=\"og:url\" content=\"https:\/\/www.vize.cz\/en\/vaclav-havel\/the-office-of-vaclav-havel\/\" \/>\n<meta property=\"og:site_name\" content=\"Vize 97\" \/>\n<meta property=\"article:modified_time\" content=\"2016-05-25T11:40:07+00:00\" \/>\n<meta property=\"og:image\" content=\"https:\/\/www.vize.cz\/wp-content\/uploads\/2016\/02\/Virtu\u00e1ln\u00ed-prohl\u00eddka-Kancel\u00e1\u0159e-V\u00e1clava-Havla-300x175.jpg\" \/>\n<meta name=\"twitter:label1\" content=\"Est. reading time\" \/>\n\t<meta name=\"twitter:data1\" content=\"1 minute\" \/>\n<script type=\"application\/ld+json\" class=\"yoast-schema-graph\">{\"@context\":\"https:\/\/schema.org\",\"@graph\":[{\"@type\":\"WebPage\",\"@id\":\"https:\/\/www.vize.cz\/en\/vaclav-havel\/the-office-of-vaclav-havel\/\",\"url\":\"https:\/\/www.vize.cz\/en\/vaclav-havel\/the-office-of-vaclav-havel\/\",\"name\":\"The Office of V\u00e1clav Havel - Vize 97\",\"isPartOf\":{\"@id\":\"https:\/\/www.vize.cz\/#website\"},\"datePublished\":\"2016-05-05T09:28:59+00:00\",\"dateModified\":\"2016-05-25T11:40:07+00:00\",\"breadcrumb\":{\"@id\":\"https:\/\/www.vize.cz\/en\/vaclav-havel\/the-office-of-vaclav-havel\/#breadcrumb\"},\"inLanguage\":\"en-US\",\"potentialAction\":[{\"@type\":\"ReadAction\",\"target\":[\"https:\/\/www.vize.cz\/en\/vaclav-havel\/the-office-of-vaclav-havel\/\"]}]},{\"@type\":\"BreadcrumbList\",\"@id\":\"https:\/\/www.vize.cz\/en\/vaclav-havel\/the-office-of-vaclav-havel\/#breadcrumb\",\"itemListElement\":[{\"@type\":\"ListItem\",\"position\":1,\"name\":\"\u00davod\",\"item\":\"https:\/\/www.vize.cz\/en\/\"},{\"@type\":\"ListItem\",\"position\":2,\"name\":\"V\u00e1clav Havel\",\"item\":\"https:\/\/www.vize.cz\/en\/vaclav-havel\/\"},{\"@type\":\"ListItem\",\"position\":3,\"name\":\"The Office of V\u00e1clav Havel\"}]},{\"@type\":\"WebSite\",\"@id\":\"https:\/\/www.vize.cz\/#website\",\"url\":\"https:\/\/www.vize.cz\/\",\"name\":\"Vize 97\",\"description\":\"\",\"potentialAction\":[{\"@type\":\"SearchAction\",\"target\":{\"@type\":\"EntryPoint\",\"urlTemplate\":\"https:\/\/www.vize.cz\/?s={search_term_string}\"},\"query-input\":{\"@type\":\"PropertyValueSpecification\",\"valueRequired\":true,\"valueName\":\"search_term_string\"}}],\"inLanguage\":\"en-US\"}]}<\/script>\n<!-- \/ Yoast SEO plugin. -->","yoast_head_json":{"title":"The Office of V\u00e1clav Havel - Vize 97","robots":{"index":"index","follow":"follow","max-snippet":"max-snippet:-1","max-image-preview":"max-image-preview:large","max-video-preview":"max-video-preview:-1"},"canonical":"https:\/\/www.vize.cz\/en\/vaclav-havel\/the-office-of-vaclav-havel\/","og_locale":"en_US","og_type":"article","og_title":"The Office of V\u00e1clav Havel - Vize 97","og_description":"The Dagmar and V\u00e1clav Havel Foundation has prepared a new cultural project of an international dimension called the Office of...","og_url":"https:\/\/www.vize.cz\/en\/vaclav-havel\/the-office-of-vaclav-havel\/","og_site_name":"Vize 97","article_modified_time":"2016-05-25T11:40:07+00:00","og_image":[{"url":"https:\/\/www.vize.cz\/wp-content\/uploads\/2016\/02\/Virtu\u00e1ln\u00ed-prohl\u00eddka-Kancel\u00e1\u0159e-V\u00e1clava-Havla-300x175.jpg","type":"","width":"","height":""}],"twitter_misc":{"Est. reading time":"1 minute"},"schema":{"@context":"https:\/\/schema.org","@graph":[{"@type":"WebPage","@id":"https:\/\/www.vize.cz\/en\/vaclav-havel\/the-office-of-vaclav-havel\/","url":"https:\/\/www.vize.cz\/en\/vaclav-havel\/the-office-of-vaclav-havel\/","name":"The Office of V\u00e1clav Havel - Vize 97","isPartOf":{"@id":"https:\/\/www.vize.cz\/#website"},"datePublished":"2016-05-05T09:28:59+00:00","dateModified":"2016-05-25T11:40:07+00:00","breadcrumb":{"@id":"https:\/\/www.vize.cz\/en\/vaclav-havel\/the-office-of-vaclav-havel\/#breadcrumb"},"inLanguage":"en-US","potentialAction":[{"@type":"ReadAction","target":["https:\/\/www.vize.cz\/en\/vaclav-havel\/the-office-of-vaclav-havel\/"]}]},{"@type":"BreadcrumbList","@id":"https:\/\/www.vize.cz\/en\/vaclav-havel\/the-office-of-vaclav-havel\/#breadcrumb","itemListElement":[{"@type":"ListItem","position":1,"name":"\u00davod","item":"https:\/\/www.vize.cz\/en\/"},{"@type":"ListItem","position":2,"name":"V\u00e1clav Havel","item":"https:\/\/www.vize.cz\/en\/vaclav-havel\/"},{"@type":"ListItem","position":3,"name":"The Office of V\u00e1clav Havel"}]},{"@type":"WebSite","@id":"https:\/\/www.vize.cz\/#website","url":"https:\/\/www.vize.cz\/","name":"Vize 97","description":"","potentialAction":[{"@type":"SearchAction","target":{"@type":"EntryPoint","urlTemplate":"https:\/\/www.vize.cz\/?s={search_term_string}"},"query-input":{"@type":"PropertyValueSpecification","valueRequired":true,"valueName":"search_term_string"}}],"inLanguage":"en-US"}]}},"_links":{"self":[{"href":"https:\/\/www.vize.cz\/en\/wp-json\/wp\/v2\/pages\/13239","targetHints":{"allow":["GET"]}}],"collection":[{"href":"https:\/\/www.vize.cz\/en\/wp-json\/wp\/v2\/pages"}],"about":[{"href":"https:\/\/www.vize.cz\/en\/wp-json\/wp\/v2\/types\/page"}],"author":[{"embeddable":true,"href":"https:\/\/www.vize.cz\/en\/wp-json\/wp\/v2\/users\/25"}],"replies":[{"embeddable":true,"href":"https:\/\/www.vize.cz\/en\/wp-json\/wp\/v2\/comments?post=13239"}],"version-history":[{"count":4,"href":"https:\/\/www.vize.cz\/en\/wp-json\/wp\/v2\/pages\/13239\/revisions"}],"predecessor-version":[{"id":13736,"href":"https:\/\/www.vize.cz\/en\/wp-json\/wp\/v2\/pages\/13239\/revisions\/13736"}],"up":[{"embeddable":true,"href":"https:\/\/www.vize.cz\/en\/wp-json\/wp\/v2\/pages\/13234"}],"wp:attachment":[{"href":"https:\/\/www.vize.cz\/en\/wp-json\/wp\/v2\/media?parent=13239"}],"curies":[{"name":"wp","href":"https:\/\/api.w.org\/{rel}","templated":true}]}}