{"id":13281,"date":"2016-05-06T09:28:08","date_gmt":"2016-05-06T08:28:08","guid":{"rendered":"http:\/\/www.vize.cz\/en\/?page_id=13281"},"modified":"2016-05-06T09:28:08","modified_gmt":"2016-05-06T08:28:08","slug":"the-members-of-the-board","status":"publish","type":"page","link":"https:\/\/www.vize.cz\/en\/cancer-prevention\/the-members-of-the-board\/","title":{"rendered":"The Members of the Board"},"content":{"rendered":"<h3>Board Members of the Early Diagnosis and Prevention of Colon and Rectal Cancer Programme<\/h3>\n<ul>\n<li>Mgr. Dagmar Havlov\u00e1<\/li>\n<li>prof. MUDr. Jaroslav Blaho\u0161, DrSc.<\/li>\n<li>MUDr. Tom\u00e1\u0161 Bouzek<\/li>\n<li>Doc. MUDr. Jan Kotrl\u00edk<\/li>\n<li>Ing. Ji\u0159ina Mus\u00edlkov\u00e1<\/li>\n<li>MUDr. Anton\u00edn Pe\u010denka<\/li>\n<li>MUDr. V\u00e1clav \u0160matl\u00e1k<\/li>\n<li>prof. MUDr. Karel Trnavsk\u00fd, DrSc.<\/li>\n<li>MUDr. Dobroslava Vokrojov\u00e1<\/li>\n<li>pplk. prof. MUDr. Miroslav Zavoral, Ph.D.<\/li>\n<\/ul>\n","protected":false},"excerpt":{"rendered":"<p>Board Members of the Early Diagnosis and Prevention of Colon and Rectal Cancer Programme Mgr. Dagmar Havlov\u00e1 prof. MUDr. Jaroslav&#8230;<\/p>\n","protected":false},"author":25,"featured_media":0,"parent":12847,"menu_order":0,"comment_status":"open","ping_status":"open","template":"","meta":{"_acf_changed":false,"footnotes":""},"class_list":["post-13281","page","type-page","status-publish","hentry"],"acf":[],"yoast_head":"<!-- This site is optimized with the Yoast SEO plugin v26.7 - https:\/\/yoast.com\/wordpress\/plugins\/seo\/ -->\n<title>The Members of the Board - Vize 97<\/title>\n<meta name=\"robots\" content=\"index, follow, max-snippet:-1, max-image-preview:large, max-video-preview:-1\" \/>\n<link rel=\"canonical\" href=\"https:\/\/www.vize.cz\/en\/cancer-prevention\/the-members-of-the-board\/\" \/>\n<meta property=\"og:locale\" content=\"en_US\" \/>\n<meta property=\"og:type\" content=\"article\" \/>\n<meta property=\"og:title\" content=\"The Members of the Board - Vize 97\" \/>\n<meta property=\"og:description\" content=\"Board Members of the Early Diagnosis and Prevention of Colon and Rectal Cancer Programme Mgr. Dagmar Havlov\u00e1 prof. MUDr. Jaroslav...\" \/>\n<meta property=\"og:url\" content=\"https:\/\/www.vize.cz\/en\/cancer-prevention\/the-members-of-the-board\/\" \/>\n<meta property=\"og:site_name\" content=\"Vize 97\" \/>\n<script type=\"application\/ld+json\" class=\"yoast-schema-graph\">{\"@context\":\"https:\/\/schema.org\",\"@graph\":[{\"@type\":\"WebPage\",\"@id\":\"https:\/\/www.vize.cz\/en\/cancer-prevention\/the-members-of-the-board\/\",\"url\":\"https:\/\/www.vize.cz\/en\/cancer-prevention\/the-members-of-the-board\/\",\"name\":\"The Members of the Board - Vize 97\",\"isPartOf\":{\"@id\":\"https:\/\/www.vize.cz\/#website\"},\"datePublished\":\"2016-05-06T08:28:08+00:00\",\"breadcrumb\":{\"@id\":\"https:\/\/www.vize.cz\/en\/cancer-prevention\/the-members-of-the-board\/#breadcrumb\"},\"inLanguage\":\"en-US\",\"potentialAction\":[{\"@type\":\"ReadAction\",\"target\":[\"https:\/\/www.vize.cz\/en\/cancer-prevention\/the-members-of-the-board\/\"]}]},{\"@type\":\"BreadcrumbList\",\"@id\":\"https:\/\/www.vize.cz\/en\/cancer-prevention\/the-members-of-the-board\/#breadcrumb\",\"itemListElement\":[{\"@type\":\"ListItem\",\"position\":1,\"name\":\"\u00davod\",\"item\":\"https:\/\/www.vize.cz\/en\/\"},{\"@type\":\"ListItem\",\"position\":2,\"name\":\"Cancer prevention\",\"item\":\"https:\/\/www.vize.cz\/en\/cancer-prevention\/\"},{\"@type\":\"ListItem\",\"position\":3,\"name\":\"The Members of the Board\"}]},{\"@type\":\"WebSite\",\"@id\":\"https:\/\/www.vize.cz\/#website\",\"url\":\"https:\/\/www.vize.cz\/\",\"name\":\"Vize 97\",\"description\":\"\",\"potentialAction\":[{\"@type\":\"SearchAction\",\"target\":{\"@type\":\"EntryPoint\",\"urlTemplate\":\"https:\/\/www.vize.cz\/?s={search_term_string}\"},\"query-input\":{\"@type\":\"PropertyValueSpecification\",\"valueRequired\":true,\"valueName\":\"search_term_string\"}}],\"inLanguage\":\"en-US\"}]}<\/script>\n<!-- \/ Yoast SEO plugin. -->","yoast_head_json":{"title":"The Members of the Board - Vize 97","robots":{"index":"index","follow":"follow","max-snippet":"max-snippet:-1","max-image-preview":"max-image-preview:large","max-video-preview":"max-video-preview:-1"},"canonical":"https:\/\/www.vize.cz\/en\/cancer-prevention\/the-members-of-the-board\/","og_locale":"en_US","og_type":"article","og_title":"The Members of the Board - Vize 97","og_description":"Board Members of the Early Diagnosis and Prevention of Colon and Rectal Cancer Programme Mgr. Dagmar Havlov\u00e1 prof. MUDr. Jaroslav...","og_url":"https:\/\/www.vize.cz\/en\/cancer-prevention\/the-members-of-the-board\/","og_site_name":"Vize 97","schema":{"@context":"https:\/\/schema.org","@graph":[{"@type":"WebPage","@id":"https:\/\/www.vize.cz\/en\/cancer-prevention\/the-members-of-the-board\/","url":"https:\/\/www.vize.cz\/en\/cancer-prevention\/the-members-of-the-board\/","name":"The Members of the Board - Vize 97","isPartOf":{"@id":"https:\/\/www.vize.cz\/#website"},"datePublished":"2016-05-06T08:28:08+00:00","breadcrumb":{"@id":"https:\/\/www.vize.cz\/en\/cancer-prevention\/the-members-of-the-board\/#breadcrumb"},"inLanguage":"en-US","potentialAction":[{"@type":"ReadAction","target":["https:\/\/www.vize.cz\/en\/cancer-prevention\/the-members-of-the-board\/"]}]},{"@type":"BreadcrumbList","@id":"https:\/\/www.vize.cz\/en\/cancer-prevention\/the-members-of-the-board\/#breadcrumb","itemListElement":[{"@type":"ListItem","position":1,"name":"\u00davod","item":"https:\/\/www.vize.cz\/en\/"},{"@type":"ListItem","position":2,"name":"Cancer prevention","item":"https:\/\/www.vize.cz\/en\/cancer-prevention\/"},{"@type":"ListItem","position":3,"name":"The Members of the Board"}]},{"@type":"WebSite","@id":"https:\/\/www.vize.cz\/#website","url":"https:\/\/www.vize.cz\/","name":"Vize 97","description":"","potentialAction":[{"@type":"SearchAction","target":{"@type":"EntryPoint","urlTemplate":"https:\/\/www.vize.cz\/?s={search_term_string}"},"query-input":{"@type":"PropertyValueSpecification","valueRequired":true,"valueName":"search_term_string"}}],"inLanguage":"en-US"}]}},"_links":{"self":[{"href":"https:\/\/www.vize.cz\/en\/wp-json\/wp\/v2\/pages\/13281","targetHints":{"allow":["GET"]}}],"collection":[{"href":"https:\/\/www.vize.cz\/en\/wp-json\/wp\/v2\/pages"}],"about":[{"href":"https:\/\/www.vize.cz\/en\/wp-json\/wp\/v2\/types\/page"}],"author":[{"embeddable":true,"href":"https:\/\/www.vize.cz\/en\/wp-json\/wp\/v2\/users\/25"}],"replies":[{"embeddable":true,"href":"https:\/\/www.vize.cz\/en\/wp-json\/wp\/v2\/comments?post=13281"}],"version-history":[{"count":1,"href":"https:\/\/www.vize.cz\/en\/wp-json\/wp\/v2\/pages\/13281\/revisions"}],"predecessor-version":[{"id":13282,"href":"https:\/\/www.vize.cz\/en\/wp-json\/wp\/v2\/pages\/13281\/revisions\/13282"}],"up":[{"embeddable":true,"href":"https:\/\/www.vize.cz\/en\/wp-json\/wp\/v2\/pages\/12847"}],"wp:attachment":[{"href":"https:\/\/www.vize.cz\/en\/wp-json\/wp\/v2\/media?parent=13281"}],"curies":[{"name":"wp","href":"https:\/\/api.w.org\/{rel}","templated":true}]}}