{"id":13629,"date":"2016-05-17T10:50:35","date_gmt":"2016-05-17T09:50:35","guid":{"rendered":"http:\/\/www.vize.cz\/en\/?page_id=13629"},"modified":"2016-05-17T10:50:35","modified_gmt":"2016-05-17T09:50:35","slug":"the-history-of-the-church","status":"publish","type":"page","link":"https:\/\/www.vize.cz\/en\/culture\/the-prague-crossroads\/the-history-of-the-church\/","title":{"rendered":"The history of the church"},"content":{"rendered":"<h3>Brief history of the church and Prague Crossroads<\/h3>\n<p><b>927<\/b><\/p>\n<p>Czech Prince V\u00e1clav founds St. Lawrence\u2019s church<\/p>\n<p><b>12th century<\/b><\/p>\n<p>construction of the Romanesque rotunda of St. Lawrence<\/p>\n<p><b>1232<\/b><\/p>\n<p>Templars settle at St. Lawrence\u2019s<\/p>\n<p><b>1312<\/b><\/p>\n<p>Knights of Malta buy the church<\/p>\n<p><b>1313<\/b><\/p>\n<p>Dominican nuns from St. Anne\u2019s convent in \u00dajezd<\/p>\n<p><b>circa 1360<\/b><\/p>\n<p>Eastern chancel keystone is laid<\/p>\n<p><b>after 1372<\/b><\/p>\n<p>T\u0159ebo\u0148 altar Master paints murals in the presbytery<\/p>\n<p><b>1st half of the 15th cent.<\/b><\/p>\n<p>the only Prague church not to be affected by the Hussite wars<\/p>\n<p><b>1553<\/b><\/p>\n<p>historian V\u00e1clav H\u00e1jek of Libo\u010dany is buried in the church crypt<\/p>\n<p><b>1616<\/b><\/p>\n<p>the church is reconstructed due to Queen Anne\u2019s efforts<\/p>\n<p><b>1676<\/b><\/p>\n<p>the nuns\u2019 chancel is newly constructed<\/p>\n<p><b>1727<\/b><\/p>\n<p>the interior stucco decorations are finished<\/p>\n<p><b>1782<\/b><\/p>\n<p>the convent church is abolished and deconsecrated under Joseph II<\/p>\n<p><b>1795<\/b><\/p>\n<p>printer Jan Ferdinand of Sch\u00f6nfeld purchases it<\/p>\n<p><b>1816<\/b><\/p>\n<p>printing works established; the church is divided into storeys; a service lift is constructed<\/p>\n<p><b>1880<\/b><\/p>\n<p>three upper storeys of the tower are removed and the Gothic ribbed vault is torn down<\/p>\n<p><b>1956<\/b><\/p>\n<p>archaeological research<\/p>\n<p><b>1970<\/b><\/p>\n<p>roof and truss reconstruction<\/p>\n<p><b>1992<\/b><\/p>\n<p>reconstruction of the middle wing for the National Theatre ballet ensemble<\/p>\n<p><b>1997<\/b><\/p>\n<p>the Havel Foundation finds the church and considers its reconstruction<\/p>\n<p><b>1998<\/b><\/p>\n<p>the Foundation conducts renovation of the church<\/p>\n<p><b>1999<\/b><\/p>\n<p>The Dagmar and V\u00e1clav Havel Foundation VIZE 97 rents the church from the National Theatre for 99 years<\/p>\n<p><b>1999<\/b><\/p>\n<p>the church reconstruction begins according to architect Eva Ji\u0159i\u010dn\u00e1\u2019s plan; the removal of the modern plaster layers from the church walls is started; first uncovering of the fresco paintings and restoration of the church walls<\/p>\n<p><b>2000<\/b><\/p>\n<p>expert discussion with conservationists about the final version of the project<\/p>\n<p><b>2001<\/b><\/p>\n<p>reconstruction of the eastern wall; use of electro-osmosis for dehumidification of the wall<\/p>\n<p><b>2002<\/b><\/p>\n<p>archaeological research; restoration of the church gate and restoration adaptation of the original truss parts<\/p>\n<p><b>2003<\/b><\/p>\n<p>the reconstruction itself \u2013 removal of the storeys and modern tie beams, removal of the service lift, window renovation, installation of a service walkway in the truss, restoration and completion of a part of the Gothic staircase in the tower, installation of vaulting ribs imitating the original shape of the Gothic ribbed vault, insertion and installation of the stage and new heated floor, reconstruction of the part of the cloister used as the church\u2019s rear area<\/p>\n<p><b>2004<\/b><\/p>\n<p>installation of the \u201caltar picture\u201d \u2013 Adriena \u0160imotov\u00e1\u2019s drawings \u2013 the Ecstatic Hero; restoration of the frescoes<\/p>\n<p><b>5 Oct 2004<\/b><\/p>\n<p>the PRA\u017dSK\u00c1 K\u0158I\u017dOVATKA spiritual cultural centre starts activity by awarding the Dagmar and V\u00e1clav Havel Foundation VIZE 97 Prize to Professor Petr Vop\u011bnka<\/p>\n<p><b>2004<\/b><\/p>\n<p>concerts by Magdalena Ko\u017een\u00e1 and Iva Bitov\u00e1, Struny Podzimu (Autumn Strings), Religious Convention, opening of the Helsinki Conference and others<\/p>\n<p><b>5 Sep 2005<\/b><\/p>\n<p>a votive gift \u2013 a purse of silver coins from the time of King John of Luxembourg \u2013 is found by the restoration firm TRADICE<\/p>\n<p><b>2005<\/b><\/p>\n<p>restoration of the fresco paintings on the northern and southern walls of the church interior; reconstruction of another part of the cloister<\/p>\n<p><b>5 Oct 2005<\/b><\/p>\n<p>the Dagmar and V\u00e1clav Havel Foundation VIZE 97 Prize is awarded to Professor Philip G. Zimbardo<\/p>\n","protected":false},"excerpt":{"rendered":"<p>Brief history of the church and Prague Crossroads 927 Czech Prince V\u00e1clav founds St. Lawrence\u2019s church 12th century construction of&#8230;<\/p>\n","protected":false},"author":25,"featured_media":0,"parent":13223,"menu_order":0,"comment_status":"closed","ping_status":"closed","template":"","meta":{"_acf_changed":false,"footnotes":""},"class_list":["post-13629","page","type-page","status-publish","hentry"],"acf":[],"yoast_head":"<!-- This site is optimized with the Yoast SEO plugin v26.7 - https:\/\/yoast.com\/wordpress\/plugins\/seo\/ -->\n<title>The history of the church - Vize 97<\/title>\n<meta name=\"robots\" content=\"index, follow, max-snippet:-1, max-image-preview:large, max-video-preview:-1\" \/>\n<link rel=\"canonical\" href=\"https:\/\/www.vize.cz\/en\/culture\/the-prague-crossroads\/the-history-of-the-church\/\" \/>\n<meta property=\"og:locale\" content=\"en_US\" \/>\n<meta property=\"og:type\" content=\"article\" \/>\n<meta property=\"og:title\" content=\"The history of the church - Vize 97\" \/>\n<meta property=\"og:description\" content=\"Brief history of the church and Prague Crossroads 927 Czech Prince V\u00e1clav founds St. Lawrence\u2019s church 12th century construction of...\" \/>\n<meta property=\"og:url\" content=\"https:\/\/www.vize.cz\/en\/culture\/the-prague-crossroads\/the-history-of-the-church\/\" \/>\n<meta property=\"og:site_name\" content=\"Vize 97\" \/>\n<meta name=\"twitter:label1\" content=\"Est. reading time\" \/>\n\t<meta name=\"twitter:data1\" content=\"2 minutes\" \/>\n<script type=\"application\/ld+json\" class=\"yoast-schema-graph\">{\"@context\":\"https:\/\/schema.org\",\"@graph\":[{\"@type\":\"WebPage\",\"@id\":\"https:\/\/www.vize.cz\/en\/culture\/the-prague-crossroads\/the-history-of-the-church\/\",\"url\":\"https:\/\/www.vize.cz\/en\/culture\/the-prague-crossroads\/the-history-of-the-church\/\",\"name\":\"The history of the church - Vize 97\",\"isPartOf\":{\"@id\":\"https:\/\/www.vize.cz\/#website\"},\"datePublished\":\"2016-05-17T09:50:35+00:00\",\"breadcrumb\":{\"@id\":\"https:\/\/www.vize.cz\/en\/culture\/the-prague-crossroads\/the-history-of-the-church\/#breadcrumb\"},\"inLanguage\":\"en-US\",\"potentialAction\":[{\"@type\":\"ReadAction\",\"target\":[\"https:\/\/www.vize.cz\/en\/culture\/the-prague-crossroads\/the-history-of-the-church\/\"]}]},{\"@type\":\"BreadcrumbList\",\"@id\":\"https:\/\/www.vize.cz\/en\/culture\/the-prague-crossroads\/the-history-of-the-church\/#breadcrumb\",\"itemListElement\":[{\"@type\":\"ListItem\",\"position\":1,\"name\":\"\u00davod\",\"item\":\"https:\/\/www.vize.cz\/en\/\"},{\"@type\":\"ListItem\",\"position\":2,\"name\":\"Culture\",\"item\":\"https:\/\/www.vize.cz\/en\/culture\/\"},{\"@type\":\"ListItem\",\"position\":3,\"name\":\"The Prague Crossroads\",\"item\":\"https:\/\/www.vize.cz\/en\/culture\/the-prague-crossroads\/\"},{\"@type\":\"ListItem\",\"position\":4,\"name\":\"The history of the church\"}]},{\"@type\":\"WebSite\",\"@id\":\"https:\/\/www.vize.cz\/#website\",\"url\":\"https:\/\/www.vize.cz\/\",\"name\":\"Vize 97\",\"description\":\"\",\"potentialAction\":[{\"@type\":\"SearchAction\",\"target\":{\"@type\":\"EntryPoint\",\"urlTemplate\":\"https:\/\/www.vize.cz\/?s={search_term_string}\"},\"query-input\":{\"@type\":\"PropertyValueSpecification\",\"valueRequired\":true,\"valueName\":\"search_term_string\"}}],\"inLanguage\":\"en-US\"}]}<\/script>\n<!-- \/ Yoast SEO plugin. -->","yoast_head_json":{"title":"The history of the church - Vize 97","robots":{"index":"index","follow":"follow","max-snippet":"max-snippet:-1","max-image-preview":"max-image-preview:large","max-video-preview":"max-video-preview:-1"},"canonical":"https:\/\/www.vize.cz\/en\/culture\/the-prague-crossroads\/the-history-of-the-church\/","og_locale":"en_US","og_type":"article","og_title":"The history of the church - Vize 97","og_description":"Brief history of the church and Prague Crossroads 927 Czech Prince V\u00e1clav founds St. Lawrence\u2019s church 12th century construction of...","og_url":"https:\/\/www.vize.cz\/en\/culture\/the-prague-crossroads\/the-history-of-the-church\/","og_site_name":"Vize 97","twitter_misc":{"Est. reading time":"2 minutes"},"schema":{"@context":"https:\/\/schema.org","@graph":[{"@type":"WebPage","@id":"https:\/\/www.vize.cz\/en\/culture\/the-prague-crossroads\/the-history-of-the-church\/","url":"https:\/\/www.vize.cz\/en\/culture\/the-prague-crossroads\/the-history-of-the-church\/","name":"The history of the church - Vize 97","isPartOf":{"@id":"https:\/\/www.vize.cz\/#website"},"datePublished":"2016-05-17T09:50:35+00:00","breadcrumb":{"@id":"https:\/\/www.vize.cz\/en\/culture\/the-prague-crossroads\/the-history-of-the-church\/#breadcrumb"},"inLanguage":"en-US","potentialAction":[{"@type":"ReadAction","target":["https:\/\/www.vize.cz\/en\/culture\/the-prague-crossroads\/the-history-of-the-church\/"]}]},{"@type":"BreadcrumbList","@id":"https:\/\/www.vize.cz\/en\/culture\/the-prague-crossroads\/the-history-of-the-church\/#breadcrumb","itemListElement":[{"@type":"ListItem","position":1,"name":"\u00davod","item":"https:\/\/www.vize.cz\/en\/"},{"@type":"ListItem","position":2,"name":"Culture","item":"https:\/\/www.vize.cz\/en\/culture\/"},{"@type":"ListItem","position":3,"name":"The Prague Crossroads","item":"https:\/\/www.vize.cz\/en\/culture\/the-prague-crossroads\/"},{"@type":"ListItem","position":4,"name":"The history of the church"}]},{"@type":"WebSite","@id":"https:\/\/www.vize.cz\/#website","url":"https:\/\/www.vize.cz\/","name":"Vize 97","description":"","potentialAction":[{"@type":"SearchAction","target":{"@type":"EntryPoint","urlTemplate":"https:\/\/www.vize.cz\/?s={search_term_string}"},"query-input":{"@type":"PropertyValueSpecification","valueRequired":true,"valueName":"search_term_string"}}],"inLanguage":"en-US"}]}},"_links":{"self":[{"href":"https:\/\/www.vize.cz\/en\/wp-json\/wp\/v2\/pages\/13629","targetHints":{"allow":["GET"]}}],"collection":[{"href":"https:\/\/www.vize.cz\/en\/wp-json\/wp\/v2\/pages"}],"about":[{"href":"https:\/\/www.vize.cz\/en\/wp-json\/wp\/v2\/types\/page"}],"author":[{"embeddable":true,"href":"https:\/\/www.vize.cz\/en\/wp-json\/wp\/v2\/users\/25"}],"replies":[{"embeddable":true,"href":"https:\/\/www.vize.cz\/en\/wp-json\/wp\/v2\/comments?post=13629"}],"version-history":[{"count":1,"href":"https:\/\/www.vize.cz\/en\/wp-json\/wp\/v2\/pages\/13629\/revisions"}],"predecessor-version":[{"id":13630,"href":"https:\/\/www.vize.cz\/en\/wp-json\/wp\/v2\/pages\/13629\/revisions\/13630"}],"up":[{"embeddable":true,"href":"https:\/\/www.vize.cz\/en\/wp-json\/wp\/v2\/pages\/13223"}],"wp:attachment":[{"href":"https:\/\/www.vize.cz\/en\/wp-json\/wp\/v2\/media?parent=13629"}],"curies":[{"name":"wp","href":"https:\/\/api.w.org\/{rel}","templated":true}]}}