{"id":13631,"date":"2016-05-17T10:42:54","date_gmt":"2016-05-17T09:42:54","guid":{"rendered":"http:\/\/www.vize.cz\/en\/?page_id=13631"},"modified":"2016-05-17T10:42:54","modified_gmt":"2016-05-17T09:42:54","slug":"reconstruction","status":"publish","type":"page","link":"https:\/\/www.vize.cz\/en\/culture\/the-prague-crossroads\/reconstruction\/","title":{"rendered":"Reconstruction"},"content":{"rendered":"<h3>The Reconstruction of the Prague Crossroads<\/h3>\n<p>The most demanding task of the VIZE97 Foundation has been the creation of the Prague Crossroads International Centre. In 1999, a 99-year lease was concluded with the National Theatre for the unconsecrated church. The preparatory work for the reconstruction work then followed. On 9th January 2002, the Municipal Authority of Prague 1 issued the VIZE 97 Foundation with a building permit and the Foundation was thus able to begin the construction work. The first stage was completed in the same year \u2013 the elimination of the dampness from the outer walls. The second stage, which mainly consisted of the restoration of the wall frescos, took place in the following year. In 2003, the third and most important stage of the reconstruction work commenced and it was completed in 2004. On 5th October 2004, the VIZE 97 Awards were ceremonially presented at the Prague Crossroads Centre and the centre thus entered into operation.<\/p>\n<p>From the very beginning, the VIZE 97 Foundation has endeavoured to approach the renewal of the Prague Crossroads using a highly sensitive and at the same time modern approach. This has enabled the creation of a unique cultural area for a seated audience of 440 members which is able to provide comfort comparable to other similarly oriented venues. The Prague Crossroads Centre now has a heated floor and a comprehensive electrical sound system and the church has been newly lighted inside and out. The English architect of Czech origin, Eva Ji\u0159i\u010dn\u00e1, who is the author of the architectural solution, has played a significant role in the overall success of the project. The site of the former altar painting now houses the work \u201cEcstatic Figure\u201d by the well-known Czech painter, Adriena \u0160imotov\u00e1. Other artists whose works have also contributed to the interior of the Prague Crossroads include Kurt Gebauer and Bo\u0159ek \u0160\u00edpek.<\/p>\n<p>Thanks to a grant from the World Monument Fund, the windows in the Prague Crossroads will be completely reconstructed in mid 2007. The VIZE 97 Foundation is now trying to acquire further funds for the highly expensive reconstruction of the roof and the church facade.<\/p>\n","protected":false},"excerpt":{"rendered":"<p>The Reconstruction of the Prague Crossroads The most demanding task of the VIZE97 Foundation has been the creation of the&#8230;<\/p>\n","protected":false},"author":25,"featured_media":0,"parent":13223,"menu_order":0,"comment_status":"closed","ping_status":"closed","template":"","meta":{"_acf_changed":false,"footnotes":""},"class_list":["post-13631","page","type-page","status-publish","hentry"],"acf":[],"yoast_head":"<!-- This site is optimized with the Yoast SEO plugin v26.7 - https:\/\/yoast.com\/wordpress\/plugins\/seo\/ -->\n<title>Reconstruction - Vize 97<\/title>\n<meta name=\"robots\" content=\"index, follow, max-snippet:-1, max-image-preview:large, max-video-preview:-1\" \/>\n<link rel=\"canonical\" href=\"https:\/\/www.vize.cz\/en\/culture\/the-prague-crossroads\/reconstruction\/\" \/>\n<meta property=\"og:locale\" content=\"en_US\" \/>\n<meta property=\"og:type\" content=\"article\" \/>\n<meta property=\"og:title\" content=\"Reconstruction - Vize 97\" \/>\n<meta property=\"og:description\" content=\"The Reconstruction of the Prague Crossroads The most demanding task of the VIZE97 Foundation has been the creation of the...\" \/>\n<meta property=\"og:url\" content=\"https:\/\/www.vize.cz\/en\/culture\/the-prague-crossroads\/reconstruction\/\" \/>\n<meta property=\"og:site_name\" content=\"Vize 97\" \/>\n<meta name=\"twitter:label1\" content=\"Est. reading time\" \/>\n\t<meta name=\"twitter:data1\" content=\"2 minutes\" \/>\n<script type=\"application\/ld+json\" class=\"yoast-schema-graph\">{\"@context\":\"https:\/\/schema.org\",\"@graph\":[{\"@type\":\"WebPage\",\"@id\":\"https:\/\/www.vize.cz\/en\/culture\/the-prague-crossroads\/reconstruction\/\",\"url\":\"https:\/\/www.vize.cz\/en\/culture\/the-prague-crossroads\/reconstruction\/\",\"name\":\"Reconstruction - Vize 97\",\"isPartOf\":{\"@id\":\"https:\/\/www.vize.cz\/#website\"},\"datePublished\":\"2016-05-17T09:42:54+00:00\",\"breadcrumb\":{\"@id\":\"https:\/\/www.vize.cz\/en\/culture\/the-prague-crossroads\/reconstruction\/#breadcrumb\"},\"inLanguage\":\"en-US\",\"potentialAction\":[{\"@type\":\"ReadAction\",\"target\":[\"https:\/\/www.vize.cz\/en\/culture\/the-prague-crossroads\/reconstruction\/\"]}]},{\"@type\":\"BreadcrumbList\",\"@id\":\"https:\/\/www.vize.cz\/en\/culture\/the-prague-crossroads\/reconstruction\/#breadcrumb\",\"itemListElement\":[{\"@type\":\"ListItem\",\"position\":1,\"name\":\"\u00davod\",\"item\":\"https:\/\/www.vize.cz\/en\/\"},{\"@type\":\"ListItem\",\"position\":2,\"name\":\"Culture\",\"item\":\"https:\/\/www.vize.cz\/en\/culture\/\"},{\"@type\":\"ListItem\",\"position\":3,\"name\":\"The Prague Crossroads\",\"item\":\"https:\/\/www.vize.cz\/en\/culture\/the-prague-crossroads\/\"},{\"@type\":\"ListItem\",\"position\":4,\"name\":\"Reconstruction\"}]},{\"@type\":\"WebSite\",\"@id\":\"https:\/\/www.vize.cz\/#website\",\"url\":\"https:\/\/www.vize.cz\/\",\"name\":\"Vize 97\",\"description\":\"\",\"potentialAction\":[{\"@type\":\"SearchAction\",\"target\":{\"@type\":\"EntryPoint\",\"urlTemplate\":\"https:\/\/www.vize.cz\/?s={search_term_string}\"},\"query-input\":{\"@type\":\"PropertyValueSpecification\",\"valueRequired\":true,\"valueName\":\"search_term_string\"}}],\"inLanguage\":\"en-US\"}]}<\/script>\n<!-- \/ Yoast SEO plugin. -->","yoast_head_json":{"title":"Reconstruction - Vize 97","robots":{"index":"index","follow":"follow","max-snippet":"max-snippet:-1","max-image-preview":"max-image-preview:large","max-video-preview":"max-video-preview:-1"},"canonical":"https:\/\/www.vize.cz\/en\/culture\/the-prague-crossroads\/reconstruction\/","og_locale":"en_US","og_type":"article","og_title":"Reconstruction - Vize 97","og_description":"The Reconstruction of the Prague Crossroads The most demanding task of the VIZE97 Foundation has been the creation of the...","og_url":"https:\/\/www.vize.cz\/en\/culture\/the-prague-crossroads\/reconstruction\/","og_site_name":"Vize 97","twitter_misc":{"Est. reading time":"2 minutes"},"schema":{"@context":"https:\/\/schema.org","@graph":[{"@type":"WebPage","@id":"https:\/\/www.vize.cz\/en\/culture\/the-prague-crossroads\/reconstruction\/","url":"https:\/\/www.vize.cz\/en\/culture\/the-prague-crossroads\/reconstruction\/","name":"Reconstruction - Vize 97","isPartOf":{"@id":"https:\/\/www.vize.cz\/#website"},"datePublished":"2016-05-17T09:42:54+00:00","breadcrumb":{"@id":"https:\/\/www.vize.cz\/en\/culture\/the-prague-crossroads\/reconstruction\/#breadcrumb"},"inLanguage":"en-US","potentialAction":[{"@type":"ReadAction","target":["https:\/\/www.vize.cz\/en\/culture\/the-prague-crossroads\/reconstruction\/"]}]},{"@type":"BreadcrumbList","@id":"https:\/\/www.vize.cz\/en\/culture\/the-prague-crossroads\/reconstruction\/#breadcrumb","itemListElement":[{"@type":"ListItem","position":1,"name":"\u00davod","item":"https:\/\/www.vize.cz\/en\/"},{"@type":"ListItem","position":2,"name":"Culture","item":"https:\/\/www.vize.cz\/en\/culture\/"},{"@type":"ListItem","position":3,"name":"The Prague Crossroads","item":"https:\/\/www.vize.cz\/en\/culture\/the-prague-crossroads\/"},{"@type":"ListItem","position":4,"name":"Reconstruction"}]},{"@type":"WebSite","@id":"https:\/\/www.vize.cz\/#website","url":"https:\/\/www.vize.cz\/","name":"Vize 97","description":"","potentialAction":[{"@type":"SearchAction","target":{"@type":"EntryPoint","urlTemplate":"https:\/\/www.vize.cz\/?s={search_term_string}"},"query-input":{"@type":"PropertyValueSpecification","valueRequired":true,"valueName":"search_term_string"}}],"inLanguage":"en-US"}]}},"_links":{"self":[{"href":"https:\/\/www.vize.cz\/en\/wp-json\/wp\/v2\/pages\/13631","targetHints":{"allow":["GET"]}}],"collection":[{"href":"https:\/\/www.vize.cz\/en\/wp-json\/wp\/v2\/pages"}],"about":[{"href":"https:\/\/www.vize.cz\/en\/wp-json\/wp\/v2\/types\/page"}],"author":[{"embeddable":true,"href":"https:\/\/www.vize.cz\/en\/wp-json\/wp\/v2\/users\/25"}],"replies":[{"embeddable":true,"href":"https:\/\/www.vize.cz\/en\/wp-json\/wp\/v2\/comments?post=13631"}],"version-history":[{"count":1,"href":"https:\/\/www.vize.cz\/en\/wp-json\/wp\/v2\/pages\/13631\/revisions"}],"predecessor-version":[{"id":13632,"href":"https:\/\/www.vize.cz\/en\/wp-json\/wp\/v2\/pages\/13631\/revisions\/13632"}],"up":[{"embeddable":true,"href":"https:\/\/www.vize.cz\/en\/wp-json\/wp\/v2\/pages\/13223"}],"wp:attachment":[{"href":"https:\/\/www.vize.cz\/en\/wp-json\/wp\/v2\/media?parent=13631"}],"curies":[{"name":"wp","href":"https:\/\/api.w.org\/{rel}","templated":true}]}}