{"id":13633,"date":"2016-05-17T10:45:03","date_gmt":"2016-05-17T09:45:03","guid":{"rendered":"http:\/\/www.vize.cz\/en\/?page_id=13633"},"modified":"2016-05-17T10:45:03","modified_gmt":"2016-05-17T09:45:03","slug":"the-members-of-the-board","status":"publish","type":"page","link":"https:\/\/www.vize.cz\/en\/culture\/the-prague-crossroads\/the-members-of-the-board\/","title":{"rendered":"The members of the Board"},"content":{"rendered":"<h3>Board Members of the Prague Crossroads Programme<\/h3>\n<ul>\n<li>Mgr. Dagmar Havlov\u00e1<\/li>\n<li>V\u00e1clav Havel<\/li>\n<li>Ing. Kamil Bahbouh<\/li>\n<li>akad. arch. Daniel Dvo\u0159\u00e1k<\/li>\n<li>PhDr. Tom\u00e1\u0161 Hal\u00edk<\/li>\n<li>Ing. arch. Eva Ji\u0159i\u010dn\u00e1<\/li>\n<li>Michael Koc\u00e1b<\/li>\n<li>Ing. V\u00e1clav Pelouch<\/li>\n<li>akad. mal. Jaroslav R\u00f3na<\/li>\n<li>JUDr. Ji\u0159\u00ed Srstka<\/li>\n<li>Ing. Zden\u011bk Syn\u00e1\u010dek<\/li>\n<li>Ing. Jan Zelenka<\/li>\n<li>prof. Helena \u0160im\u00e1\u010dkov\u00e1<\/li>\n<\/ul>\n","protected":false},"excerpt":{"rendered":"<p>Board Members of the Prague Crossroads Programme Mgr. Dagmar Havlov\u00e1 V\u00e1clav Havel Ing. Kamil Bahbouh akad. arch. Daniel Dvo\u0159\u00e1k PhDr&#8230;.<\/p>\n","protected":false},"author":25,"featured_media":0,"parent":13223,"menu_order":0,"comment_status":"closed","ping_status":"closed","template":"","meta":{"_acf_changed":false,"footnotes":""},"class_list":["post-13633","page","type-page","status-publish","hentry"],"acf":[],"yoast_head":"<!-- This site is optimized with the Yoast SEO plugin v26.7 - https:\/\/yoast.com\/wordpress\/plugins\/seo\/ -->\n<title>The members of the Board - Vize 97<\/title>\n<meta name=\"robots\" content=\"index, follow, max-snippet:-1, max-image-preview:large, max-video-preview:-1\" \/>\n<link rel=\"canonical\" href=\"https:\/\/www.vize.cz\/en\/culture\/the-prague-crossroads\/the-members-of-the-board\/\" \/>\n<meta property=\"og:locale\" content=\"en_US\" \/>\n<meta property=\"og:type\" content=\"article\" \/>\n<meta property=\"og:title\" content=\"The members of the Board - Vize 97\" \/>\n<meta property=\"og:description\" content=\"Board Members of the Prague Crossroads Programme Mgr. Dagmar Havlov\u00e1 V\u00e1clav Havel Ing. Kamil Bahbouh akad. arch. Daniel Dvo\u0159\u00e1k PhDr....\" \/>\n<meta property=\"og:url\" content=\"https:\/\/www.vize.cz\/en\/culture\/the-prague-crossroads\/the-members-of-the-board\/\" \/>\n<meta property=\"og:site_name\" content=\"Vize 97\" \/>\n<script type=\"application\/ld+json\" class=\"yoast-schema-graph\">{\"@context\":\"https:\/\/schema.org\",\"@graph\":[{\"@type\":\"WebPage\",\"@id\":\"https:\/\/www.vize.cz\/en\/culture\/the-prague-crossroads\/the-members-of-the-board\/\",\"url\":\"https:\/\/www.vize.cz\/en\/culture\/the-prague-crossroads\/the-members-of-the-board\/\",\"name\":\"The members of the Board - Vize 97\",\"isPartOf\":{\"@id\":\"https:\/\/www.vize.cz\/#website\"},\"datePublished\":\"2016-05-17T09:45:03+00:00\",\"breadcrumb\":{\"@id\":\"https:\/\/www.vize.cz\/en\/culture\/the-prague-crossroads\/the-members-of-the-board\/#breadcrumb\"},\"inLanguage\":\"en-US\",\"potentialAction\":[{\"@type\":\"ReadAction\",\"target\":[\"https:\/\/www.vize.cz\/en\/culture\/the-prague-crossroads\/the-members-of-the-board\/\"]}]},{\"@type\":\"BreadcrumbList\",\"@id\":\"https:\/\/www.vize.cz\/en\/culture\/the-prague-crossroads\/the-members-of-the-board\/#breadcrumb\",\"itemListElement\":[{\"@type\":\"ListItem\",\"position\":1,\"name\":\"\u00davod\",\"item\":\"https:\/\/www.vize.cz\/en\/\"},{\"@type\":\"ListItem\",\"position\":2,\"name\":\"Culture\",\"item\":\"https:\/\/www.vize.cz\/en\/culture\/\"},{\"@type\":\"ListItem\",\"position\":3,\"name\":\"The Prague Crossroads\",\"item\":\"https:\/\/www.vize.cz\/en\/culture\/the-prague-crossroads\/\"},{\"@type\":\"ListItem\",\"position\":4,\"name\":\"The members of the Board\"}]},{\"@type\":\"WebSite\",\"@id\":\"https:\/\/www.vize.cz\/#website\",\"url\":\"https:\/\/www.vize.cz\/\",\"name\":\"Vize 97\",\"description\":\"\",\"potentialAction\":[{\"@type\":\"SearchAction\",\"target\":{\"@type\":\"EntryPoint\",\"urlTemplate\":\"https:\/\/www.vize.cz\/?s={search_term_string}\"},\"query-input\":{\"@type\":\"PropertyValueSpecification\",\"valueRequired\":true,\"valueName\":\"search_term_string\"}}],\"inLanguage\":\"en-US\"}]}<\/script>\n<!-- \/ Yoast SEO plugin. -->","yoast_head_json":{"title":"The members of the Board - Vize 97","robots":{"index":"index","follow":"follow","max-snippet":"max-snippet:-1","max-image-preview":"max-image-preview:large","max-video-preview":"max-video-preview:-1"},"canonical":"https:\/\/www.vize.cz\/en\/culture\/the-prague-crossroads\/the-members-of-the-board\/","og_locale":"en_US","og_type":"article","og_title":"The members of the Board - Vize 97","og_description":"Board Members of the Prague Crossroads Programme Mgr. Dagmar Havlov\u00e1 V\u00e1clav Havel Ing. Kamil Bahbouh akad. arch. Daniel Dvo\u0159\u00e1k PhDr....","og_url":"https:\/\/www.vize.cz\/en\/culture\/the-prague-crossroads\/the-members-of-the-board\/","og_site_name":"Vize 97","schema":{"@context":"https:\/\/schema.org","@graph":[{"@type":"WebPage","@id":"https:\/\/www.vize.cz\/en\/culture\/the-prague-crossroads\/the-members-of-the-board\/","url":"https:\/\/www.vize.cz\/en\/culture\/the-prague-crossroads\/the-members-of-the-board\/","name":"The members of the Board - Vize 97","isPartOf":{"@id":"https:\/\/www.vize.cz\/#website"},"datePublished":"2016-05-17T09:45:03+00:00","breadcrumb":{"@id":"https:\/\/www.vize.cz\/en\/culture\/the-prague-crossroads\/the-members-of-the-board\/#breadcrumb"},"inLanguage":"en-US","potentialAction":[{"@type":"ReadAction","target":["https:\/\/www.vize.cz\/en\/culture\/the-prague-crossroads\/the-members-of-the-board\/"]}]},{"@type":"BreadcrumbList","@id":"https:\/\/www.vize.cz\/en\/culture\/the-prague-crossroads\/the-members-of-the-board\/#breadcrumb","itemListElement":[{"@type":"ListItem","position":1,"name":"\u00davod","item":"https:\/\/www.vize.cz\/en\/"},{"@type":"ListItem","position":2,"name":"Culture","item":"https:\/\/www.vize.cz\/en\/culture\/"},{"@type":"ListItem","position":3,"name":"The Prague Crossroads","item":"https:\/\/www.vize.cz\/en\/culture\/the-prague-crossroads\/"},{"@type":"ListItem","position":4,"name":"The members of the Board"}]},{"@type":"WebSite","@id":"https:\/\/www.vize.cz\/#website","url":"https:\/\/www.vize.cz\/","name":"Vize 97","description":"","potentialAction":[{"@type":"SearchAction","target":{"@type":"EntryPoint","urlTemplate":"https:\/\/www.vize.cz\/?s={search_term_string}"},"query-input":{"@type":"PropertyValueSpecification","valueRequired":true,"valueName":"search_term_string"}}],"inLanguage":"en-US"}]}},"_links":{"self":[{"href":"https:\/\/www.vize.cz\/en\/wp-json\/wp\/v2\/pages\/13633","targetHints":{"allow":["GET"]}}],"collection":[{"href":"https:\/\/www.vize.cz\/en\/wp-json\/wp\/v2\/pages"}],"about":[{"href":"https:\/\/www.vize.cz\/en\/wp-json\/wp\/v2\/types\/page"}],"author":[{"embeddable":true,"href":"https:\/\/www.vize.cz\/en\/wp-json\/wp\/v2\/users\/25"}],"replies":[{"embeddable":true,"href":"https:\/\/www.vize.cz\/en\/wp-json\/wp\/v2\/comments?post=13633"}],"version-history":[{"count":1,"href":"https:\/\/www.vize.cz\/en\/wp-json\/wp\/v2\/pages\/13633\/revisions"}],"predecessor-version":[{"id":13634,"href":"https:\/\/www.vize.cz\/en\/wp-json\/wp\/v2\/pages\/13633\/revisions\/13634"}],"up":[{"embeddable":true,"href":"https:\/\/www.vize.cz\/en\/wp-json\/wp\/v2\/pages\/13223"}],"wp:attachment":[{"href":"https:\/\/www.vize.cz\/en\/wp-json\/wp\/v2\/media?parent=13633"}],"curies":[{"name":"wp","href":"https:\/\/api.w.org\/{rel}","templated":true}]}}