{"id":13810,"date":"2016-05-27T09:47:44","date_gmt":"2016-05-27T08:47:44","guid":{"rendered":"http:\/\/www.vize.cz\/en\/?page_id=13810"},"modified":"2020-12-11T10:11:51","modified_gmt":"2020-12-11T09:11:51","slug":"buildings-streets-public-places","status":"publish","type":"page","link":"https:\/\/www.vize.cz\/en\/vaclav-havel\/vaclav-havels-legacy\/buildings-streets-public-places\/","title":{"rendered":"Buildings, streets, public places"},"content":{"rendered":"<ul class=\"first-bullet\">\n<li>Gdansk, Poland \u2013 a new street was given the name V\u00e1clav Havel Avenue<\/li>\n<li>Litom\u011b\u0159ice, Czech Republic \u2013 Observatory Park was renamed V\u00e1clav Havel Park\u00a0and a bust of V\u00e1clav Havel by the sculptor Al\u017eb\u011bta Kumst\u00e1tov\u00e1\u00a0was placed within it<\/li>\n<li>Kralupy nad Vltavou, Czech Reopublic \u2013 the primary school in Revolu\u010dn\u00ed ulice\u00a0was named after V\u00e1clav Havel<\/li>\n<li>Opole, Poland \u2013 a street and a small square at the university were\u00a0named after V\u00e1clav Havel<\/li>\n<li>Ostrov nad Oh\u0159\u00ed, Czech Republic \u2013 part of the Prince\u2019s Palace was renamed\u00a0V\u00e1clav Havel\u2019s Orangery<\/li>\n<li>Pod\u011bbrady, Czech Republic \u2013 &#8220;Na Valech&#8221; primary school was renamed after the\u00a0late President<\/li>\n<li>Prague, Czech Republic \u2013 V\u00e1clav Havel Airport<\/li>\n<li>Prague, Czech Republic \u2013 the theatre at the The English International School in the\u00a0Prague district of Libu\u0161 was renamed in honour of V\u00e1clav Havel<\/li>\n<li>Brno, Country District, Czech Republic\u00a0\u2013 The Elementary School and Kindergarten of V\u00e1clav Havel in \u017d\u010f\u00e1rec,<\/li>\n<li>La Valletta, Malta \u2013 Memorial in the Hastings Garden<\/li>\n<li>Paris, France \u2013 V\u00e1clav Havel Library<\/li>\n<li>Tbilisi, Georgia\u00a0\u2013\u00a0V\u00e1clav Havel Park<\/li>\n<li>Brno, Czech Republic \u2013 V\u00e1clav Havel Street<\/li>\n<li>Dallas, USA\u00a0\u2013 V\u00e1clav Havel Czech School<\/li>\n<li>Hradec Kr\u00e1lov\u00e9, Czech Republic \u2013 new V\u00e1clav Havel Gallery<\/li>\n<li>Haifa, Israel\u00a0\u2013 square named after V\u00e1clav Havel<\/li>\n<li>Jerusalem, Israel\u00a0\u2013 one of the gardens named after V\u00e1clav Havel<\/li>\n<li>Prague, V\u00e1clav Havla \u2013 square named after V\u00e1clav Havel<\/li>\n<li>Kiev, Ukraine \u2013 V\u00e1clav Havel Street<\/li>\n<li>Trutnov, Czech Republic \u2013 V\u00e1clav Havel Street<\/li>\n<li>Strasbourg &#8211; Naming of a Parliament building after V\u00e1clav Havel<\/li>\n<li>\u0158\u00ed\u010dany &#8211; V\u00e1clav Havel Park<\/li>\n<li>Olomouc &#8211; V\u00e1clav Havel Classroom, Palack\u00fd University Olomouc<\/li>\n<li>Hradec Kr\u00e1lov\u00e9 &#8211; V\u00e1clav Havel Square<\/li>\n<li>Litomy\u0161l &#8211; V\u00e1clav Havel Square<\/li>\n<li>Rennes &#8211; V\u00e1clav Havel Classroom, IPAG Institute<\/li>\n<li>Warsaw &#8211; V\u00e1clav Havel Square<\/li>\n<\/ul>\n","protected":false},"excerpt":{"rendered":"<p>Gdansk, Poland \u2013 a new street was given the name V\u00e1clav Havel Avenue Litom\u011b\u0159ice, Czech Republic \u2013 Observatory Park was&#8230;<\/p>\n","protected":false},"author":25,"featured_media":0,"parent":13236,"menu_order":0,"comment_status":"closed","ping_status":"closed","template":"","meta":{"_acf_changed":false,"footnotes":""},"class_list":["post-13810","page","type-page","status-publish","hentry"],"acf":[],"yoast_head":"<!-- This site is optimized with the Yoast SEO plugin v26.7 - https:\/\/yoast.com\/wordpress\/plugins\/seo\/ -->\n<title>Buildings, streets, public places - Vize 97<\/title>\n<meta name=\"robots\" content=\"index, follow, max-snippet:-1, max-image-preview:large, max-video-preview:-1\" \/>\n<link rel=\"canonical\" href=\"https:\/\/www.vize.cz\/en\/vaclav-havel\/vaclav-havels-legacy\/buildings-streets-public-places\/\" \/>\n<meta property=\"og:locale\" content=\"en_US\" \/>\n<meta property=\"og:type\" content=\"article\" \/>\n<meta property=\"og:title\" content=\"Buildings, streets, public places - Vize 97\" \/>\n<meta property=\"og:description\" content=\"Gdansk, Poland \u2013 a new street was given the name V\u00e1clav Havel Avenue Litom\u011b\u0159ice, Czech Republic \u2013 Observatory Park was...\" \/>\n<meta property=\"og:url\" content=\"https:\/\/www.vize.cz\/en\/vaclav-havel\/vaclav-havels-legacy\/buildings-streets-public-places\/\" \/>\n<meta property=\"og:site_name\" content=\"Vize 97\" \/>\n<meta property=\"article:modified_time\" content=\"2020-12-11T09:11:51+00:00\" \/>\n<meta name=\"twitter:label1\" content=\"Est. reading time\" \/>\n\t<meta name=\"twitter:data1\" content=\"2 minutes\" \/>\n<script type=\"application\/ld+json\" class=\"yoast-schema-graph\">{\"@context\":\"https:\/\/schema.org\",\"@graph\":[{\"@type\":\"WebPage\",\"@id\":\"https:\/\/www.vize.cz\/en\/vaclav-havel\/vaclav-havels-legacy\/buildings-streets-public-places\/\",\"url\":\"https:\/\/www.vize.cz\/en\/vaclav-havel\/vaclav-havels-legacy\/buildings-streets-public-places\/\",\"name\":\"Buildings, streets, public places - Vize 97\",\"isPartOf\":{\"@id\":\"https:\/\/www.vize.cz\/#website\"},\"datePublished\":\"2016-05-27T08:47:44+00:00\",\"dateModified\":\"2020-12-11T09:11:51+00:00\",\"breadcrumb\":{\"@id\":\"https:\/\/www.vize.cz\/en\/vaclav-havel\/vaclav-havels-legacy\/buildings-streets-public-places\/#breadcrumb\"},\"inLanguage\":\"en-US\",\"potentialAction\":[{\"@type\":\"ReadAction\",\"target\":[\"https:\/\/www.vize.cz\/en\/vaclav-havel\/vaclav-havels-legacy\/buildings-streets-public-places\/\"]}]},{\"@type\":\"BreadcrumbList\",\"@id\":\"https:\/\/www.vize.cz\/en\/vaclav-havel\/vaclav-havels-legacy\/buildings-streets-public-places\/#breadcrumb\",\"itemListElement\":[{\"@type\":\"ListItem\",\"position\":1,\"name\":\"\u00davod\",\"item\":\"https:\/\/www.vize.cz\/en\/\"},{\"@type\":\"ListItem\",\"position\":2,\"name\":\"V\u00e1clav Havel\",\"item\":\"https:\/\/www.vize.cz\/en\/vaclav-havel\/\"},{\"@type\":\"ListItem\",\"position\":3,\"name\":\"V\u00e1clav Havel&#8217;s Legacy\",\"item\":\"https:\/\/www.vize.cz\/en\/vaclav-havel\/vaclav-havels-legacy\/\"},{\"@type\":\"ListItem\",\"position\":4,\"name\":\"Buildings, streets, public places\"}]},{\"@type\":\"WebSite\",\"@id\":\"https:\/\/www.vize.cz\/#website\",\"url\":\"https:\/\/www.vize.cz\/\",\"name\":\"Vize 97\",\"description\":\"\",\"potentialAction\":[{\"@type\":\"SearchAction\",\"target\":{\"@type\":\"EntryPoint\",\"urlTemplate\":\"https:\/\/www.vize.cz\/?s={search_term_string}\"},\"query-input\":{\"@type\":\"PropertyValueSpecification\",\"valueRequired\":true,\"valueName\":\"search_term_string\"}}],\"inLanguage\":\"en-US\"}]}<\/script>\n<!-- \/ Yoast SEO plugin. -->","yoast_head_json":{"title":"Buildings, streets, public places - Vize 97","robots":{"index":"index","follow":"follow","max-snippet":"max-snippet:-1","max-image-preview":"max-image-preview:large","max-video-preview":"max-video-preview:-1"},"canonical":"https:\/\/www.vize.cz\/en\/vaclav-havel\/vaclav-havels-legacy\/buildings-streets-public-places\/","og_locale":"en_US","og_type":"article","og_title":"Buildings, streets, public places - Vize 97","og_description":"Gdansk, Poland \u2013 a new street was given the name V\u00e1clav Havel Avenue Litom\u011b\u0159ice, Czech Republic \u2013 Observatory Park was...","og_url":"https:\/\/www.vize.cz\/en\/vaclav-havel\/vaclav-havels-legacy\/buildings-streets-public-places\/","og_site_name":"Vize 97","article_modified_time":"2020-12-11T09:11:51+00:00","twitter_misc":{"Est. reading time":"2 minutes"},"schema":{"@context":"https:\/\/schema.org","@graph":[{"@type":"WebPage","@id":"https:\/\/www.vize.cz\/en\/vaclav-havel\/vaclav-havels-legacy\/buildings-streets-public-places\/","url":"https:\/\/www.vize.cz\/en\/vaclav-havel\/vaclav-havels-legacy\/buildings-streets-public-places\/","name":"Buildings, streets, public places - Vize 97","isPartOf":{"@id":"https:\/\/www.vize.cz\/#website"},"datePublished":"2016-05-27T08:47:44+00:00","dateModified":"2020-12-11T09:11:51+00:00","breadcrumb":{"@id":"https:\/\/www.vize.cz\/en\/vaclav-havel\/vaclav-havels-legacy\/buildings-streets-public-places\/#breadcrumb"},"inLanguage":"en-US","potentialAction":[{"@type":"ReadAction","target":["https:\/\/www.vize.cz\/en\/vaclav-havel\/vaclav-havels-legacy\/buildings-streets-public-places\/"]}]},{"@type":"BreadcrumbList","@id":"https:\/\/www.vize.cz\/en\/vaclav-havel\/vaclav-havels-legacy\/buildings-streets-public-places\/#breadcrumb","itemListElement":[{"@type":"ListItem","position":1,"name":"\u00davod","item":"https:\/\/www.vize.cz\/en\/"},{"@type":"ListItem","position":2,"name":"V\u00e1clav Havel","item":"https:\/\/www.vize.cz\/en\/vaclav-havel\/"},{"@type":"ListItem","position":3,"name":"V\u00e1clav Havel&#8217;s Legacy","item":"https:\/\/www.vize.cz\/en\/vaclav-havel\/vaclav-havels-legacy\/"},{"@type":"ListItem","position":4,"name":"Buildings, streets, public places"}]},{"@type":"WebSite","@id":"https:\/\/www.vize.cz\/#website","url":"https:\/\/www.vize.cz\/","name":"Vize 97","description":"","potentialAction":[{"@type":"SearchAction","target":{"@type":"EntryPoint","urlTemplate":"https:\/\/www.vize.cz\/?s={search_term_string}"},"query-input":{"@type":"PropertyValueSpecification","valueRequired":true,"valueName":"search_term_string"}}],"inLanguage":"en-US"}]}},"_links":{"self":[{"href":"https:\/\/www.vize.cz\/en\/wp-json\/wp\/v2\/pages\/13810","targetHints":{"allow":["GET"]}}],"collection":[{"href":"https:\/\/www.vize.cz\/en\/wp-json\/wp\/v2\/pages"}],"about":[{"href":"https:\/\/www.vize.cz\/en\/wp-json\/wp\/v2\/types\/page"}],"author":[{"embeddable":true,"href":"https:\/\/www.vize.cz\/en\/wp-json\/wp\/v2\/users\/25"}],"replies":[{"embeddable":true,"href":"https:\/\/www.vize.cz\/en\/wp-json\/wp\/v2\/comments?post=13810"}],"version-history":[{"count":8,"href":"https:\/\/www.vize.cz\/en\/wp-json\/wp\/v2\/pages\/13810\/revisions"}],"predecessor-version":[{"id":20506,"href":"https:\/\/www.vize.cz\/en\/wp-json\/wp\/v2\/pages\/13810\/revisions\/20506"}],"up":[{"embeddable":true,"href":"https:\/\/www.vize.cz\/en\/wp-json\/wp\/v2\/pages\/13236"}],"wp:attachment":[{"href":"https:\/\/www.vize.cz\/en\/wp-json\/wp\/v2\/media?parent=13810"}],"curies":[{"name":"wp","href":"https:\/\/api.w.org\/{rel}","templated":true}]}}