{"id":13814,"date":"2016-05-27T10:33:17","date_gmt":"2016-05-27T09:33:17","guid":{"rendered":"http:\/\/www.vize.cz\/en\/?page_id=13814"},"modified":"2025-06-17T12:58:05","modified_gmt":"2025-06-17T10:58:05","slug":"havels-places","status":"publish","type":"page","link":"https:\/\/www.vize.cz\/en\/vaclav-havel\/havels-places\/","title":{"rendered":"Havel&#8217;s Places"},"content":{"rendered":"\r\n<p>Havel&#8217;s Places (by Bo\u0159ek \u0160\u00edpek)<\/p>\r\n\r\n\r\n\r\n<p>A great homage to the\u00a0memory of V\u00e1clav\u00a0Havel was the idea to create \u201cHavel\u2019s Place\u201d in the symbolic form of two armchairs and table beneath a linden, the Czech\u00a0national tree. It is a place where people can sit and reflect and make new contacts, engage in dialogue or listen to the ideas of others.<\/p>\r\n\r\n\r\n\r\n<figure class=\"wp-block-image\"><a href=\"https:\/\/www.vize.cz\/wp-content\/uploads\/2016\/05\/061FOTO-ALAN-PAJER.jpg\" class=\"thickbox\" data-rel=\"thickbox\"><img loading=\"lazy\" decoding=\"async\" width=\"300\" height=\"200\" class=\"wp-image-13684\" src=\"https:\/\/www.vize.cz\/wp-content\/uploads\/2016\/05\/061FOTO-ALAN-PAJER-300x200.jpg\" alt=\"061FOTO ALAN PAJER\" srcset=\"https:\/\/www.vize.cz\/wp-content\/uploads\/2016\/05\/061FOTO-ALAN-PAJER-300x200.jpg 300w, https:\/\/www.vize.cz\/wp-content\/uploads\/2016\/05\/061FOTO-ALAN-PAJER-600x400.jpg 600w, https:\/\/www.vize.cz\/wp-content\/uploads\/2016\/05\/061FOTO-ALAN-PAJER.jpg 638w\" sizes=\"auto, (max-width: 300px) 100vw, 300px\" \/><\/a><\/figure>\r\n\r\n\r\n\r\n<div class=\"wp-block-spacer\" style=\"height: 43px;\" aria-hidden=\"true\">\u00a0<\/div>\r\n\r\n\r\n\r\n<p><strong>2013<\/strong><\/p>\r\n\r\n\r\n\r\n<p>Washington D.C., Georgetown University, USA (3. 10. 2013)<\/p>\r\n\r\n\r\n\r\n<p>Dublin, Park adjacent to the St. Patrick Cathedral,\u00a0Ireland (10. 12. 2013)<\/p>\r\n\r\n\r\n\r\n<div class=\"wp-block-spacer\" style=\"height: 43px;\" aria-hidden=\"true\">\u00a0<\/div>\r\n\r\n\r\n\r\n<p><strong>2<\/strong><strong>014<\/strong><\/p>\r\n\r\n\r\n\r\n<p>Barcelona, Parc de la Ciutadella, Spain (15. 2. 2014)<\/p>\r\n\r\n\r\n\r\n<p>Prague, Maltese square, Czech Republic\u00a0(1. 5. 2014)<\/p>\r\n\r\n\r\n\r\n<p>\u010cesk\u00e9 Bud\u011bjovice, South Bohemian University, Czech Republic (11. 6. 2014)<\/p>\r\n\r\n\r\n\r\n<p>Philadelphia, USA (5. 8. 2014)<\/p>\r\n\r\n\r\n\r\n<p>Venice, San Servolo, Italy (27. 9. 2014)<\/p>\r\n\r\n\r\n\r\n<p>Hradec Kr\u00e1lov\u00e9, Municipal Library, Czech Republic\u00a0(4. 10. 2014)<\/p>\r\n\r\n\r\n\r\n<p>Plze\u0148, \u0160afa\u0159\u00edk Gardens, Czech Republic (October 2014)<\/p>\r\n\r\n\r\n\r\n<p>Haag, Lange Voorhout Park, Netherlands (9. 11. 2014)<\/p>\r\n\r\n\r\n\r\n<p>Oxford, University of Oxford, Great Britain (6. 11. 2014)<\/p>\r\n\r\n\r\n\r\n<p>Nov\u00fd Bor, N\u00e1m\u011bst\u00ed M\u00edru, Czech Republic (19. 11. 2014)<\/p>\r\n\r\n\r\n\r\n<div class=\"wp-block-spacer\" style=\"height: 43px;\" aria-hidden=\"true\">\u00a0<\/div>\r\n\r\n\r\n\r\n<p><strong>2015<\/strong><\/p>\r\n\r\n\r\n\r\n<p>Portland, Lewis&amp;Clark College, USA (9. 5. 2015)<\/p>\r\n\r\n\r\n\r\n<p>Karlovy Vary, park outside the Imperial Spa, Czech Republic (5. 7. 2015)<\/p>\r\n\r\n\r\n\r\n<p>Tel Aviv, Israel (27. 10. 2015)<\/p>\r\n\r\n\r\n\r\n<p>Pardubice, University of Pardubice, Czech Republic (13. 11. 2015)<\/p>\r\n\r\n\r\n\r\n<p>Kr\u00e1sn\u00e1 L\u00edpa, Czech Republic (17. 11. 2015)<\/p>\r\n\r\n\r\n\r\n<div class=\"wp-block-spacer\" style=\"height: 43px;\" aria-hidden=\"true\">\u00a0<\/div>\r\n\r\n\r\n\r\n<p><strong>2016<\/strong><\/p>\r\n\r\n\r\n\r\n<p>Liberec, The Regional Research Library in Liberec, Czech Republic (8. 3. 2016)<\/p>\r\n\r\n\r\n\r\n<p>Krom\u011b\u0159\u00ed\u017e, Velk\u00e9 n\u00e1m\u011bst\u00ed, Czech Republic (14. 9. 2016)<\/p>\r\n\r\n\r\n\r\n<p>\u010cerno\u0161ice, Centrum square, Vr\u00e1\u017e, Czech Republic (25. 9. 2016)<\/p>\r\n\r\n\r\n\r\n<p>\u00dast\u00ed nad Labem, Jan Evangelista Purkyn\u011b University, Czech Republic (10. 10. 2016)<\/p>\r\n\r\n\r\n\r\n<div class=\"wp-block-spacer\" style=\"height: 43px;\" aria-hidden=\"true\">\u00a0<\/div>\r\n\r\n\r\n\r\n<p><strong>2017<\/strong><\/p>\r\n\r\n\r\n\r\n<p>Horn\u00ed Po\u010dernice, Theatre Horn\u00ed Po\u010dernice, Czech Republic (18. 5. 2017)<\/p>\r\n\r\n\r\n\r\n<p>Olomouc, University Palack\u00e9ho, Biskupsk\u00e9ho n\u00e1m\u011bst\u00ed, Czech Republic (17. 6. 2017)<\/p>\r\n\r\n\r\n\r\n<p>Lisboa, Jardim do Pr\u00edncipe Real, Portugal (22. 6. 2017)<\/p>\r\n\r\n\r\n\r\n<p>Mlad\u00e1 Boleslav, Havelsk\u00fd park, Czech Republic (25. 9. 2017)<\/p>\r\n\r\n\r\n\r\n<div class=\"wp-block-spacer\" style=\"height: 43px;\" aria-hidden=\"true\">\u00a0<\/div>\r\n\r\n\r\n\r\n<p><strong>2018<\/strong><\/p>\r\n\r\n\r\n\r\n<p>Ljubljana, Nothern City Park, Slovenia (16. b\u0159ezna 2018)<\/p>\r\n\r\n\r\n\r\n<p>Ko\u0161ice, Stroj\u00e1rensk\u00e1 ulice, Slovak Republic (6. 6. 2018)<\/p>\r\n\r\n\r\n\r\n<p>\u0160umperk, 28. \u0159\u00edjna, Czech Republic (4. 10. 2018)<\/p>\r\n\r\n\r\n\r\n<p>Geneva, Park Jardin Monumental Brunswick, Switzerland (16.11.2018)<\/p>\r\n\r\n\r\n\r\n<div class=\"wp-block-spacer\" style=\"height: 43px;\" aria-hidden=\"true\">\u00a0<\/div>\r\n\r\n\r\n\r\n<p><strong>2019<\/strong><\/p>\r\n\r\n\r\n\r\n<p>Brno, Kapuc\u00ednsk\u00e9 terasy, Czech Republic (5. 10. 2019)<\/p>\r\n\r\n\r\n\r\n<p>Milano, University Statale di Milano courtyard , Italy (13.11.2019)<\/p>\r\n\r\n\r\n\r\n<p>Brand\u00fds nad Labem, Ivan Olbracht street, Czech Republic (17. 11. 2019)<\/p>\r\n\r\n\r\n\r\n<p>\u010celadn\u00e1, Na Rozcest\u00ed, Czech Republic (17. 11. 2019)<\/p>\r\n\r\n\r\n\r\n<p>Ti\u0161nov, park in front of the church, Czech Republic (17.11.2019)<\/p>\r\n\r\n\r\n\r\n<p>Zl\u00edn, TGM square, Czech Republic (17.11.2019)<\/p>\r\n\r\n\r\n\r\n<div class=\"wp-block-spacer\" style=\"height: 43px;\" aria-hidden=\"true\">\u00a0<\/div>\r\n\r\n\r\n\r\n<p><strong>2020<\/strong><\/p>\r\n\r\n\r\n\r\n<p>Bratislava, Vajansk\u00e9ho sady, Slovak Republic (5. 7. 2020)<\/p>\r\n\r\n\r\n\r\n<p>Cheb, n\u00e1m Kr\u00e1le Ji\u0159\u00edho z Pod\u011bbrad, Czech Republic (27. 7. 2020)<\/p>\r\n\r\n\r\n\r\n<p>Jihlava, Jana Masaryka street, Czech Republic \u00a0(21. 8. 2020)<\/p>\r\n\r\n\r\n\r\n<div class=\"wp-block-spacer\" style=\"height: 43px;\" aria-hidden=\"true\">\u00a0<\/div>\r\n\r\n\r\n\r\n<p><strong>2021<\/strong><\/p>\r\n\r\n\r\n\r\n<p>Lima, \u00a0Parque del Libro, Peru (15. 9. 2021)<\/p>\r\n\r\n\r\n\r\n<p>\u010cakovice, park of Hus, Czech Republic (5. 10. 2021)<\/p>\r\n\r\n\r\n\r\n<p>Brussels, Park Leopold, Belgie (12. 10. 2021)<\/p>\r\n\r\n\r\n\r\n<p>Athens, Park of Freedom, Greece ( 9. 11. 2021)<\/p>\r\n\r\n\r\n\r\n<p>Hiroshima, \u0160ud\u00f3 Univrsity, Japan (7. 12. 2021)<\/p>\r\n\r\n\r\n\r\n<p>Ji\u010d\u00edn, Z\u00e1meck\u00fd park, Czech Republic (10. 12. 2021)<\/p>\r\n\r\n\r\n\r\n<div class=\"wp-block-spacer\" style=\"height: 43px;\" aria-hidden=\"true\">\u00a0<\/div>\r\n\r\n\r\n\r\n<p><strong>2022<\/strong><\/p>\r\n\r\n\r\n\r\n<p>Houjarray, Bazoches-sur-Guyonne near Paris, Jean Monnet House, France (13. 6. 2022)<\/p>\r\n\r\n\r\n\r\n<p>Pod\u011bbrady, Spa Park, Czech Republic (11. 8. 2022)<\/p>\r\n\r\n\r\n\r\n<p>Mnichovo Hradi\u0161t\u011b, Ivan Olbracht street, Czech Republic (17. 11. 2022)<\/p>\r\n\r\n\r\n\r\n<p>Prague \u2013 Old town, Hollar driftwood under Smetana embankment, Czech Republic (17. 11. 2022)<\/p>\r\n\r\n\r\n\r\n<p>Kutn\u00e1 Hora, Komensk\u00fd square, Czech Republic (17. 11. 2022)<\/p>\r\n\r\n\r\n\r\n<div class=\"wp-block-spacer\" style=\"height: 43px;\" aria-hidden=\"true\">\u00a0<\/div>\r\n\r\n\r\n\r\n<p><strong>2023<\/strong><\/p>\r\n\r\n\r\n\r\n<p>Ostrava, City Campus of University of Ostrava (13. 2. 2023)<\/p>\r\n\r\n\r\n\r\n<p>Paris, 15 avenue Charles Floquet, in front of the Embassy of the Czech Republic, France (20. 12. 2023)<\/p>\r\n<p>&nbsp;<\/p>\r\n<p><strong>2024<\/strong><\/p>\r\n<div class=\"wp-block-spacer\" aria-hidden=\"true\">\r\n<p>Monako, Rocher Centre-ville de Monaco (29. 5. 2024)<\/p>\r\n<p>Budislav, the space by the Church of God&#8217;s Love (1. 6. 2024)<\/p>\r\n<\/div>\r\n\r\n\r\n\r\n<div class=\"wp-block-spacer\" style=\"height: 43px;\" aria-hidden=\"true\">\r\n<div class=\"wp-block-spacer\" aria-hidden=\"true\">\u00a0<\/div>\r\n<p><strong>2025<\/strong><\/p>\r\n<p>Helsinki, park Makasiinipuisto, Finland (8. 5. 2025)<\/p>\r\n<p>W\u00fcrzburg, Platz vor dem Grafeneckart, Germany (23. 5. 2025)<\/p>\r\n<p>Seoul, park Yangjae-cheon, South Korea (26. 5. 2025)<\/p>\r\n<p>&nbsp;<\/p>\r\n<p>&nbsp;<\/p>\r\n<p><\/p>\r\n\r\n<p>&nbsp;<\/p>\r\n<\/div>\r\n<div aria-hidden=\"true\">\u00a0<\/div>\r\n<div aria-hidden=\"true\">\u00a0<\/div>\r\n<div aria-hidden=\"true\">\u00a0<\/div>\r\n<div aria-hidden=\"true\">\u00a0<\/div>\r\n<div aria-hidden=\"true\">\u00a0<\/div>\r\n<div aria-hidden=\"true\">\u00a0<\/div>\r\n<div aria-hidden=\"true\">\u00a0<\/div>\r\n<div aria-hidden=\"true\">\u00a0<\/div>\r\n<div aria-hidden=\"true\">\u00a0<\/div>\r\n\r\n\r\n\r\n<p><strong>CONTACT:<\/strong><\/p>\r\n\r\n\r\n\r\n<p>Petr Mader<\/p>\r\n\r\n\r\n\r\n<p><a href=\"mailto:petr.mader@icloud.com\">petr.mader@icloud.com<\/a><\/p>\r\n\r\n\r\n\r\n<p>Tel: +420 776 213 202<\/p>\r\n","protected":false},"excerpt":{"rendered":"<p>Havel&#8217;s Places (by Bo\u0159ek \u0160\u00edpek) A great homage to the\u00a0memory of V\u00e1clav\u00a0Havel was the idea to create \u201cHavel\u2019s Place\u201d in&#8230;<\/p>\n","protected":false},"author":25,"featured_media":0,"parent":13234,"menu_order":0,"comment_status":"closed","ping_status":"closed","template":"","meta":{"_acf_changed":false,"footnotes":""},"class_list":["post-13814","page","type-page","status-publish","hentry"],"acf":[],"yoast_head":"<!-- This site is optimized with the Yoast SEO plugin v26.7 - https:\/\/yoast.com\/wordpress\/plugins\/seo\/ -->\n<title>Havel&#039;s Places - Vize 97<\/title>\n<meta name=\"robots\" content=\"index, follow, max-snippet:-1, max-image-preview:large, max-video-preview:-1\" \/>\n<link rel=\"canonical\" href=\"https:\/\/www.vize.cz\/en\/vaclav-havel\/havels-places\/\" \/>\n<meta property=\"og:locale\" content=\"en_US\" \/>\n<meta property=\"og:type\" content=\"article\" \/>\n<meta property=\"og:title\" content=\"Havel&#039;s Places - Vize 97\" \/>\n<meta property=\"og:description\" content=\"Havel&#8217;s Places (by Bo\u0159ek \u0160\u00edpek) A great homage to the\u00a0memory of V\u00e1clav\u00a0Havel was the idea to create \u201cHavel\u2019s Place\u201d in...\" \/>\n<meta property=\"og:url\" content=\"https:\/\/www.vize.cz\/en\/vaclav-havel\/havels-places\/\" \/>\n<meta property=\"og:site_name\" content=\"Vize 97\" \/>\n<meta property=\"article:modified_time\" content=\"2025-06-17T10:58:05+00:00\" \/>\n<meta property=\"og:image\" content=\"https:\/\/www.vize.cz\/wp-content\/uploads\/2016\/05\/061FOTO-ALAN-PAJER.jpg\" \/>\n\t<meta property=\"og:image:width\" content=\"638\" \/>\n\t<meta property=\"og:image:height\" content=\"425\" \/>\n\t<meta property=\"og:image:type\" content=\"image\/jpeg\" \/>\n<meta name=\"twitter:label1\" content=\"Est. reading time\" \/>\n\t<meta name=\"twitter:data1\" content=\"4 minutes\" \/>\n<script type=\"application\/ld+json\" class=\"yoast-schema-graph\">{\"@context\":\"https:\/\/schema.org\",\"@graph\":[{\"@type\":\"WebPage\",\"@id\":\"https:\/\/www.vize.cz\/en\/vaclav-havel\/havels-places\/\",\"url\":\"https:\/\/www.vize.cz\/en\/vaclav-havel\/havels-places\/\",\"name\":\"Havel's Places - Vize 97\",\"isPartOf\":{\"@id\":\"https:\/\/www.vize.cz\/#website\"},\"primaryImageOfPage\":{\"@id\":\"https:\/\/www.vize.cz\/en\/vaclav-havel\/havels-places\/#primaryimage\"},\"image\":{\"@id\":\"https:\/\/www.vize.cz\/en\/vaclav-havel\/havels-places\/#primaryimage\"},\"thumbnailUrl\":\"https:\/\/www.vize.cz\/wp-content\/uploads\/2016\/05\/061FOTO-ALAN-PAJER-300x200.jpg\",\"datePublished\":\"2016-05-27T09:33:17+00:00\",\"dateModified\":\"2025-06-17T10:58:05+00:00\",\"breadcrumb\":{\"@id\":\"https:\/\/www.vize.cz\/en\/vaclav-havel\/havels-places\/#breadcrumb\"},\"inLanguage\":\"en-US\",\"potentialAction\":[{\"@type\":\"ReadAction\",\"target\":[\"https:\/\/www.vize.cz\/en\/vaclav-havel\/havels-places\/\"]}]},{\"@type\":\"ImageObject\",\"inLanguage\":\"en-US\",\"@id\":\"https:\/\/www.vize.cz\/en\/vaclav-havel\/havels-places\/#primaryimage\",\"url\":\"https:\/\/www.vize.cz\/wp-content\/uploads\/2016\/05\/061FOTO-ALAN-PAJER-300x200.jpg\",\"contentUrl\":\"https:\/\/www.vize.cz\/wp-content\/uploads\/2016\/05\/061FOTO-ALAN-PAJER-300x200.jpg\"},{\"@type\":\"BreadcrumbList\",\"@id\":\"https:\/\/www.vize.cz\/en\/vaclav-havel\/havels-places\/#breadcrumb\",\"itemListElement\":[{\"@type\":\"ListItem\",\"position\":1,\"name\":\"\u00davod\",\"item\":\"https:\/\/www.vize.cz\/en\/\"},{\"@type\":\"ListItem\",\"position\":2,\"name\":\"V\u00e1clav Havel\",\"item\":\"https:\/\/www.vize.cz\/en\/vaclav-havel\/\"},{\"@type\":\"ListItem\",\"position\":3,\"name\":\"Havel&#8217;s Places\"}]},{\"@type\":\"WebSite\",\"@id\":\"https:\/\/www.vize.cz\/#website\",\"url\":\"https:\/\/www.vize.cz\/\",\"name\":\"Vize 97\",\"description\":\"\",\"potentialAction\":[{\"@type\":\"SearchAction\",\"target\":{\"@type\":\"EntryPoint\",\"urlTemplate\":\"https:\/\/www.vize.cz\/?s={search_term_string}\"},\"query-input\":{\"@type\":\"PropertyValueSpecification\",\"valueRequired\":true,\"valueName\":\"search_term_string\"}}],\"inLanguage\":\"en-US\"}]}<\/script>\n<!-- \/ Yoast SEO plugin. -->","yoast_head_json":{"title":"Havel's Places - Vize 97","robots":{"index":"index","follow":"follow","max-snippet":"max-snippet:-1","max-image-preview":"max-image-preview:large","max-video-preview":"max-video-preview:-1"},"canonical":"https:\/\/www.vize.cz\/en\/vaclav-havel\/havels-places\/","og_locale":"en_US","og_type":"article","og_title":"Havel's Places - Vize 97","og_description":"Havel&#8217;s Places (by Bo\u0159ek \u0160\u00edpek) A great homage to the\u00a0memory of V\u00e1clav\u00a0Havel was the idea to create \u201cHavel\u2019s Place\u201d in...","og_url":"https:\/\/www.vize.cz\/en\/vaclav-havel\/havels-places\/","og_site_name":"Vize 97","article_modified_time":"2025-06-17T10:58:05+00:00","og_image":[{"width":638,"height":425,"url":"https:\/\/www.vize.cz\/wp-content\/uploads\/2016\/05\/061FOTO-ALAN-PAJER.jpg","type":"image\/jpeg"}],"twitter_misc":{"Est. reading time":"4 minutes"},"schema":{"@context":"https:\/\/schema.org","@graph":[{"@type":"WebPage","@id":"https:\/\/www.vize.cz\/en\/vaclav-havel\/havels-places\/","url":"https:\/\/www.vize.cz\/en\/vaclav-havel\/havels-places\/","name":"Havel's Places - Vize 97","isPartOf":{"@id":"https:\/\/www.vize.cz\/#website"},"primaryImageOfPage":{"@id":"https:\/\/www.vize.cz\/en\/vaclav-havel\/havels-places\/#primaryimage"},"image":{"@id":"https:\/\/www.vize.cz\/en\/vaclav-havel\/havels-places\/#primaryimage"},"thumbnailUrl":"https:\/\/www.vize.cz\/wp-content\/uploads\/2016\/05\/061FOTO-ALAN-PAJER-300x200.jpg","datePublished":"2016-05-27T09:33:17+00:00","dateModified":"2025-06-17T10:58:05+00:00","breadcrumb":{"@id":"https:\/\/www.vize.cz\/en\/vaclav-havel\/havels-places\/#breadcrumb"},"inLanguage":"en-US","potentialAction":[{"@type":"ReadAction","target":["https:\/\/www.vize.cz\/en\/vaclav-havel\/havels-places\/"]}]},{"@type":"ImageObject","inLanguage":"en-US","@id":"https:\/\/www.vize.cz\/en\/vaclav-havel\/havels-places\/#primaryimage","url":"https:\/\/www.vize.cz\/wp-content\/uploads\/2016\/05\/061FOTO-ALAN-PAJER-300x200.jpg","contentUrl":"https:\/\/www.vize.cz\/wp-content\/uploads\/2016\/05\/061FOTO-ALAN-PAJER-300x200.jpg"},{"@type":"BreadcrumbList","@id":"https:\/\/www.vize.cz\/en\/vaclav-havel\/havels-places\/#breadcrumb","itemListElement":[{"@type":"ListItem","position":1,"name":"\u00davod","item":"https:\/\/www.vize.cz\/en\/"},{"@type":"ListItem","position":2,"name":"V\u00e1clav Havel","item":"https:\/\/www.vize.cz\/en\/vaclav-havel\/"},{"@type":"ListItem","position":3,"name":"Havel&#8217;s Places"}]},{"@type":"WebSite","@id":"https:\/\/www.vize.cz\/#website","url":"https:\/\/www.vize.cz\/","name":"Vize 97","description":"","potentialAction":[{"@type":"SearchAction","target":{"@type":"EntryPoint","urlTemplate":"https:\/\/www.vize.cz\/?s={search_term_string}"},"query-input":{"@type":"PropertyValueSpecification","valueRequired":true,"valueName":"search_term_string"}}],"inLanguage":"en-US"}]}},"_links":{"self":[{"href":"https:\/\/www.vize.cz\/en\/wp-json\/wp\/v2\/pages\/13814","targetHints":{"allow":["GET"]}}],"collection":[{"href":"https:\/\/www.vize.cz\/en\/wp-json\/wp\/v2\/pages"}],"about":[{"href":"https:\/\/www.vize.cz\/en\/wp-json\/wp\/v2\/types\/page"}],"author":[{"embeddable":true,"href":"https:\/\/www.vize.cz\/en\/wp-json\/wp\/v2\/users\/25"}],"replies":[{"embeddable":true,"href":"https:\/\/www.vize.cz\/en\/wp-json\/wp\/v2\/comments?post=13814"}],"version-history":[{"count":21,"href":"https:\/\/www.vize.cz\/en\/wp-json\/wp\/v2\/pages\/13814\/revisions"}],"predecessor-version":[{"id":27372,"href":"https:\/\/www.vize.cz\/en\/wp-json\/wp\/v2\/pages\/13814\/revisions\/27372"}],"up":[{"embeddable":true,"href":"https:\/\/www.vize.cz\/en\/wp-json\/wp\/v2\/pages\/13234"}],"wp:attachment":[{"href":"https:\/\/www.vize.cz\/en\/wp-json\/wp\/v2\/media?parent=13814"}],"curies":[{"name":"wp","href":"https:\/\/api.w.org\/{rel}","templated":true}]}}