{"id":14146,"date":"2016-09-14T11:40:50","date_gmt":"2016-09-14T10:40:50","guid":{"rendered":"http:\/\/www.vize.cz\/en\/?page_id=14146"},"modified":"2020-08-06T14:11:15","modified_gmt":"2020-08-06T13:11:15","slug":"14146-2","status":"publish","type":"page","link":"https:\/\/www.vize.cz\/en\/vaclav-havel\/vaclav-havels-legacy\/14146-2\/","title":{"rendered":"Busts, paintings, art"},"content":{"rendered":"<ul class=\"first-bullet\">\n<li>Brussels \u2013 Ji\u0159\u00ed David\u2019s neon sculpture \u201cThe Heart\u00a0of V\u00e1clav Havel\u201d illuminated<\/li>\n<li>Jablonec nad Nisou \u2013 commemorative medals issued\u00a0by the Czech Mint<\/li>\n<li>Itri (Italy) \u2013 a floral portrait of President Havel created\u00a0for local festivities<\/li>\n<li>Plze\u0148 \u2013 K\u0159imice \u2013 a bust of President Havel by sculptor\u00a0Jaroslav Bocker placed on display<\/li>\n<li>Prague \u2013 a tapestry by Petr S\u00eds officially unveiled\u00a0at V\u00e1clav Havel Airport<\/li>\n<li>Prague \u2013 the travelling wax sculpture \u201cA Heart for V\u00e1clav Havel\u201d\u00a0by Luk\u00e1\u0161 Gavlovsk\u00fd and Roman \u0160vejda, made out of the wax of\u00a0candles burnt in memory of V\u00e1clav Havel in December 2011,<br \/>\nplaced on display<\/li>\n<li>Strasbourg \u2013 a bust of V\u00e1clav Havel by sculptor Lubom\u00edr\u00a0Jane\u010dek unveiled in the headquarters of the Council of Europe<\/li>\n<li>Strasbourg &#8211; a bust of V\u00e1clav Havel by Czech sculptor Marie \u0160eborov\u00e1 unveiled at the entrance to the European Parliament building<\/li>\n<li>An asteroid named Ferdinandvanek after a character in V\u00e1clav\u00a0Havel\u2019s play \u201cAudience\u201d<\/li>\n<li>a fabric pattern named after V\u00e1clav Havel<\/li>\n<li>Making of a student documentary film \u201cThe Heart of Havel\u201d<\/li>\n<li>Horn\u00ed Po\u010dernice &#8211; the unveiling of a commemorative plaque to V\u00e1clav Havel, designed\u00a0by Bo\u0159ek \u0160\u00edpek, on a former restaurant at Horn\u00ed Po\u010dernice\u00a0near Prague where the world premiere of Havel\u2019s \u201cBeggar\u2019s\u00a0Opera\u201d took place in November 1975.<\/li>\n<li>Capitol in Washington, D.C. \u2013 to mark of the 25th anniversary of the fall of the Iron Curtain\u00a0a bust of President V\u00e1clav Havel by the Czech-American sculptor\u00a0Lubom\u00edr Jane\u010dka was unveiled in the Capitol in Washington, D.C.<\/li>\n<li>Prague\u00a0&#8211; a further major artwork dedicated to V\u00e1clav Havel \u2013 a bronze\u00a0sculptural group entitled &#8220;Annunciation by Olbram Zoubek\u00a0was installed in the church of St Anne\u00a0(Prague Crossroads).<\/li>\n<li>On the occasion of the 25th anniversary of the Velvet Revolution,\u00a0a set of commemorative coins and medals dedicated to\u00a0V\u00e1clav Havel were issued by the Czech National Bank and\u00a0struck by the Czech Mint.<\/li>\n<li>On the third anniversary of President V\u00e1clav Havel\u2019s death the\u00a0Czech Mint launched a new collection of medals dedicated to\u00a0the memory of V\u00e1clav Havel entitled \u201cSeven Outstanding Artists,<br \/>\nSeven Medals\u201d.<\/li>\n<li>As part of celebrations of the 25th anniversary of the\u00a0re-establishment of diplomatic relations between\u00a0Czechoslovakia and the State of Israel, the ceremonial\u00a0unveiling of V\u00e1clav Havel\u2019s signature on the lobby\u00a0walkway of the King David Hotel in Jerusalem took place\u00a0on 26 October 2015. The signature was unveiled by Czech\u00a0Minister of Culture Daniel Herman, the Czech Ambassador\u00a0Ivo Schwarz and the Deputy General Manager of King David\u00a0Hotel Sheldon Ritz.<\/li>\n<li>Prague &#8211; The Heart for V\u00e1clav Havel by the academic sculptur Kurt Gebauer at V\u00e1clav Havel Square<\/li>\n<li>Letovice, Czech Republic &#8211; the unveliling of the bust of V\u00e1clav Havel by academic sculptor Kry\u0161tof Ho\u0161ek<\/li>\n<li>Prague &#8211; a duplicate of a\u00a0bust of V\u00e1clav Havel by Lubom\u00edr Jane\u010dka whose original is in the U.S. Capitol\u2019s Freedom Foyer\u00a0unveiled in the Prague Crossroads<\/li>\n<li>Prague, new work of art by Daniel Pe\u0161ta unveiled in the Prague Crossroads<\/li>\n<li>Czech Republic &#8211; a new set of V\u00e1clav Havel commemorative medals issued\u00a0on the occasion of Havel\u2019s eightieth anniversary<\/li>\n<li>Limited edition watches PRIM V\u00e1clav Havel 80<\/li>\n<li>Karlovy Vary &#8211; Unveiling of a bust of V\u00e1clav Havel at the Hotel President in Karlovy Vary<\/li>\n<li>Tbilisi, Georgia &#8211; unveiling of the statue of President V\u00e1clav Havel in Tbilisi<\/li>\n<li>Prague, the Church of St Gall (Havel) &#8211; installation of the missing Wenceslas bell, dedicated to St Wenceslas and President V\u00e1clav Havel<\/li>\n<\/ul>\n","protected":false},"excerpt":{"rendered":"<p>Brussels \u2013 Ji\u0159\u00ed David\u2019s neon sculpture \u201cThe Heart\u00a0of V\u00e1clav Havel\u201d illuminated Jablonec nad Nisou \u2013 commemorative medals issued\u00a0by the Czech&#8230;<\/p>\n","protected":false},"author":25,"featured_media":0,"parent":13236,"menu_order":0,"comment_status":"closed","ping_status":"closed","template":"","meta":{"_acf_changed":false,"footnotes":""},"class_list":["post-14146","page","type-page","status-publish","hentry"],"acf":[],"yoast_head":"<!-- This site is optimized with the Yoast SEO plugin v26.7 - https:\/\/yoast.com\/wordpress\/plugins\/seo\/ -->\n<title>Busts, paintings, art - Vize 97<\/title>\n<meta name=\"robots\" content=\"index, follow, max-snippet:-1, max-image-preview:large, max-video-preview:-1\" \/>\n<link rel=\"canonical\" href=\"https:\/\/www.vize.cz\/en\/vaclav-havel\/vaclav-havels-legacy\/14146-2\/\" \/>\n<meta property=\"og:locale\" content=\"en_US\" \/>\n<meta property=\"og:type\" content=\"article\" \/>\n<meta property=\"og:title\" content=\"Busts, paintings, art - Vize 97\" \/>\n<meta property=\"og:description\" content=\"Brussels \u2013 Ji\u0159\u00ed David\u2019s neon sculpture \u201cThe Heart\u00a0of V\u00e1clav Havel\u201d illuminated Jablonec nad Nisou \u2013 commemorative medals issued\u00a0by the Czech...\" \/>\n<meta property=\"og:url\" content=\"https:\/\/www.vize.cz\/en\/vaclav-havel\/vaclav-havels-legacy\/14146-2\/\" \/>\n<meta property=\"og:site_name\" content=\"Vize 97\" \/>\n<meta property=\"article:modified_time\" content=\"2020-08-06T13:11:15+00:00\" \/>\n<meta name=\"twitter:label1\" content=\"Est. reading time\" \/>\n\t<meta name=\"twitter:data1\" content=\"3 minutes\" \/>\n<script type=\"application\/ld+json\" class=\"yoast-schema-graph\">{\"@context\":\"https:\/\/schema.org\",\"@graph\":[{\"@type\":\"WebPage\",\"@id\":\"https:\/\/www.vize.cz\/en\/vaclav-havel\/vaclav-havels-legacy\/14146-2\/\",\"url\":\"https:\/\/www.vize.cz\/en\/vaclav-havel\/vaclav-havels-legacy\/14146-2\/\",\"name\":\"Busts, paintings, art - Vize 97\",\"isPartOf\":{\"@id\":\"https:\/\/www.vize.cz\/#website\"},\"datePublished\":\"2016-09-14T10:40:50+00:00\",\"dateModified\":\"2020-08-06T13:11:15+00:00\",\"breadcrumb\":{\"@id\":\"https:\/\/www.vize.cz\/en\/vaclav-havel\/vaclav-havels-legacy\/14146-2\/#breadcrumb\"},\"inLanguage\":\"en-US\",\"potentialAction\":[{\"@type\":\"ReadAction\",\"target\":[\"https:\/\/www.vize.cz\/en\/vaclav-havel\/vaclav-havels-legacy\/14146-2\/\"]}]},{\"@type\":\"BreadcrumbList\",\"@id\":\"https:\/\/www.vize.cz\/en\/vaclav-havel\/vaclav-havels-legacy\/14146-2\/#breadcrumb\",\"itemListElement\":[{\"@type\":\"ListItem\",\"position\":1,\"name\":\"\u00davod\",\"item\":\"https:\/\/www.vize.cz\/en\/\"},{\"@type\":\"ListItem\",\"position\":2,\"name\":\"V\u00e1clav Havel\",\"item\":\"https:\/\/www.vize.cz\/en\/vaclav-havel\/\"},{\"@type\":\"ListItem\",\"position\":3,\"name\":\"V\u00e1clav Havel&#8217;s Legacy\",\"item\":\"https:\/\/www.vize.cz\/en\/vaclav-havel\/vaclav-havels-legacy\/\"},{\"@type\":\"ListItem\",\"position\":4,\"name\":\"Busts, paintings, art\"}]},{\"@type\":\"WebSite\",\"@id\":\"https:\/\/www.vize.cz\/#website\",\"url\":\"https:\/\/www.vize.cz\/\",\"name\":\"Vize 97\",\"description\":\"\",\"potentialAction\":[{\"@type\":\"SearchAction\",\"target\":{\"@type\":\"EntryPoint\",\"urlTemplate\":\"https:\/\/www.vize.cz\/?s={search_term_string}\"},\"query-input\":{\"@type\":\"PropertyValueSpecification\",\"valueRequired\":true,\"valueName\":\"search_term_string\"}}],\"inLanguage\":\"en-US\"}]}<\/script>\n<!-- \/ Yoast SEO plugin. -->","yoast_head_json":{"title":"Busts, paintings, art - Vize 97","robots":{"index":"index","follow":"follow","max-snippet":"max-snippet:-1","max-image-preview":"max-image-preview:large","max-video-preview":"max-video-preview:-1"},"canonical":"https:\/\/www.vize.cz\/en\/vaclav-havel\/vaclav-havels-legacy\/14146-2\/","og_locale":"en_US","og_type":"article","og_title":"Busts, paintings, art - Vize 97","og_description":"Brussels \u2013 Ji\u0159\u00ed David\u2019s neon sculpture \u201cThe Heart\u00a0of V\u00e1clav Havel\u201d illuminated Jablonec nad Nisou \u2013 commemorative medals issued\u00a0by the Czech...","og_url":"https:\/\/www.vize.cz\/en\/vaclav-havel\/vaclav-havels-legacy\/14146-2\/","og_site_name":"Vize 97","article_modified_time":"2020-08-06T13:11:15+00:00","twitter_misc":{"Est. reading time":"3 minutes"},"schema":{"@context":"https:\/\/schema.org","@graph":[{"@type":"WebPage","@id":"https:\/\/www.vize.cz\/en\/vaclav-havel\/vaclav-havels-legacy\/14146-2\/","url":"https:\/\/www.vize.cz\/en\/vaclav-havel\/vaclav-havels-legacy\/14146-2\/","name":"Busts, paintings, art - Vize 97","isPartOf":{"@id":"https:\/\/www.vize.cz\/#website"},"datePublished":"2016-09-14T10:40:50+00:00","dateModified":"2020-08-06T13:11:15+00:00","breadcrumb":{"@id":"https:\/\/www.vize.cz\/en\/vaclav-havel\/vaclav-havels-legacy\/14146-2\/#breadcrumb"},"inLanguage":"en-US","potentialAction":[{"@type":"ReadAction","target":["https:\/\/www.vize.cz\/en\/vaclav-havel\/vaclav-havels-legacy\/14146-2\/"]}]},{"@type":"BreadcrumbList","@id":"https:\/\/www.vize.cz\/en\/vaclav-havel\/vaclav-havels-legacy\/14146-2\/#breadcrumb","itemListElement":[{"@type":"ListItem","position":1,"name":"\u00davod","item":"https:\/\/www.vize.cz\/en\/"},{"@type":"ListItem","position":2,"name":"V\u00e1clav Havel","item":"https:\/\/www.vize.cz\/en\/vaclav-havel\/"},{"@type":"ListItem","position":3,"name":"V\u00e1clav Havel&#8217;s Legacy","item":"https:\/\/www.vize.cz\/en\/vaclav-havel\/vaclav-havels-legacy\/"},{"@type":"ListItem","position":4,"name":"Busts, paintings, art"}]},{"@type":"WebSite","@id":"https:\/\/www.vize.cz\/#website","url":"https:\/\/www.vize.cz\/","name":"Vize 97","description":"","potentialAction":[{"@type":"SearchAction","target":{"@type":"EntryPoint","urlTemplate":"https:\/\/www.vize.cz\/?s={search_term_string}"},"query-input":{"@type":"PropertyValueSpecification","valueRequired":true,"valueName":"search_term_string"}}],"inLanguage":"en-US"}]}},"_links":{"self":[{"href":"https:\/\/www.vize.cz\/en\/wp-json\/wp\/v2\/pages\/14146","targetHints":{"allow":["GET"]}}],"collection":[{"href":"https:\/\/www.vize.cz\/en\/wp-json\/wp\/v2\/pages"}],"about":[{"href":"https:\/\/www.vize.cz\/en\/wp-json\/wp\/v2\/types\/page"}],"author":[{"embeddable":true,"href":"https:\/\/www.vize.cz\/en\/wp-json\/wp\/v2\/users\/25"}],"replies":[{"embeddable":true,"href":"https:\/\/www.vize.cz\/en\/wp-json\/wp\/v2\/comments?post=14146"}],"version-history":[{"count":9,"href":"https:\/\/www.vize.cz\/en\/wp-json\/wp\/v2\/pages\/14146\/revisions"}],"predecessor-version":[{"id":17170,"href":"https:\/\/www.vize.cz\/en\/wp-json\/wp\/v2\/pages\/14146\/revisions\/17170"}],"up":[{"embeddable":true,"href":"https:\/\/www.vize.cz\/en\/wp-json\/wp\/v2\/pages\/13236"}],"wp:attachment":[{"href":"https:\/\/www.vize.cz\/en\/wp-json\/wp\/v2\/media?parent=14146"}],"curies":[{"name":"wp","href":"https:\/\/api.w.org\/{rel}","templated":true}]}}