{"id":14199,"date":"2016-09-16T08:59:06","date_gmt":"2016-09-16T07:59:06","guid":{"rendered":"http:\/\/www.vize.cz\/en\/?page_id=14199"},"modified":"2016-09-16T09:13:18","modified_gmt":"2016-09-16T08:13:18","slug":"culture-and-art","status":"publish","type":"page","link":"https:\/\/www.vize.cz\/en\/vaclav-havel\/vaclav-havels-legacy\/culture-and-art\/","title":{"rendered":"Culture and Art"},"content":{"rendered":"<ul class=\"first-bullet\">\n<li>Albania \u2013 republication of the book \u201cTo the Castle and Back\u201d<\/li>\n<li>Avignon \u2013 the Goose on a String theatre company performed\u00a0their production \u201cHavel Circus\u201d at the Avignon festival<\/li>\n<li>Australia \u2013 the Canberra Academy of Dramatic Art held\u00a0readings of texts from four of V\u00e1clav Havel\u2019s main plays<\/li>\n<li>Brno \u2013 the play \u201cMistake\u201d performed at the Moravian Gallery as\u00a0part of the &#8220;Prison instead of Art&#8221; exhibition<\/li>\n<li>Bulgaria \u2013 translations of seventeen plays by V\u00e1clav Havel\u00a0published<\/li>\n<li>Egypt \u2013 publication of the plays \u201cAudience\u201d, \u201cProtest\u201d and\u00a0\u201cPrivate View\u201d<\/li>\n<li>France \u2013 performance of five of V\u00e1clav Havel\u2019s plays at the\u00a0\u201cVilleneuve en Sc\u00e8ne\u201d theatre festival in Paris<\/li>\n<li>India \u2013 \u201cThe Memorandum\u201d staged by the Rafiki theatre group<\/li>\n<li>South Africa \u2013 \u201cPrivate View\u201d performed by the Edenvale Acting\u00a0and Drama Society<\/li>\n<li>Kada\u0148 \u2013 \u201cPrivate View\u201d performed by amateur actors of the\u00a0Divadlo Navenek theatre company<\/li>\n<li>Canada \u2013 \u201cPrivate View\u201d performed by students from Montreal<\/li>\n<li>Canada \u2013 \u201cPrivate View\u201d performed by students from the\u00a0University of Manitoba<\/li>\n<li>Libochovice \u2013\u201dAudience\u201d performed by the Sc\u00e9na Libochovice\u00a0theatre company<\/li>\n<li>Macedonia \u2013 \u201cThe Beggars\u2019 Opera\u201d performed in the capital\u00a0Skopje by the NI Albanian Theatre<\/li>\n<li>Mlad\u00e1 Boleslav \u2013\u201dPrivate View\u201d and its loose sequel \u201cFive Aunts\u201d\u00a0from 2010 performed at the Municipal Theatre<\/li>\n<li>Moscow \u2013 \u201cV\u00e1clav Havel in Our Days\u201d Festival and an exhibition\u00a0of photographs by Old\u0159ich \u0160k\u00e1cha entitled \u201cV\u00e1clav Havel \u2013\u00a0Dissident\/President\u201d<\/li>\n<li>Moscow \u2013 \u201cHavel\u2019s Reading\u201d conference<\/li>\n<li>Germany \u2013 \u201cThe Garden Party\u201d published in a theatre magazine<\/li>\n<li>Opava \u2013 \u201cAudience\u201d produced at the Silesian Theatre<\/li>\n<li>Poland \u2013 a documentary film \u201cOur Va\u0161ek \u2013 Power of the\u00a0Powerless\u201d produced by the director Krystyna Krauz<\/li>\n<li>Prague \u2013 exhibition of photographs from the Czech Press\u00a0Agency \u201cPresident V\u00e1clav Havel \u2013 photographs 1988\u20132011\u201d<\/li>\n<li>Prague \u2013 exhibition of Alan Pajer\u2019s photographs\u00a0\u201cV\u00e1clav Havel \u2013 Citizen and President\u201d<\/li>\n<li>Prague \u2013 the play \u201cSlum Clearance\u201d included in the repertory of\u00a0the Theatre on the Balustrade<\/li>\n<li>Sokolov \u2013 the play \u201cPrivate View\u201d produced at the Divadlo bez\u00a0z\u00e1kulis\u00ed theatre<\/li>\n<li>Trutnov \u2013 the Open Air Festival Trutnov 2012 dedicated to\u00a0V\u00e1clav Havel and Ivan M. Jirous<\/li>\n<li>Ukraine \u2013 the play \u201cPrivate View\u201d performed at the National\u00a0Theatre in Lviv<\/li>\n<li>Warsaw \u2013 an exhibition entitled \u201cV\u00e1clav Havel \u2013 Citizen\u201d<\/li>\n<li>Zimbabwe \u2013 \u201cAudience\u201d performed in association with the\u00a0Ministry of Foreign Affairs<\/li>\n<li>Zimbabwe \u2013 \u201cProtest\u201d produced in Harare<\/li>\n<li>Prague \u2013 production of the play \u201cGarden Party\u201d\u00a0at the National Theatre<\/li>\n<li>Hradec Kr\u00e1lov\u00e9 \u2013 \u201cThe Beggars\u2019 Opera\u201d produced\u00a0at the Klicper Theatre<\/li>\n<li>Albania\u2013 production of the play \u201cAudience\u201d<\/li>\n<li>Prague \u2013 adaptation of \u201cEla, Hela and Stop\u201dby Czech Radio<\/li>\n<li>Fr\u00fddlant nad Ostravic\u00ed \u2013 performance\u00a0of \u201cMemorandum\u201d v GM KLUBU<\/li>\n<li>Macau, Hong Kong \u2013 performance of \u201cMemorandum\u201d,\u00a0Associacao de Representacao Teatral Hiu Koc<\/li>\n<li>Lisbon \u2013 performance of \u201cAudience\u201d<\/li>\n<li>Hong Kong \u2013 performance of \u201cMemorandum\u201d\u00a0by Class 7A Drama Group Limited<\/li>\n<li>Prague \u2013 production of \u201cMountain Hotel\u201d by\u00a0the &#8220;Buchty a loutky&#8221; company<\/li>\n<li>Paris \u2013 performance of the plays \u201cAudience\u201d and \u201cPrivate View\u201d\u00a0at the Th\u00e9\u00e2tre de l\u2019Ile Saint-Louis-Paul Rey in a production by La\u00a0Compagnie du Tourtour<\/li>\n<li>France \u2013 performance of \u201cAudience\u201d \u2013 SACD<\/li>\n<li>France \u2013 performance of \u201cMemorandum\u201d \u2013 SACD<\/li>\n<li>France \u2013 performance of \u201cBeggars\u2019 Opera\u201d \u2013 SACD<\/li>\n<li>Prague \u2013 production of \u201cAnticodes\u201d at the New Stage\u00a0of the National Theatre<\/li>\n<li>Vysokov \u2013 \u201cAudience\u201d performed by the Zahrada\u00a0travelling theatre<\/li>\n<li>Italy \u2013 \u201cThe Garden Party\u201d staged by Instituto Statale\u00a0D\u00b4Instruzione Superiore Borghese \u2013 Faranda<\/li>\n<li>Berl\u00edn \u2013 \u201cAnticodes\u201d staged by Neuk\u00f6llner Oper<\/li>\n<li>Prague \u2013 performance of \u201cAudience\u201d, by the Mal\u00e9\u00a0Vinohradsk\u00e9 civic association<\/li>\n<li>Prague \u2013 adaptation of the play \u201cMemorandum\u201d\u00a0on Czech Radio<\/li>\n<li>Catania, Italy \u2013 performance of \u201cBeggars\u2019 Opera\u201d by the Arcadia\u00a0&amp; Ricono Srl a Socio unico company<\/li>\n<li>Prague \u2013 performance of \u201cAudience\u201d by the Spitfire company,\u00a0Bezhlav\u00ed o.s.<\/li>\n<li>France \u2013 performance of the plays \u201cPrivate View\u201d, \u201cAudience\u201d\u00a0and \u201cProtest\u201d by Lux in Tenebris<\/li>\n<li>Istanbul \u2013 productions of \u201cLargo desolato\u201d and \u201cMemorandum\u201d<\/li>\n<li>Washington and New York \u2013 Mutual Inspirations Festival,\u00a0performances of \u201cAudience\u201d and \u201cProtest\u201d<\/li>\n<li>Bangkok \u2013 a Burmese translation of V\u00e1clav Havel\u2019s story \u201cThe\u00a0Pizh\u2019duks\u201d published by the Czech Embassy in Thailand<\/li>\n<li>Munich \u2013 \u201cNotes on Courage\u201d \u2013 published in German by the\u00a0Collegium Karolinum publishing house<\/li>\n<li>Italy \u2013 an excerpt from V\u00e1clav Havel\u2019s speech at Science-Po in\u00a0Paris on 22 October 2009 published in the daily La Repubblica<\/li>\n<li>Prague \u2013 \u201cS\u00e1m sob\u011b podez\u0159el\u00fd\u201d [Suspicious of myself ] published\u00a0by the V\u00e1clav Havel Library<\/li>\n<li>Georgia \u2013 the plays \u201cAudience\u201d, \u201cLargo Desolato\u201d, \u201cProtest\u201d,\u00a0\u201cTemptation\u201d and \u201cLeaving\u201d published by the Mtsignobari Publishing\u00a0House<\/li>\n<li>Poland \u2013 the play \u201cAudience\u201d published by the Instytut Ksiazki\u00a0in Krakow<\/li>\n<li>Ukraine\u2014\u201cFour and a Mistake\u201d (The Garden Party, The\u00a0Memorandum, The Increased Difficulty of Concentration,\u00a0Protest, Mistake)\u2014publication of V\u00e1clav Havel\u2019s dramatic\u00a0works by the Pyramida publishing house<\/li>\n<li>Ukraine\u2014V\u00e1clav Havel\u2019s Essays (Letter to Gustav Hus\u00e1k,\u00a0Erasmus Prize Acceptance Speech, The Story and\u00a0Totalitarianism, AWord about Words, Politics and\u00a0Conscience). Komora publishers.<\/li>\n<\/ul>\n","protected":false},"excerpt":{"rendered":"<p>Albania \u2013 republication of the book \u201cTo the Castle and Back\u201d Avignon \u2013 the Goose on a String theatre company&#8230;<\/p>\n","protected":false},"author":25,"featured_media":0,"parent":13236,"menu_order":0,"comment_status":"closed","ping_status":"closed","template":"","meta":{"_acf_changed":false,"footnotes":""},"class_list":["post-14199","page","type-page","status-publish","hentry"],"acf":[],"yoast_head":"<!-- This site is optimized with the Yoast SEO plugin v26.7 - https:\/\/yoast.com\/wordpress\/plugins\/seo\/ -->\n<title>Culture and Art - Vize 97<\/title>\n<meta name=\"robots\" content=\"index, follow, max-snippet:-1, max-image-preview:large, max-video-preview:-1\" \/>\n<link rel=\"canonical\" href=\"https:\/\/www.vize.cz\/en\/vaclav-havel\/vaclav-havels-legacy\/culture-and-art\/\" \/>\n<meta property=\"og:locale\" content=\"en_US\" \/>\n<meta property=\"og:type\" content=\"article\" \/>\n<meta property=\"og:title\" content=\"Culture and Art - Vize 97\" \/>\n<meta property=\"og:description\" content=\"Albania \u2013 republication of the book \u201cTo the Castle and Back\u201d Avignon \u2013 the Goose on a String theatre company...\" \/>\n<meta property=\"og:url\" content=\"https:\/\/www.vize.cz\/en\/vaclav-havel\/vaclav-havels-legacy\/culture-and-art\/\" \/>\n<meta property=\"og:site_name\" content=\"Vize 97\" \/>\n<meta property=\"article:modified_time\" content=\"2016-09-16T08:13:18+00:00\" \/>\n<meta name=\"twitter:label1\" content=\"Est. reading time\" \/>\n\t<meta name=\"twitter:data1\" content=\"4 minutes\" \/>\n<script type=\"application\/ld+json\" class=\"yoast-schema-graph\">{\"@context\":\"https:\/\/schema.org\",\"@graph\":[{\"@type\":\"WebPage\",\"@id\":\"https:\/\/www.vize.cz\/en\/vaclav-havel\/vaclav-havels-legacy\/culture-and-art\/\",\"url\":\"https:\/\/www.vize.cz\/en\/vaclav-havel\/vaclav-havels-legacy\/culture-and-art\/\",\"name\":\"Culture and Art - Vize 97\",\"isPartOf\":{\"@id\":\"https:\/\/www.vize.cz\/#website\"},\"datePublished\":\"2016-09-16T07:59:06+00:00\",\"dateModified\":\"2016-09-16T08:13:18+00:00\",\"breadcrumb\":{\"@id\":\"https:\/\/www.vize.cz\/en\/vaclav-havel\/vaclav-havels-legacy\/culture-and-art\/#breadcrumb\"},\"inLanguage\":\"en-US\",\"potentialAction\":[{\"@type\":\"ReadAction\",\"target\":[\"https:\/\/www.vize.cz\/en\/vaclav-havel\/vaclav-havels-legacy\/culture-and-art\/\"]}]},{\"@type\":\"BreadcrumbList\",\"@id\":\"https:\/\/www.vize.cz\/en\/vaclav-havel\/vaclav-havels-legacy\/culture-and-art\/#breadcrumb\",\"itemListElement\":[{\"@type\":\"ListItem\",\"position\":1,\"name\":\"\u00davod\",\"item\":\"https:\/\/www.vize.cz\/en\/\"},{\"@type\":\"ListItem\",\"position\":2,\"name\":\"V\u00e1clav Havel\",\"item\":\"https:\/\/www.vize.cz\/en\/vaclav-havel\/\"},{\"@type\":\"ListItem\",\"position\":3,\"name\":\"V\u00e1clav Havel&#8217;s Legacy\",\"item\":\"https:\/\/www.vize.cz\/en\/vaclav-havel\/vaclav-havels-legacy\/\"},{\"@type\":\"ListItem\",\"position\":4,\"name\":\"Culture and Art\"}]},{\"@type\":\"WebSite\",\"@id\":\"https:\/\/www.vize.cz\/#website\",\"url\":\"https:\/\/www.vize.cz\/\",\"name\":\"Vize 97\",\"description\":\"\",\"potentialAction\":[{\"@type\":\"SearchAction\",\"target\":{\"@type\":\"EntryPoint\",\"urlTemplate\":\"https:\/\/www.vize.cz\/?s={search_term_string}\"},\"query-input\":{\"@type\":\"PropertyValueSpecification\",\"valueRequired\":true,\"valueName\":\"search_term_string\"}}],\"inLanguage\":\"en-US\"}]}<\/script>\n<!-- \/ Yoast SEO plugin. -->","yoast_head_json":{"title":"Culture and Art - Vize 97","robots":{"index":"index","follow":"follow","max-snippet":"max-snippet:-1","max-image-preview":"max-image-preview:large","max-video-preview":"max-video-preview:-1"},"canonical":"https:\/\/www.vize.cz\/en\/vaclav-havel\/vaclav-havels-legacy\/culture-and-art\/","og_locale":"en_US","og_type":"article","og_title":"Culture and Art - Vize 97","og_description":"Albania \u2013 republication of the book \u201cTo the Castle and Back\u201d Avignon \u2013 the Goose on a String theatre company...","og_url":"https:\/\/www.vize.cz\/en\/vaclav-havel\/vaclav-havels-legacy\/culture-and-art\/","og_site_name":"Vize 97","article_modified_time":"2016-09-16T08:13:18+00:00","twitter_misc":{"Est. reading time":"4 minutes"},"schema":{"@context":"https:\/\/schema.org","@graph":[{"@type":"WebPage","@id":"https:\/\/www.vize.cz\/en\/vaclav-havel\/vaclav-havels-legacy\/culture-and-art\/","url":"https:\/\/www.vize.cz\/en\/vaclav-havel\/vaclav-havels-legacy\/culture-and-art\/","name":"Culture and Art - Vize 97","isPartOf":{"@id":"https:\/\/www.vize.cz\/#website"},"datePublished":"2016-09-16T07:59:06+00:00","dateModified":"2016-09-16T08:13:18+00:00","breadcrumb":{"@id":"https:\/\/www.vize.cz\/en\/vaclav-havel\/vaclav-havels-legacy\/culture-and-art\/#breadcrumb"},"inLanguage":"en-US","potentialAction":[{"@type":"ReadAction","target":["https:\/\/www.vize.cz\/en\/vaclav-havel\/vaclav-havels-legacy\/culture-and-art\/"]}]},{"@type":"BreadcrumbList","@id":"https:\/\/www.vize.cz\/en\/vaclav-havel\/vaclav-havels-legacy\/culture-and-art\/#breadcrumb","itemListElement":[{"@type":"ListItem","position":1,"name":"\u00davod","item":"https:\/\/www.vize.cz\/en\/"},{"@type":"ListItem","position":2,"name":"V\u00e1clav Havel","item":"https:\/\/www.vize.cz\/en\/vaclav-havel\/"},{"@type":"ListItem","position":3,"name":"V\u00e1clav Havel&#8217;s Legacy","item":"https:\/\/www.vize.cz\/en\/vaclav-havel\/vaclav-havels-legacy\/"},{"@type":"ListItem","position":4,"name":"Culture and Art"}]},{"@type":"WebSite","@id":"https:\/\/www.vize.cz\/#website","url":"https:\/\/www.vize.cz\/","name":"Vize 97","description":"","potentialAction":[{"@type":"SearchAction","target":{"@type":"EntryPoint","urlTemplate":"https:\/\/www.vize.cz\/?s={search_term_string}"},"query-input":{"@type":"PropertyValueSpecification","valueRequired":true,"valueName":"search_term_string"}}],"inLanguage":"en-US"}]}},"_links":{"self":[{"href":"https:\/\/www.vize.cz\/en\/wp-json\/wp\/v2\/pages\/14199","targetHints":{"allow":["GET"]}}],"collection":[{"href":"https:\/\/www.vize.cz\/en\/wp-json\/wp\/v2\/pages"}],"about":[{"href":"https:\/\/www.vize.cz\/en\/wp-json\/wp\/v2\/types\/page"}],"author":[{"embeddable":true,"href":"https:\/\/www.vize.cz\/en\/wp-json\/wp\/v2\/users\/25"}],"replies":[{"embeddable":true,"href":"https:\/\/www.vize.cz\/en\/wp-json\/wp\/v2\/comments?post=14199"}],"version-history":[{"count":3,"href":"https:\/\/www.vize.cz\/en\/wp-json\/wp\/v2\/pages\/14199\/revisions"}],"predecessor-version":[{"id":14202,"href":"https:\/\/www.vize.cz\/en\/wp-json\/wp\/v2\/pages\/14199\/revisions\/14202"}],"up":[{"embeddable":true,"href":"https:\/\/www.vize.cz\/en\/wp-json\/wp\/v2\/pages\/13236"}],"wp:attachment":[{"href":"https:\/\/www.vize.cz\/en\/wp-json\/wp\/v2\/media?parent=14199"}],"curies":[{"name":"wp","href":"https:\/\/api.w.org\/{rel}","templated":true}]}}