{"id":14203,"date":"2016-12-21T13:01:46","date_gmt":"2016-12-21T12:01:46","guid":{"rendered":"http:\/\/www.vize.cz\/en\/?page_id=14203"},"modified":"2020-12-11T10:18:01","modified_gmt":"2020-12-11T09:18:01","slug":"awards-named-vaclav-havel","status":"publish","type":"page","link":"https:\/\/www.vize.cz\/en\/vaclav-havel\/vaclav-havels-legacy\/awards-named-vaclav-havel\/","title":{"rendered":"Awards named after V\u00e1clav Havel"},"content":{"rendered":"<ul>\n<li><a href=\"https:\/\/www.vize.cz\/en\/culture\/the-vize-97-prize\/\">The Dagmar and V\u00e1clav Havel Foundation VIZE 97 Prize<\/a><\/li>\n<li>The V\u00e1clav Havel Prize for Creative Dissent<\/li>\n<li>The V\u00e1clav Havel Human Rights Prize<\/li>\n<li>The V\u00e1clav Havel Jury Prize<\/li>\n<li>The Ferdinand Van\u011bk Prize<\/li>\n<\/ul>\n","protected":false},"excerpt":{"rendered":"<p>The Dagmar and V\u00e1clav Havel Foundation VIZE 97 Prize The V\u00e1clav Havel Prize for Creative Dissent The V\u00e1clav Havel Human&#8230;<\/p>\n","protected":false},"author":25,"featured_media":0,"parent":13236,"menu_order":0,"comment_status":"closed","ping_status":"closed","template":"","meta":{"_acf_changed":false,"footnotes":""},"class_list":["post-14203","page","type-page","status-publish","hentry"],"acf":[],"yoast_head":"<!-- This site is optimized with the Yoast SEO plugin v26.7 - https:\/\/yoast.com\/wordpress\/plugins\/seo\/ -->\n<title>Awards named after V\u00e1clav Havel - Vize 97<\/title>\n<meta name=\"robots\" content=\"index, follow, max-snippet:-1, max-image-preview:large, max-video-preview:-1\" \/>\n<link rel=\"canonical\" href=\"https:\/\/www.vize.cz\/en\/vaclav-havel\/vaclav-havels-legacy\/awards-named-vaclav-havel\/\" \/>\n<meta property=\"og:locale\" content=\"en_US\" \/>\n<meta property=\"og:type\" content=\"article\" \/>\n<meta property=\"og:title\" content=\"Awards named after V\u00e1clav Havel - Vize 97\" \/>\n<meta property=\"og:description\" content=\"The Dagmar and V\u00e1clav Havel Foundation VIZE 97 Prize The V\u00e1clav Havel Prize for Creative Dissent The V\u00e1clav Havel Human...\" \/>\n<meta property=\"og:url\" content=\"https:\/\/www.vize.cz\/en\/vaclav-havel\/vaclav-havels-legacy\/awards-named-vaclav-havel\/\" \/>\n<meta property=\"og:site_name\" content=\"Vize 97\" \/>\n<meta property=\"article:modified_time\" content=\"2020-12-11T09:18:01+00:00\" \/>\n<script type=\"application\/ld+json\" class=\"yoast-schema-graph\">{\"@context\":\"https:\/\/schema.org\",\"@graph\":[{\"@type\":\"WebPage\",\"@id\":\"https:\/\/www.vize.cz\/en\/vaclav-havel\/vaclav-havels-legacy\/awards-named-vaclav-havel\/\",\"url\":\"https:\/\/www.vize.cz\/en\/vaclav-havel\/vaclav-havels-legacy\/awards-named-vaclav-havel\/\",\"name\":\"Awards named after V\u00e1clav Havel - Vize 97\",\"isPartOf\":{\"@id\":\"https:\/\/www.vize.cz\/#website\"},\"datePublished\":\"2016-12-21T12:01:46+00:00\",\"dateModified\":\"2020-12-11T09:18:01+00:00\",\"breadcrumb\":{\"@id\":\"https:\/\/www.vize.cz\/en\/vaclav-havel\/vaclav-havels-legacy\/awards-named-vaclav-havel\/#breadcrumb\"},\"inLanguage\":\"en-US\",\"potentialAction\":[{\"@type\":\"ReadAction\",\"target\":[\"https:\/\/www.vize.cz\/en\/vaclav-havel\/vaclav-havels-legacy\/awards-named-vaclav-havel\/\"]}]},{\"@type\":\"BreadcrumbList\",\"@id\":\"https:\/\/www.vize.cz\/en\/vaclav-havel\/vaclav-havels-legacy\/awards-named-vaclav-havel\/#breadcrumb\",\"itemListElement\":[{\"@type\":\"ListItem\",\"position\":1,\"name\":\"\u00davod\",\"item\":\"https:\/\/www.vize.cz\/en\/\"},{\"@type\":\"ListItem\",\"position\":2,\"name\":\"V\u00e1clav Havel\",\"item\":\"https:\/\/www.vize.cz\/en\/vaclav-havel\/\"},{\"@type\":\"ListItem\",\"position\":3,\"name\":\"V\u00e1clav Havel&#8217;s Legacy\",\"item\":\"https:\/\/www.vize.cz\/en\/vaclav-havel\/vaclav-havels-legacy\/\"},{\"@type\":\"ListItem\",\"position\":4,\"name\":\"Awards named after V\u00e1clav Havel\"}]},{\"@type\":\"WebSite\",\"@id\":\"https:\/\/www.vize.cz\/#website\",\"url\":\"https:\/\/www.vize.cz\/\",\"name\":\"Vize 97\",\"description\":\"\",\"potentialAction\":[{\"@type\":\"SearchAction\",\"target\":{\"@type\":\"EntryPoint\",\"urlTemplate\":\"https:\/\/www.vize.cz\/?s={search_term_string}\"},\"query-input\":{\"@type\":\"PropertyValueSpecification\",\"valueRequired\":true,\"valueName\":\"search_term_string\"}}],\"inLanguage\":\"en-US\"}]}<\/script>\n<!-- \/ Yoast SEO plugin. -->","yoast_head_json":{"title":"Awards named after V\u00e1clav Havel - Vize 97","robots":{"index":"index","follow":"follow","max-snippet":"max-snippet:-1","max-image-preview":"max-image-preview:large","max-video-preview":"max-video-preview:-1"},"canonical":"https:\/\/www.vize.cz\/en\/vaclav-havel\/vaclav-havels-legacy\/awards-named-vaclav-havel\/","og_locale":"en_US","og_type":"article","og_title":"Awards named after V\u00e1clav Havel - Vize 97","og_description":"The Dagmar and V\u00e1clav Havel Foundation VIZE 97 Prize The V\u00e1clav Havel Prize for Creative Dissent The V\u00e1clav Havel Human...","og_url":"https:\/\/www.vize.cz\/en\/vaclav-havel\/vaclav-havels-legacy\/awards-named-vaclav-havel\/","og_site_name":"Vize 97","article_modified_time":"2020-12-11T09:18:01+00:00","schema":{"@context":"https:\/\/schema.org","@graph":[{"@type":"WebPage","@id":"https:\/\/www.vize.cz\/en\/vaclav-havel\/vaclav-havels-legacy\/awards-named-vaclav-havel\/","url":"https:\/\/www.vize.cz\/en\/vaclav-havel\/vaclav-havels-legacy\/awards-named-vaclav-havel\/","name":"Awards named after V\u00e1clav Havel - Vize 97","isPartOf":{"@id":"https:\/\/www.vize.cz\/#website"},"datePublished":"2016-12-21T12:01:46+00:00","dateModified":"2020-12-11T09:18:01+00:00","breadcrumb":{"@id":"https:\/\/www.vize.cz\/en\/vaclav-havel\/vaclav-havels-legacy\/awards-named-vaclav-havel\/#breadcrumb"},"inLanguage":"en-US","potentialAction":[{"@type":"ReadAction","target":["https:\/\/www.vize.cz\/en\/vaclav-havel\/vaclav-havels-legacy\/awards-named-vaclav-havel\/"]}]},{"@type":"BreadcrumbList","@id":"https:\/\/www.vize.cz\/en\/vaclav-havel\/vaclav-havels-legacy\/awards-named-vaclav-havel\/#breadcrumb","itemListElement":[{"@type":"ListItem","position":1,"name":"\u00davod","item":"https:\/\/www.vize.cz\/en\/"},{"@type":"ListItem","position":2,"name":"V\u00e1clav Havel","item":"https:\/\/www.vize.cz\/en\/vaclav-havel\/"},{"@type":"ListItem","position":3,"name":"V\u00e1clav Havel&#8217;s Legacy","item":"https:\/\/www.vize.cz\/en\/vaclav-havel\/vaclav-havels-legacy\/"},{"@type":"ListItem","position":4,"name":"Awards named after V\u00e1clav Havel"}]},{"@type":"WebSite","@id":"https:\/\/www.vize.cz\/#website","url":"https:\/\/www.vize.cz\/","name":"Vize 97","description":"","potentialAction":[{"@type":"SearchAction","target":{"@type":"EntryPoint","urlTemplate":"https:\/\/www.vize.cz\/?s={search_term_string}"},"query-input":{"@type":"PropertyValueSpecification","valueRequired":true,"valueName":"search_term_string"}}],"inLanguage":"en-US"}]}},"_links":{"self":[{"href":"https:\/\/www.vize.cz\/en\/wp-json\/wp\/v2\/pages\/14203","targetHints":{"allow":["GET"]}}],"collection":[{"href":"https:\/\/www.vize.cz\/en\/wp-json\/wp\/v2\/pages"}],"about":[{"href":"https:\/\/www.vize.cz\/en\/wp-json\/wp\/v2\/types\/page"}],"author":[{"embeddable":true,"href":"https:\/\/www.vize.cz\/en\/wp-json\/wp\/v2\/users\/25"}],"replies":[{"embeddable":true,"href":"https:\/\/www.vize.cz\/en\/wp-json\/wp\/v2\/comments?post=14203"}],"version-history":[{"count":6,"href":"https:\/\/www.vize.cz\/en\/wp-json\/wp\/v2\/pages\/14203\/revisions"}],"predecessor-version":[{"id":20509,"href":"https:\/\/www.vize.cz\/en\/wp-json\/wp\/v2\/pages\/14203\/revisions\/20509"}],"up":[{"embeddable":true,"href":"https:\/\/www.vize.cz\/en\/wp-json\/wp\/v2\/pages\/13236"}],"wp:attachment":[{"href":"https:\/\/www.vize.cz\/en\/wp-json\/wp\/v2\/media?parent=14203"}],"curies":[{"name":"wp","href":"https:\/\/api.w.org\/{rel}","templated":true}]}}