{"id":16470,"date":"2020-06-12T11:41:36","date_gmt":"2020-06-12T10:41:36","guid":{"rendered":"https:\/\/www.vize.cz\/en\/?page_id=16470"},"modified":"2020-06-16T12:30:38","modified_gmt":"2020-06-16T11:30:38","slug":"education","status":"publish","type":"page","link":"https:\/\/www.vize.cz\/en\/education\/","title":{"rendered":"Education"},"content":{"rendered":"<h1>Support for musically Talented Students<\/h1>\n<p>Support for Musically Talented Students is a new project that loosely follows on from the Education Support project established by the Dagmar and V\u00e1clav Havel Foundation VIZE 97 in 1999. During its 15 years of existence that project of the VIZE 97 Foundation supported a total of 119 students, who received grants totalling 4,547,000 crowns. As part of the project the Foundation also awarded the \u201cRecognition for the Philosophy of Education and for the Renewal of University Ideas\u201d prize seven times<br \/>\nThe new project was initiated by the VIZE 97 Foundation in April 2019, when it set out the conditions for applications.<\/p>\n<p>The project is aimed solely at the cultural sphere and its goal is to support musically talented students from the ages of 14 to 20 who are socially disadvantaged and have permanent residence in the Czech Republic, and help them develop their talent.<br \/>\nSeven applications were received from students who fulfilled the conditions, and three of them received financial support totally 140,000 crowns: Martin \u0160ulc, who is studying the accordion, Sabina Sn\u00ed\u017ekov\u00e1, who plays the flute, and Kate\u0159ina Strakov\u00e1, who is a solo singer.<br \/>\nAssistance with the demanding task of assessing their talent and selecting the finalists was rendered by a long-term associate of the Foundation and former recipient of an education grant Mr Ond\u0159ej L\u00e9br, who is now a successful musician and music teacher and fosters interest in music among the younger generation.<br \/>\nDiplomas for the successful applicants were created by the renowned artist Ji\u0159\u00ed Plie\u0161tik, and they were formally presented to the students by Mrs Dagmar Havlov\u00e1 at a gathering attended by Mr Ond\u0159ej L\u00e9br and Dr Gerhardt Bubn\u00edk, whose sponsorship gift enabled the project to come into being.<br \/>\nPart of the support for the students was the opportunity for them to perform publicly at the Prague Crossroads during the St Nicholas Charity Bazaar. The students performed their own repertoire, and also rehearsed compositions in which they played together. Their performances contributed to the festive pre-Christmas atmosphere and was greatly appreciated by visitors to the bazaar.<\/p>\n","protected":false},"excerpt":{"rendered":"<p>Support for musically Talented Students Support for Musically Talented Students is a new project that loosely follows on from the&#8230;<\/p>\n","protected":false},"author":25,"featured_media":0,"parent":0,"menu_order":0,"comment_status":"closed","ping_status":"closed","template":"","meta":{"_acf_changed":false,"footnotes":""},"class_list":["post-16470","page","type-page","status-publish","hentry"],"acf":[],"yoast_head":"<!-- This site is optimized with the Yoast SEO plugin v26.7 - https:\/\/yoast.com\/wordpress\/plugins\/seo\/ -->\n<title>Education - Vize 97<\/title>\n<meta name=\"robots\" content=\"index, follow, max-snippet:-1, max-image-preview:large, max-video-preview:-1\" \/>\n<link rel=\"canonical\" href=\"https:\/\/www.vize.cz\/en\/education\/\" \/>\n<meta property=\"og:locale\" content=\"en_US\" \/>\n<meta property=\"og:type\" content=\"article\" \/>\n<meta property=\"og:title\" content=\"Education - Vize 97\" \/>\n<meta property=\"og:description\" content=\"Support for musically Talented Students Support for Musically Talented Students is a new project that loosely follows on from the...\" \/>\n<meta property=\"og:url\" content=\"https:\/\/www.vize.cz\/en\/education\/\" \/>\n<meta property=\"og:site_name\" content=\"Vize 97\" \/>\n<meta property=\"article:modified_time\" content=\"2020-06-16T11:30:38+00:00\" \/>\n<meta name=\"twitter:label1\" content=\"Est. reading time\" \/>\n\t<meta name=\"twitter:data1\" content=\"2 minutes\" \/>\n<script type=\"application\/ld+json\" class=\"yoast-schema-graph\">{\"@context\":\"https:\/\/schema.org\",\"@graph\":[{\"@type\":\"WebPage\",\"@id\":\"https:\/\/www.vize.cz\/en\/education\/\",\"url\":\"https:\/\/www.vize.cz\/en\/education\/\",\"name\":\"Education - Vize 97\",\"isPartOf\":{\"@id\":\"https:\/\/www.vize.cz\/#website\"},\"datePublished\":\"2020-06-12T10:41:36+00:00\",\"dateModified\":\"2020-06-16T11:30:38+00:00\",\"breadcrumb\":{\"@id\":\"https:\/\/www.vize.cz\/en\/education\/#breadcrumb\"},\"inLanguage\":\"en-US\",\"potentialAction\":[{\"@type\":\"ReadAction\",\"target\":[\"https:\/\/www.vize.cz\/en\/education\/\"]}]},{\"@type\":\"BreadcrumbList\",\"@id\":\"https:\/\/www.vize.cz\/en\/education\/#breadcrumb\",\"itemListElement\":[{\"@type\":\"ListItem\",\"position\":1,\"name\":\"\u00davod\",\"item\":\"https:\/\/www.vize.cz\/en\/\"},{\"@type\":\"ListItem\",\"position\":2,\"name\":\"Education\"}]},{\"@type\":\"WebSite\",\"@id\":\"https:\/\/www.vize.cz\/#website\",\"url\":\"https:\/\/www.vize.cz\/\",\"name\":\"Vize 97\",\"description\":\"\",\"potentialAction\":[{\"@type\":\"SearchAction\",\"target\":{\"@type\":\"EntryPoint\",\"urlTemplate\":\"https:\/\/www.vize.cz\/?s={search_term_string}\"},\"query-input\":{\"@type\":\"PropertyValueSpecification\",\"valueRequired\":true,\"valueName\":\"search_term_string\"}}],\"inLanguage\":\"en-US\"}]}<\/script>\n<!-- \/ Yoast SEO plugin. -->","yoast_head_json":{"title":"Education - Vize 97","robots":{"index":"index","follow":"follow","max-snippet":"max-snippet:-1","max-image-preview":"max-image-preview:large","max-video-preview":"max-video-preview:-1"},"canonical":"https:\/\/www.vize.cz\/en\/education\/","og_locale":"en_US","og_type":"article","og_title":"Education - Vize 97","og_description":"Support for musically Talented Students Support for Musically Talented Students is a new project that loosely follows on from the...","og_url":"https:\/\/www.vize.cz\/en\/education\/","og_site_name":"Vize 97","article_modified_time":"2020-06-16T11:30:38+00:00","twitter_misc":{"Est. reading time":"2 minutes"},"schema":{"@context":"https:\/\/schema.org","@graph":[{"@type":"WebPage","@id":"https:\/\/www.vize.cz\/en\/education\/","url":"https:\/\/www.vize.cz\/en\/education\/","name":"Education - Vize 97","isPartOf":{"@id":"https:\/\/www.vize.cz\/#website"},"datePublished":"2020-06-12T10:41:36+00:00","dateModified":"2020-06-16T11:30:38+00:00","breadcrumb":{"@id":"https:\/\/www.vize.cz\/en\/education\/#breadcrumb"},"inLanguage":"en-US","potentialAction":[{"@type":"ReadAction","target":["https:\/\/www.vize.cz\/en\/education\/"]}]},{"@type":"BreadcrumbList","@id":"https:\/\/www.vize.cz\/en\/education\/#breadcrumb","itemListElement":[{"@type":"ListItem","position":1,"name":"\u00davod","item":"https:\/\/www.vize.cz\/en\/"},{"@type":"ListItem","position":2,"name":"Education"}]},{"@type":"WebSite","@id":"https:\/\/www.vize.cz\/#website","url":"https:\/\/www.vize.cz\/","name":"Vize 97","description":"","potentialAction":[{"@type":"SearchAction","target":{"@type":"EntryPoint","urlTemplate":"https:\/\/www.vize.cz\/?s={search_term_string}"},"query-input":{"@type":"PropertyValueSpecification","valueRequired":true,"valueName":"search_term_string"}}],"inLanguage":"en-US"}]}},"_links":{"self":[{"href":"https:\/\/www.vize.cz\/en\/wp-json\/wp\/v2\/pages\/16470","targetHints":{"allow":["GET"]}}],"collection":[{"href":"https:\/\/www.vize.cz\/en\/wp-json\/wp\/v2\/pages"}],"about":[{"href":"https:\/\/www.vize.cz\/en\/wp-json\/wp\/v2\/types\/page"}],"author":[{"embeddable":true,"href":"https:\/\/www.vize.cz\/en\/wp-json\/wp\/v2\/users\/25"}],"replies":[{"embeddable":true,"href":"https:\/\/www.vize.cz\/en\/wp-json\/wp\/v2\/comments?post=16470"}],"version-history":[{"count":2,"href":"https:\/\/www.vize.cz\/en\/wp-json\/wp\/v2\/pages\/16470\/revisions"}],"predecessor-version":[{"id":16557,"href":"https:\/\/www.vize.cz\/en\/wp-json\/wp\/v2\/pages\/16470\/revisions\/16557"}],"wp:attachment":[{"href":"https:\/\/www.vize.cz\/en\/wp-json\/wp\/v2\/media?parent=16470"}],"curies":[{"name":"wp","href":"https:\/\/api.w.org\/{rel}","templated":true}]}}